{"id":6877,"date":"2016-10-06T10:30:10","date_gmt":"2016-10-06T07:30:10","guid":{"rendered":"https:\/\/e-flore.store\/en\/?page_id=6877"},"modified":"2026-02-20T11:47:40","modified_gmt":"2026-02-20T09:47:40","slug":"products","status":"publish","type":"page","link":"https:\/\/e-flore.store\/de\/","title":{"rendered":"PRODUKTE"},"content":{"rendered":"<section class=\"l-section wpb_row height_custom\"><div class=\"l-section-h i-cf\"><div class=\"g-cols vc_row via_flex valign_top type_default stacking_default\"><div class=\"vc_col-sm-12 wpb_column vc_column_container\"><div class=\"vc_column-inner\"><div class=\"wpb_wrapper\"><div class=\"w-separator size_small with_line width_default thick_3 style_solid color_primary align_center\"><div class=\"w-separator-h\"><\/div><\/div><div class=\"g-cols wpb_row via_flex valign_top type_default stacking_default\"><div class=\"vc_col-sm-3 wpb_column vc_column_container\"><div class=\"vc_column-inner\"><div class=\"wpb_wrapper\"><div class=\"wpb_widgetised_column wpb_content_element us_custom_1b04de86\"><div class=\"wpb_wrapper\"><div id=\"woocommerce_product_categories-3\" class=\"widget woocommerce widget_product_categories\"><ul class=\"product-categories\"><li class=\"cat-item cat-item-354 cat-parent\"><a href=\"https:\/\/e-flore.store\/de\/produkt-kategorie\/flore-chemie-produkte\/\">FLORE CHEMIE PRODUKTE<\/a><\/li>\n<li class=\"cat-item cat-item-415 cat-parent\"><a href=\"https:\/\/e-flore.store\/de\/produkt-kategorie\/chemie-spezial-produkte\/\">CHEMIE-SPEZIAL PRODUKTE<\/a><\/li>\n<\/ul><\/div><\/div><\/div><div class=\"w-separator size_small with_line width_default thick_3 style_solid color_primary align_center\"><div class=\"w-separator-h\"><\/div><\/div><div class=\"wpb_text_column\"><div class=\"wpb_wrapper\"><h3><span>Qualit\u00e4t<\/span><\/h3>\n<\/div><\/div><div class=\"w-separator size_small\"><\/div><div class=\"w-image align_none\"><div class=\"w-image-h\"><img decoding=\"async\" width=\"502\" height=\"197\" src=\"https:\/\/e-flore.store\/wp-content\/uploads\/2026\/02\/Screen-Shot-2012-01-30-at-15.21.01.png\" class=\"attachment-large size-large\" alt=\"\" loading=\"lazy\" srcset=\"https:\/\/e-flore.store\/wp-content\/uploads\/2026\/02\/Screen-Shot-2012-01-30-at-15.21.01.png 502w, https:\/\/e-flore.store\/wp-content\/uploads\/2026\/02\/Screen-Shot-2012-01-30-at-15.21.01-300x118.png 300w\" sizes=\"auto, (max-width: 502px) 100vw, 502px\" \/><\/div><\/div><div class=\"w-separator size_small\"><\/div><div class=\"w-image align_none\"><div class=\"w-image-h\"><img decoding=\"async\" width=\"300\" height=\"127\" src=\"https:\/\/e-flore.store\/wp-content\/uploads\/2026\/02\/dekra-vaike-7.jpg\" class=\"attachment-large size-large\" alt=\"\" loading=\"lazy\" \/><\/div><\/div><div class=\"w-separator size_small\"><\/div><div class=\"w-image align_none\"><div class=\"w-image-h\"><img decoding=\"async\" width=\"200\" height=\"79\" src=\"https:\/\/e-flore.store\/wp-content\/uploads\/2026\/02\/Made-in-Germany-200-222.jpg\" class=\"attachment-large size-large\" alt=\"\" loading=\"lazy\" \/><\/div><\/div><div class=\"w-separator size_small with_line width_default thick_3 style_solid color_primary align_center\"><div class=\"w-separator-h\"><\/div><\/div><div class=\"wpb_text_column\"><div class=\"wpb_wrapper\"><h3><span>Logistik<\/span><\/h3>\n<\/div><\/div><div class=\"w-separator size_small\"><\/div><div class=\"w-image align_none\"><div class=\"w-image-h\"><img decoding=\"async\" width=\"270\" height=\"40\" src=\"https:\/\/e-flore.store\/wp-content\/uploads\/2026\/02\/logo-cargomax.png\" class=\"attachment-large size-large\" alt=\"\" loading=\"lazy\" \/><\/div><\/div><div class=\"w-separator size_small\"><\/div><div class=\"w-image align_none\"><div class=\"w-image-h\"><img decoding=\"async\" width=\"980\" height=\"468\" src=\"https:\/\/e-flore.store\/wp-content\/uploads\/2026\/02\/pickup_logo-1024x489.jpg\" class=\"attachment-large size-large\" alt=\"\" loading=\"lazy\" srcset=\"https:\/\/e-flore.store\/wp-content\/uploads\/2026\/02\/pickup_logo-1024x489.jpg 1024w, https:\/\/e-flore.store\/wp-content\/uploads\/2026\/02\/pickup_logo-scaled-600x287.jpg 600w, https:\/\/e-flore.store\/wp-content\/uploads\/2026\/02\/pickup_logo-300x143.jpg 300w\" sizes=\"auto, (max-width: 980px) 100vw, 980px\" \/><\/div><\/div><\/div><\/div><\/div><div class=\"vc_col-sm-9 wpb_column vc_column_container\"><div class=\"vc_column-inner\"><div class=\"wpb_wrapper\"><div class=\"wpb_text_column\"><div class=\"wpb_wrapper\"><h3><span>Information f\u00fcr Kunden<\/span><\/h3>\n<div class=\"innerin txt\">\n<p>&nbsp;<\/p>\n<p><b>Produktbestellung:<\/b><\/p>\n<p>Alle im Produktkatalog angegebenen Preise verstehen sich zuz\u00fcglich Mehrwertsteuer. Die Versandkosten sind nicht im Preis inbegriffen.<\/p>\n<p>1. W\u00e4hlen Sie die Produkte im Produktkatalog aus, die Sie bestellen m\u00f6chten, und den Button \u201eKaufen\u201d anklicken.<\/p>\n<p>2. Wenn die gew\u00fcnschten Artikel im Warenkorb sind, dann klicken Sie auf \u201eWarenkorb ansehen\u201c.<\/p>\n<p>3. Falls es n\u00f6tig ist, dann k\u00f6nnen Sie \u00c4nderungen im Warenkorb vornehmen.<\/p>\n<p>4. Bitte f\u00fcllen Sie die Informationen \u00fcber Sie aus, in dem Sie Ihren Namen, E-Mail, Telefonnummer, Lieferadresse (falls Sie die Ware geliefert bekommen m\u00f6chten) angeben. Zu zus\u00e4tzlichen Kommentaren schreiben Sie, wer ist K\u00e4ufer \u2013 juristische oder private Person, geben Sie Ihren Namen und ID-Nummer, oder Firmenname, Handelsregisternummer und Firmensitz, sowie die Zahlungsart an. Die Zahlung erfolgt per Bank\u00fcberweisung.<\/p>\n<p>5. Best\u00e4tigen Sie Ihre Bestellung durch Klicken des Buttons \u201eBestellen\u201c.<\/p>\n<p>6. Nach Absenden der Bestellung erhalten Sie per E-Mail eine Bestellbest\u00e4tigung und unser Handelsberater wird mit Ihnen in Verbindung setzen, um nochmals die Bestellung zu best\u00e4tigen und um die Zahlungsart und Lieferzeit mitzuteilen.<\/p>\n<p>7. Die einzelnen Versandkosten richten sich entsprechend der Gr\u00f6\u00dfe der Bestellung und dem Lieferort.<\/p>\n<p>8. Die Ware wird von unserem Lieferservice geliefert.<\/p>\n<p>Telefon \u2013<span>\u00a0<\/span><b>+371 27157749<\/b><\/p>\n<p>&nbsp;<\/p>\n<p><b>Zahlungsarten:<\/b><\/p>\n<p>Bank\u00fcberweisung<\/p>\n<p>Nach Absenden der Bestellung erhalten Sie per E-Mail eine Bestellbest\u00e4tigung und unser Handelsberater wird mit Ihnen in Verbindung setzen. Sie erhalten von ihm nochmals eine Bestellbest\u00e4tigung, als auch Informationen \u00fcber Lieferzeit und eine Vorausrechnung. Nach Zahlungseingang erhalten Sie die Ware. Das Rechnungsoriginal und Lieferschein erhalten Sie zusammen mit der Ware.<\/p>\n<p>&nbsp;<\/p>\n<p><b>Lieferung<\/b><\/p>\n<p>Versandkosten werden f\u00fcr jede Bestellung individuell ermittelt.<\/p>\n<p>Die Lieferung erfolgt bis zur Haus-\/Wohnungst\u00fcr.<\/p>\n<p>Innerhalb der Stadt C\u0113sis liefern wir portofrei.<\/p>\n<p>Lieferung innerhalb Lettlands (au\u00dferhalb C\u0113sis) \u2013 gem\u00e4\u00df vom Lieferservice bestimmten Preisen.<\/p>\n<p>Ab EUR 500,00 Warenwert liefern wir innerhalb Lettlands portofrei.<\/p>\n<p>Die einzelnen Versandkosten richten sich entsprechend dem Lieferort und dem Gewicht der Bestellung (fragen Sie unsere Berater).<\/p>\n<p>Die Ware wird innerhalb von 3 &#8211; 14 Tagen nach Zahlungseingang geliefert.<\/p>\n<p>&nbsp;<\/p>\n<p><b>Weitere Bedingungen:<\/b><\/p>\n<p>Die auf der Webseite www.e-flore.lv angezeigten Produktbilder und Preise dienen nur zur Information. Die auf dieser Website enthaltenen Informationen sind rechtlich nicht verbindlich. Da der Produkthersteller an die Fortentwicklung stetig arbeitet, k\u00f6nnen wir nicht die absolute Genauigkeit der Information beim jeweiligen Besuch der Webseite gew\u00e4hrleisten.<\/p>\n<p>Die Beschreibungen und Gebrauchsanweisungen unserer Merkbl\u00e4tter st\u00fctzen sich auf den heutigen Stand unserer Kenntnisse und Erfahrungen. Da die Anwendung au\u00dferhalb unseres Einflusses liegt und ihre Gegebenheiten nicht s\u00e4mtlich vorhersehbar sind, k\u00f6nnen wir keine Garantie f\u00fcr die Erreichung des jeweils vom Verwender bezweckten Erfolges und keine Haftung f\u00fcr Sch\u00e4den \u00fcbernehmen, die sich eventuell aus der Anwendung ergeben. Dies gilt jedoch nicht, wenn derartige Sch\u00e4den nachweisbar durch nicht ordnungsgem\u00e4\u00dfe Beschaffenheit oder Zusammensetzung des Produktes entstanden sind.<\/p>\n<p>Auf Anfrage stellen wir Ihnen die Kopien der Konformit\u00e4tsbescheinigungen zur Verf\u00fcgung.<\/p>\n<p>Wenn Sie noch Fragen oder W\u00fcnsche haben, erreichen Sie uns unter die Tel. Nr. +371 27157749 oder per E-mail<span> <a href=\"mailto:info@e-flore.lv\">info@e-flore.lv<\/a>.<\/span><\/p>\n<\/div>\n<\/div><\/div><\/div><\/div><\/div><\/div><\/div><\/div><\/div><\/div><\/div><\/section>\n","protected":false},"excerpt":{"rendered":"FLORE CHEMIE PRODUKTE CHEMIE-SPEZIAL PRODUKTE Qualit\u00e4t Logistik Information f\u00fcr Kunden &nbsp; Produktbestellung: Alle im Produktkatalog angegebenen Preise verstehen sich zuz\u00fcglich Mehrwertsteuer. Die Versandkosten sind nicht im Preis inbegriffen. 1. W\u00e4hlen Sie die Produkte im Produktkatalog aus, die Sie bestellen m\u00f6chten, und den Button \u201eKaufen\u201d anklicken. 2. Wenn die gew\u00fcnschten Artikel im Warenkorb sind, dann klicken...","protected":false},"author":1,"featured_media":0,"parent":0,"menu_order":0,"comment_status":"closed","ping_status":"closed","template":"","meta":{"footnotes":""},"class_list":["post-6877","page","type-page","status-publish","hentry"],"_links":{"self":[{"href":"https:\/\/e-flore.store\/de\/wp-json\/wp\/v2\/pages\/6877","targetHints":{"allow":["GET"]}}],"collection":[{"href":"https:\/\/e-flore.store\/de\/wp-json\/wp\/v2\/pages"}],"about":[{"href":"https:\/\/e-flore.store\/de\/wp-json\/wp\/v2\/types\/page"}],"author":[{"embeddable":true,"href":"https:\/\/e-flore.store\/de\/wp-json\/wp\/v2\/users\/1"}],"replies":[{"embeddable":true,"href":"https:\/\/e-flore.store\/de\/wp-json\/wp\/v2\/comments?post=6877"}],"version-history":[{"count":9,"href":"https:\/\/e-flore.store\/de\/wp-json\/wp\/v2\/pages\/6877\/revisions"}],"predecessor-version":[{"id":8062,"href":"https:\/\/e-flore.store\/de\/wp-json\/wp\/v2\/pages\/6877\/revisions\/8062"}],"wp:attachment":[{"href":"https:\/\/e-flore.store\/de\/wp-json\/wp\/v2\/media?parent=6877"}],"curies":[{"name":"wp","href":"https:\/\/api.w.org\/{rel}","templated":true}]}}