{"id":6892,"date":"2026-02-06T06:34:23","date_gmt":"2026-02-06T04:34:23","guid":{"rendered":"https:\/\/e-flore.store\/en\/?page_id=6892"},"modified":"2026-02-10T15:45:38","modified_gmt":"2026-02-10T13:45:38","slug":"karriere","status":"publish","type":"page","link":"https:\/\/e-flore.store\/de\/karriere\/","title":{"rendered":"KARRIERE"},"content":{"rendered":"<section class=\"l-section wpb_row height_custom\"><div class=\"l-section-h i-cf\"><div class=\"g-cols vc_row via_flex valign_top type_default stacking_default\"><div class=\"vc_col-sm-12 wpb_column vc_column_container\"><div class=\"vc_column-inner\"><div class=\"wpb_wrapper\"><div class=\"w-separator size_small with_line width_default thick_3 style_solid color_primary align_center\"><div class=\"w-separator-h\"><\/div><\/div><div class=\"g-cols wpb_row via_flex valign_top type_default stacking_default\"><div class=\"vc_col-sm-6 wpb_column vc_column_container\"><div class=\"vc_column-inner\"><div class=\"wpb_wrapper\"><div class=\"wpb_text_column\"><div class=\"wpb_wrapper\"><h3><span>Karriere<\/span><\/h3>\n<\/div><\/div><div class=\"w-separator size_small\"><\/div><div class=\"wpb_text_column\"><div class=\"wpb_wrapper\"><p>SIA CHEMIE SPEZIAL ist der offizielle Vertreter der Firma FLORE-CHEMIE GmbH in Lettland. Unser Unternehmen ist Mitglied bei der Deutsch-Baltischen Handelskammer in Estland, Lettland, Litauen.<\/p>\n<div class=\"innerin txt\">\n<p>Zur Unterst\u00fctzung des vorhandenen und zur Erweiterung des potenziellen Kundenkreises suchen wir hochmotivierte und dynamische Handelsvertreter: \u2022 Handelsvertreter mit entsprechender Erfahrung \u00fcber die angebotenen Produkte und mit Erfahrung im Verkauf in Regionen und in der Stadt Riga, \u2022 Im Unternehmen zust\u00e4ndige Personen f\u00fcr die Anschaffung der Produkte f\u00fcr unternehmerische Bed\u00fcrfnisse. Sie k\u00f6nnen Ihre Arbeit nach eigenen Bedingungen und Einsichten organisieren: \u2022 Mit potenziellen Kunden pers\u00f6nlich treffen oder zu Networking-Treffen gehen, \u2022 Vollzeit-, Teilzeitarbeit oder ohne bestimmter Arbeitszeit, \u2022 Morgens, tags\u00fcber oder abends.<\/p>\n<p>Alles ist so organisiert, dass Sie Ihre Arbeit und Ihr Gesch\u00e4ft von jeder Stelle auf der Welt erledigen k\u00f6nnen \u2013 leicht und ohne Hindernisse. Die Aufgabe der Bestellungen erfolgt online, in dem die Bestellung an die angegebene Adresse des Handelsvertreters geschickt wird. Danach werden die Produkte durch Lieferservice an die vom Kunden angegeben Adresse geliefert. F\u00fcr jeden Einkauf auf Ihre Empfehlung (Ihre Handelsvertreter ID-Nummer) erhalten Sie dann eine Provision gem\u00e4\u00df der vom Unternehmen festgelegten Bedingungen \u2013 in H\u00f6he von 15%, 20% und 25% von der Gesamtsumme der verkauften Artikel.<\/p>\n<p>Unser Unternehmen garantiert Ihnen: \u2022 regelm\u00e4\u00dfige Herstellung und Lieferung von Produkten, \u2022 Herstellung neuer Produkte, \u2022 Buchhaltung, \u2022 Erledigung juristischer Unterlagen f\u00fcr internationalen Markt, \u2022 entsprechende Zertifizierungen, \u2022 klinische Untersuchungen, \u2022 Logistik u.a.<\/p>\n<p>Sie m\u00f6chten uns beitreten, um mit Ihren Kenntnisse und Ihre Arbeit die Bed\u00fcrfnisse unserer vorhandenen und potenziellen Kunden zu befriedigen \u2013 wir bieten qualifizierte Unterst\u00fctzung und Ihren F\u00e4higkeiten entsprechende Belohnung.<\/p>\n<p>Zeigen Sie Ihr Engagement! Wir hoffen auf Ihre Bewerbung!<\/p>\n<p>Ihr Leben \u2013 Ihre Arbeit \u2013 Ihr Business \u2013 Ihre Freiheit!<\/p>\n<\/div>\n<\/div><\/div><\/div><\/div><\/div><div class=\"vc_col-sm-6 wpb_column vc_column_container\"><div class=\"vc_column-inner\"><div class=\"wpb_wrapper\"><div class=\"w-image align_none\"><div class=\"w-image-h\"><img decoding=\"async\" width=\"475\" height=\"468\" src=\"https:\/\/e-flore.store\/wp-content\/uploads\/2026\/02\/Career-4.jpg\" class=\"attachment-large size-large\" alt=\"\" loading=\"lazy\" srcset=\"https:\/\/e-flore.store\/wp-content\/uploads\/2026\/02\/Career-4.jpg 475w, https:\/\/e-flore.store\/wp-content\/uploads\/2026\/02\/Career-4-300x296.jpg 300w\" sizes=\"auto, (max-width: 475px) 100vw, 475px\" \/><\/div><\/div><\/div><\/div><\/div><\/div><div class=\"w-separator size_small with_line width_default thick_3 style_solid color_primary align_center\"><div class=\"w-separator-h\"><\/div><\/div><\/div><\/div><\/div><\/div><\/div><\/section>\n","protected":false},"excerpt":{"rendered":"Karriere SIA CHEMIE SPEZIAL ist der offizielle Vertreter der Firma FLORE-CHEMIE GmbH in Lettland. Unser Unternehmen ist Mitglied bei der Deutsch-Baltischen Handelskammer in Estland, Lettland, Litauen. Zur Unterst\u00fctzung des vorhandenen und zur Erweiterung des potenziellen Kundenkreises suchen wir hochmotivierte und dynamische Handelsvertreter: \u2022 Handelsvertreter mit entsprechender Erfahrung \u00fcber die angebotenen Produkte und mit Erfahrung im...","protected":false},"author":1,"featured_media":0,"parent":0,"menu_order":0,"comment_status":"closed","ping_status":"closed","template":"","meta":{"footnotes":""},"class_list":["post-6892","page","type-page","status-publish","hentry"],"_links":{"self":[{"href":"https:\/\/e-flore.store\/de\/wp-json\/wp\/v2\/pages\/6892","targetHints":{"allow":["GET"]}}],"collection":[{"href":"https:\/\/e-flore.store\/de\/wp-json\/wp\/v2\/pages"}],"about":[{"href":"https:\/\/e-flore.store\/de\/wp-json\/wp\/v2\/types\/page"}],"author":[{"embeddable":true,"href":"https:\/\/e-flore.store\/de\/wp-json\/wp\/v2\/users\/1"}],"replies":[{"embeddable":true,"href":"https:\/\/e-flore.store\/de\/wp-json\/wp\/v2\/comments?post=6892"}],"version-history":[{"count":5,"href":"https:\/\/e-flore.store\/de\/wp-json\/wp\/v2\/pages\/6892\/revisions"}],"predecessor-version":[{"id":7144,"href":"https:\/\/e-flore.store\/de\/wp-json\/wp\/v2\/pages\/6892\/revisions\/7144"}],"wp:attachment":[{"href":"https:\/\/e-flore.store\/de\/wp-json\/wp\/v2\/media?parent=6892"}],"curies":[{"name":"wp","href":"https:\/\/api.w.org\/{rel}","templated":true}]}}