{"id":6939,"date":"2016-08-31T12:38:04","date_gmt":"2016-08-31T09:38:04","guid":{"rendered":"https:\/\/e-flore.store\/wir-ueber-uns\/"},"modified":"2026-02-10T15:36:22","modified_gmt":"2026-02-10T13:36:22","slug":"wir-ueber-uns","status":"publish","type":"page","link":"https:\/\/e-flore.store\/de\/wir-ueber-uns\/","title":{"rendered":"WIR \u00dcBER UNS"},"content":{"rendered":"<section class=\"l-section wpb_row height_custom\"><div class=\"l-section-h i-cf\"><div class=\"g-cols vc_row via_flex valign_top type_default stacking_default\"><div class=\"vc_col-sm-12 wpb_column vc_column_container\"><div class=\"vc_column-inner\"><div class=\"wpb_wrapper\"><div class=\"w-separator size_small with_line width_default thick_3 style_solid color_primary align_center\"><div class=\"w-separator-h\"><\/div><\/div><div class=\"wpb_text_column\"><div class=\"wpb_wrapper\"><h3><span>\u00dcber uns<\/span><\/h3>\n<\/div><\/div><div class=\"w-separator size_small\"><\/div><div class=\"wpb_text_column\"><div class=\"wpb_wrapper\"><p>FLORE-CHEMIE ist schon seit vielen Jahren einer der f\u00fchrenden Hersteller von chemisch-technischen Spezialprodukten f\u00fcr die Reinigung, Pflege und Wartung. Das Unternehmen hat 30 Jahre Erfahrung und auf der Liste der Referenzen sind viele weltweit bekannte Marken zu finden.<\/p>\n<\/div><\/div><div class=\"w-separator size_small\"><\/div><div class=\"wpb_text_column\"><div class=\"wpb_wrapper\"><div class=\"innerin txt\">\n<p><img loading=\"lazy\" decoding=\"async\" class=\"alignnone size-full wp-image-6775\" src=\"https:\/\/e-flore.store\/wp-content\/uploads\/2026\/02\/about-us-1.jpg\" alt=\"\" width=\"160\" height=\"55\" \/><img loading=\"lazy\" decoding=\"async\" class=\"alignnone size-medium wp-image-6776\" src=\"https:\/\/e-flore.store\/wp-content\/uploads\/2026\/02\/about-us-2.jpg\" alt=\"\" width=\"160\" height=\"55\" \/><img loading=\"lazy\" decoding=\"async\" class=\"alignnone size-medium wp-image-6777\" src=\"https:\/\/e-flore.store\/wp-content\/uploads\/2026\/02\/about-us-3.jpg\" alt=\"\" width=\"160\" height=\"55\" \/><img loading=\"lazy\" decoding=\"async\" class=\"alignnone size-medium wp-image-6778\" src=\"https:\/\/e-flore.store\/wp-content\/uploads\/2026\/02\/about-us-4.jpg\" alt=\"\" width=\"160\" height=\"55\" \/><img loading=\"lazy\" decoding=\"async\" class=\"alignnone size-medium wp-image-6779\" src=\"https:\/\/e-flore.store\/wp-content\/uploads\/2026\/02\/about-us-5.jpg\" alt=\"\" width=\"160\" height=\"55\" \/><img loading=\"lazy\" decoding=\"async\" class=\"alignnone size-medium wp-image-6780\" src=\"https:\/\/e-flore.store\/wp-content\/uploads\/2026\/02\/about-us-6.jpg\" alt=\"\" width=\"160\" height=\"55\" \/><img loading=\"lazy\" decoding=\"async\" class=\"alignnone size-medium wp-image-6781\" src=\"https:\/\/e-flore.store\/wp-content\/uploads\/2026\/02\/about-us-7.jpg\" alt=\"\" width=\"160\" height=\"55\" \/><img loading=\"lazy\" decoding=\"async\" class=\"alignnone size-medium wp-image-6782\" src=\"https:\/\/e-flore.store\/wp-content\/uploads\/2026\/02\/about-us-8.jpg\" alt=\"\" width=\"160\" height=\"55\" \/><img loading=\"lazy\" decoding=\"async\" class=\"alignnone size-medium wp-image-6783\" src=\"https:\/\/e-flore.store\/wp-content\/uploads\/2026\/02\/about-us-9.jpg\" alt=\"\" width=\"160\" height=\"55\" \/><img loading=\"lazy\" decoding=\"async\" class=\"alignnone size-medium wp-image-6784\" src=\"https:\/\/e-flore.store\/wp-content\/uploads\/2026\/02\/about-us-10.jpg\" alt=\"\" width=\"160\" height=\"55\" \/><img loading=\"lazy\" decoding=\"async\" class=\"alignnone size-medium wp-image-6785\" src=\"https:\/\/e-flore.store\/wp-content\/uploads\/2026\/02\/about-us-11.jpg\" alt=\"\" width=\"160\" height=\"55\" \/><img loading=\"lazy\" decoding=\"async\" class=\"alignnone size-medium wp-image-6786\" src=\"https:\/\/e-flore.store\/wp-content\/uploads\/2026\/02\/about-us-12.jpg\" alt=\"\" width=\"160\" height=\"55\" \/><img loading=\"lazy\" decoding=\"async\" class=\"alignnone size-full wp-image-6787\" src=\"https:\/\/e-flore.store\/wp-content\/uploads\/2026\/02\/about-us-13.jpg\" alt=\"\" width=\"160\" height=\"55\" \/><\/p>\n<\/div>\n<\/div><\/div><div class=\"w-separator size_small\"><\/div><div class=\"wpb_text_column\"><div class=\"wpb_wrapper\"><p>Jeden Tag werden ca. 850 Produkte von FLORE-CHEMIE weltweit als Reinigungs-, Bearbeitungs- und Pflegemittel f\u00fcr R\u00e4umen, Maschinen und deren Aggregate, Arbeitstische, Anlagen und f\u00fcr verschiedene Materialien benutzt. FLORE-CHEMIE Produkte bieten schnelle und praktische Probleml\u00f6sungen. \u00d6kologisch vertr\u00e4gliche und innovative Hightech-Produkte sind geeignet f\u00fcr alle Arbeitsbereiche und -gebiete. Die hochwertigen Konzentrate mit ausgezeichneter L\u00f6slichkeit erm\u00f6glichen einen besonders \u00f6konomischen und effizienten Einsatz. Alle FLORE-CHEMIE Produkte entsprechen den h\u00f6chsten Sicherheitsstandards.<\/p>\n<p>Bei der Produktherstellung werden die Rohstoffe von FLORE-CHEMIE sorgf\u00e4ltig analysiert und ausgew\u00e4hlt, die Zusammensetzung wird strikt eingehalten und die Qualit\u00e4t \u2013 st\u00e4ndig \u00fcberwacht. Der ganze Herstellungsprozess unterliegt gr\u00fcndlicher Kontrolle, die auf die Ergebnisse von Laboruntersuchungen und Tests beruht. FLORE-CHEMIE Produkte sind umweltvertr\u00e4glich und nach dem ISO 9001-2008 Standard zertifiziert, der den Vertrieb von chemisch-technischen Spezialprodukten und die Herstellung und Einf\u00fchrung von komplexen Reinigungsl\u00f6sungen zul\u00e4sst. Zudem sind f\u00fcr die Stoffe internationalen Normen entsprechende Sicherheitsdatenbl\u00e4tter erstellt, als auch von unabh\u00e4ngigen deutschen Untersuchungslabors erteilte Pr\u00fcfungszeugnisse, dass die Produkte den geltenden Anforderungen gen\u00fcgen.<\/p>\n<\/div><\/div><div class=\"w-separator size_small with_line width_default thick_3 style_solid color_primary align_center\"><div class=\"w-separator-h\"><\/div><\/div><\/div><\/div><\/div><\/div><\/div><\/section>\n","protected":false},"excerpt":{"rendered":"\u00dcber uns FLORE-CHEMIE ist schon seit vielen Jahren einer der f\u00fchrenden Hersteller von chemisch-technischen Spezialprodukten f\u00fcr die Reinigung, Pflege und Wartung. Das Unternehmen hat 30 Jahre Erfahrung und auf der Liste der Referenzen sind viele weltweit bekannte Marken zu finden. Jeden Tag werden ca. 850 Produkte von FLORE-CHEMIE weltweit als Reinigungs-, Bearbeitungs- und Pflegemittel f\u00fcr...","protected":false},"author":1,"featured_media":0,"parent":0,"menu_order":0,"comment_status":"closed","ping_status":"closed","template":"","meta":{"footnotes":""},"class_list":["post-6939","page","type-page","status-publish","hentry"],"_links":{"self":[{"href":"https:\/\/e-flore.store\/de\/wp-json\/wp\/v2\/pages\/6939","targetHints":{"allow":["GET"]}}],"collection":[{"href":"https:\/\/e-flore.store\/de\/wp-json\/wp\/v2\/pages"}],"about":[{"href":"https:\/\/e-flore.store\/de\/wp-json\/wp\/v2\/types\/page"}],"author":[{"embeddable":true,"href":"https:\/\/e-flore.store\/de\/wp-json\/wp\/v2\/users\/1"}],"replies":[{"embeddable":true,"href":"https:\/\/e-flore.store\/de\/wp-json\/wp\/v2\/comments?post=6939"}],"version-history":[{"count":6,"href":"https:\/\/e-flore.store\/de\/wp-json\/wp\/v2\/pages\/6939\/revisions"}],"predecessor-version":[{"id":7131,"href":"https:\/\/e-flore.store\/de\/wp-json\/wp\/v2\/pages\/6939\/revisions\/7131"}],"wp:attachment":[{"href":"https:\/\/e-flore.store\/de\/wp-json\/wp\/v2\/media?parent=6939"}],"curies":[{"name":"wp","href":"https:\/\/api.w.org\/{rel}","templated":true}]}}