{"id":6953,"date":"2026-02-06T06:29:36","date_gmt":"2026-02-06T04:29:36","guid":{"rendered":"https:\/\/e-flore.store\/?page_id=6953"},"modified":"2026-02-20T12:14:38","modified_gmt":"2026-02-20T10:14:38","slug":"zusammenarbeit","status":"publish","type":"page","link":"https:\/\/e-flore.store\/de\/zusammenarbeit\/","title":{"rendered":"ZUSAMMENARBEIT"},"content":{"rendered":"<section class=\"l-section wpb_row height_custom\"><div class=\"l-section-h i-cf\"><div class=\"g-cols vc_row via_flex valign_top type_default stacking_default\"><div class=\"vc_col-sm-12 wpb_column vc_column_container\"><div class=\"vc_column-inner\"><div class=\"wpb_wrapper\"><div class=\"w-separator size_small with_line width_default thick_3 style_solid color_primary align_center\"><div class=\"w-separator-h\"><\/div><\/div><div class=\"g-cols wpb_row via_flex valign_top type_default stacking_default\"><div class=\"vc_col-sm-6 wpb_column vc_column_container\"><div class=\"vc_column-inner\"><div class=\"wpb_wrapper\"><div class=\"wpb_text_column\"><div class=\"wpb_wrapper\"><h3><span>Zusammenarbeit<\/span><\/h3>\n<\/div><\/div><div class=\"w-separator size_small\"><\/div><div class=\"wpb_text_column\"><div class=\"wpb_wrapper\"><p>Wir sind davon \u00fcberzeugt, dass die Unternehmen ihren Kunden nur in der Zusammenarbeit die Leistungen und Produkte von h\u00f6chster Qualit\u00e4t anbieten k\u00f6nnen, und somit k\u00f6nnen die Kooperationspartner ihre Positionen auf dem Markt noch mehr festigen und sich gegen\u00fcber Konkurrenten positiv auszeichnen.<\/p>\n<p>Wenn Sie auf die Idee gekommen sind, sich qualitative Reinigungsmittel oder andere chemisch-technische Spezialprodukte anzuschaffen und zu vertreiben, und Sie m\u00f6chten \u00fcber Ihre Auswahl sicher sein, dann FLORE-CHEMIE hilft Ihnen, sich im umfangreichen Angebot von chemischen Produkten zurechtzufinden, und wird Ihnen sowohl theoretisch als auch praktisch beweisen, dass es g\u00fcnstiger w\u00e4re, sich gepr\u00fcfte Werte anzuschaffen. FLORE-CHEMIE legt Ihnen nahe, nicht der Versuchung zu erliegen, die Kosten durch Billigangebote zu sparen, trotz der dominierenden kollektiven Meinung, dass man die Kosten sparen muss, weil im Budget keine Finanzierung vorgesehen ist usw. Dank der Versuchung des scheinbar billigen Angebots werden die eingesparten Kosten im realen Arbeitsprozess in einer vergleichsweise kurzen Betriebszeit verbraucht, und Sie werden einen erh\u00f6hten Preis f\u00fcr die angeschafften Produkte zahlen, zudem gehen Sie das Risiko ein, wesentlich an Qualit\u00e4t zu verlieren oder \u00fcberhaupt keine Qualit\u00e4t zu erhalten.<\/p>\n<p>Bei der Festigung unserer Position auf dem Markt im Lettland bieten wir Zusammenarbeit f\u00fcr juristische Personen an \u2013 unsere Produkte zum Vertrieb sowohl im Gro\u00dfhandel als auch im Einzelhandel. Unser Unternehmen bietet die freundlichsten Preisen in Lettland, ohne auf Qualit\u00e4t und Geschwindigkeit zu verzichten. Dank der qualitativen und kreativen Ausf\u00fchrung der Bestellungen, als auch st\u00e4ndiger Erneuerung des Warensortiments sind wir in der Lage, die h\u00f6chsten Anforderungen jedes Kunden gerecht zu werden. In allen Bereichen unseres Unternehmens legen wir gro\u00dfen Wert auf dauerhafte Zusammenarbeit, in der die Zuverl\u00e4ssigkeit und Anerkennung hochgesch\u00e4tzt werden. Dank der Abwesenheit der Vermittler k\u00f6nnen wir die Produkte f\u00fcr die niedrigsten Preise anbieten.<\/p>\n<p>Beratung w\u00e4hrend der Zusammenarbeit, Empfehlungen f\u00fcr technologische L\u00f6sungen und f\u00fcr die am besten geeigneten Produkte, offene Kommunikation, m\u00f6glichst minimale B\u00fcrokratie in der Beziehungen, der durch erfolgreiche Durchf\u00fchrung von Bestellungen erworbene guter Ruf \u2013 unserer Meinung nach \u2013 Schl\u00fcssel zur erfolgreichen Zusammenarbeit mit Gesch\u00e4ftspartner.<\/p>\n<p>Lassen Sie sich vom Zusammenhang zwischen Qualit\u00e4t und Preis \u00fcberzeugen!<\/p>\n<p>Wir hoffen auf eine dauerhafte und gegenseitig vorteilhafte Zusammenarbeit!<\/p>\n<\/div><\/div><\/div><\/div><\/div><div class=\"vc_col-sm-6 wpb_column vc_column_container\"><div class=\"vc_column-inner\"><div class=\"wpb_wrapper\"><div class=\"w-image align_right\"><div class=\"w-image-h\"><img decoding=\"async\" width=\"447\" height=\"692\" src=\"https:\/\/e-flore.store\/wp-content\/uploads\/2026\/02\/Cooperation-1.jpg\" class=\"attachment-full size-full\" alt=\"\" loading=\"lazy\" srcset=\"https:\/\/e-flore.store\/wp-content\/uploads\/2026\/02\/Cooperation-1.jpg 447w, https:\/\/e-flore.store\/wp-content\/uploads\/2026\/02\/Cooperation-1-194x300.jpg 194w\" sizes=\"auto, (max-width: 447px) 100vw, 447px\" \/><\/div><\/div><\/div><\/div><\/div><\/div><div class=\"w-separator size_small with_line width_default thick_3 style_solid color_primary align_center\"><div class=\"w-separator-h\"><\/div><\/div><\/div><\/div><\/div><\/div><\/div><\/section>\n","protected":false},"excerpt":{"rendered":"Zusammenarbeit Wir sind davon \u00fcberzeugt, dass die Unternehmen ihren Kunden nur in der Zusammenarbeit die Leistungen und Produkte von h\u00f6chster Qualit\u00e4t anbieten k\u00f6nnen, und somit k\u00f6nnen die Kooperationspartner ihre Positionen auf dem Markt noch mehr festigen und sich gegen\u00fcber Konkurrenten positiv auszeichnen. Wenn Sie auf die Idee gekommen sind, sich qualitative Reinigungsmittel oder andere chemisch-technische...","protected":false},"author":1,"featured_media":0,"parent":0,"menu_order":0,"comment_status":"closed","ping_status":"closed","template":"","meta":{"footnotes":""},"class_list":["post-6953","page","type-page","status-publish","hentry"],"_links":{"self":[{"href":"https:\/\/e-flore.store\/de\/wp-json\/wp\/v2\/pages\/6953","targetHints":{"allow":["GET"]}}],"collection":[{"href":"https:\/\/e-flore.store\/de\/wp-json\/wp\/v2\/pages"}],"about":[{"href":"https:\/\/e-flore.store\/de\/wp-json\/wp\/v2\/types\/page"}],"author":[{"embeddable":true,"href":"https:\/\/e-flore.store\/de\/wp-json\/wp\/v2\/users\/1"}],"replies":[{"embeddable":true,"href":"https:\/\/e-flore.store\/de\/wp-json\/wp\/v2\/comments?post=6953"}],"version-history":[{"count":6,"href":"https:\/\/e-flore.store\/de\/wp-json\/wp\/v2\/pages\/6953\/revisions"}],"predecessor-version":[{"id":8064,"href":"https:\/\/e-flore.store\/de\/wp-json\/wp\/v2\/pages\/6953\/revisions\/8064"}],"wp:attachment":[{"href":"https:\/\/e-flore.store\/de\/wp-json\/wp\/v2\/media?parent=6953"}],"curies":[{"name":"wp","href":"https:\/\/api.w.org\/{rel}","templated":true}]}}