{"id":6970,"date":"2026-02-06T06:30:04","date_gmt":"2026-02-06T04:30:04","guid":{"rendered":"https:\/\/e-flore.store\/?page_id=6970"},"modified":"2026-02-10T16:10:52","modified_gmt":"2026-02-10T14:10:52","slug":"vertrieb","status":"publish","type":"page","link":"https:\/\/e-flore.store\/de\/vertrieb\/","title":{"rendered":"VERTRIEB"},"content":{"rendered":"<section class=\"l-section wpb_row height_custom\"><div class=\"l-section-h i-cf\"><div class=\"g-cols vc_row via_flex valign_top type_default stacking_default\"><div class=\"vc_col-sm-12 wpb_column vc_column_container\"><div class=\"vc_column-inner\"><div class=\"wpb_wrapper\"><div class=\"w-separator size_small with_line width_default thick_3 style_solid color_primary align_center\"><div class=\"w-separator-h\"><\/div><\/div><div class=\"g-cols wpb_row via_flex valign_top type_default stacking_default\"><div class=\"vc_col-sm-3 wpb_column vc_column_container\"><div class=\"vc_column-inner\"><div class=\"wpb_wrapper\"><div class=\"w-image align_none\"><div class=\"w-image-h\"><img decoding=\"async\" width=\"200\" height=\"150\" src=\"https:\/\/e-flore.store\/wp-content\/uploads\/2026\/02\/Career-1-1.jpg\" class=\"attachment-large size-large\" alt=\"\" loading=\"lazy\" \/><\/div><\/div><div class=\"w-image align_none\"><div class=\"w-image-h\"><img decoding=\"async\" width=\"199\" height=\"149\" src=\"https:\/\/e-flore.store\/wp-content\/uploads\/2026\/02\/Career-2-1.jpg\" class=\"attachment-large size-large\" alt=\"\" loading=\"lazy\" \/><\/div><\/div><div class=\"w-image align_none\"><div class=\"w-image-h\"><img decoding=\"async\" width=\"200\" height=\"150\" src=\"https:\/\/e-flore.store\/wp-content\/uploads\/2026\/02\/Career-3-1.jpg\" class=\"attachment-large size-large\" alt=\"\" loading=\"lazy\" \/><\/div><\/div><\/div><\/div><\/div><div class=\"vc_col-sm-9 wpb_column vc_column_container\"><div class=\"vc_column-inner\"><div class=\"wpb_wrapper\"><div class=\"wpb_text_column\"><div class=\"wpb_wrapper\"><h3><span>Vertrieb<\/span><\/h3>\n<\/div><\/div><div class=\"w-separator size_small\"><\/div><div class=\"wpb_text_column\"><div class=\"wpb_wrapper\"><p>Die gezielte Anwendung von FLORE-CHEMIE Produkten bedingt einen hohen anwendungstechnischen Standard. Aus diesem Grund werden die Produkte ausschlie\u00dflich durch unseren versierten Au\u00dfendienst vertrieben. Von unseren Kundenberater erhalten Sie die am besten geeigneten L\u00f6sungen.<\/p>\n<p>In Deutschland stellen derzeit rund 80 freie Handelsvertretungen mit Exklusiv-Vertr\u00e4gen den Vertrieb der Flore Produktpalette und die erstklassige Beratung unserer Kunden sicher.<\/p>\n<p>Im europ\u00e4ischen Ausland ist das Vertriebskonzept so ausgelegt, dass f\u00fcr das entsprechende Land einem Vertragspartner das exklusive Vertriebsrecht \u00fcbertragen ist. Der jeweilige Vertragspartner unterh\u00e4lt in seinem Land ein Netz von Au\u00dfendienstmitarbeiter, die durch permanente interne Schulungsma\u00dfnahmen intensive Kenntnisse \u00fcber die Produkte von FLORE-CHEMIE erlangen und als Anwendungsberater fungieren.<\/p>\n<p>FLORE-CHEMIE Produkte finden Sie derzeit in folgenden L\u00e4nder: Lettland, Deutschland, \u00d6sterreich, Spanien, Tschechien, Polen, Litauen, Russland, Schweiz, Gro\u00dfbritannien, Kroatien, Slowenien, Estland, Frankreich, Niederlande, Belgien und Luxemburg.<\/p>\n<p>Dar\u00fcber hinaus besteht seit vielen Jahren eine vertraglich gesicherte Gesch\u00e4ftsbeziehung zu den in Europa stationierten Streitkr\u00e4ften der US-Army.<\/p>\n<p>Basierend auf Konzept des \u201esystemischen Werteerhalts\u201c bestand die Produktpalette schon seit Anbeginn aus chemisch-teschnischen Spezialprodukten f\u00fcr Industrie, Handwerk, Gastronomie, \u00f6ffentliche Einrichtungen und Unternehmen, zudem FLORE-CHEMIE spezialisiert sich, um in diesen Branchen entsprechende L\u00f6sungen f\u00fcr besondere Reinigungsanforderungen anzubieten. Mit zunehmenden und verschiedenen Aufgabenstellungen ist die Anzahl der Produkte bis ca. 850 gestiegen. Die Produktpalette von FLORE-CHEMIE wird zusammen mit breitem Spektrum an Zubeh\u00f6r und passende Dosiertechnik angeboten.<\/p>\n<\/div><\/div><\/div><\/div><\/div><\/div><div class=\"w-separator size_small with_line width_default thick_3 style_solid color_primary align_center\"><div class=\"w-separator-h\"><\/div><\/div><div class=\"wpb_text_column\"><div class=\"wpb_wrapper\"><h3><span>Referenzen<\/span><\/h3>\n<\/div><\/div><div class=\"w-separator size_small\"><\/div><div class=\"g-cols wpb_row via_flex valign_top type_default stacking_default\"><div class=\"vc_col-sm-6 wpb_column vc_column_container\"><div class=\"vc_column-inner\"><div class=\"wpb_wrapper\"><div class=\"wpb_text_column\"><div class=\"wpb_wrapper\"><div class=\"innerin txt\">\n<p><strong>Aisma Z\u012bberga<\/strong><br \/>\nLeiterin der Wirtschaftsabteilung<br \/>\n<strong>Europa Royale Riga<\/strong><br \/>\n<strong>JSC Europa Group<\/strong><br \/>\nKr. Barona iela 12, R\u012bga, LV1050<br \/>\nwww.europaroyale.com<\/p>\n<div><\/div>\n<div class=\"innerin txt\">\n<p><span><\/span>Bevor wir FLORE-CHEMIE kennengelernt haben, hatten wir gro\u00dfes Problem mit Fliesenfugen, die mit keinen Mitteln gereinigt werden konnten. Als wir gesehen haben, dass dieses Problem innerhalb von einigen Sekunden gel\u00f6st werden konnte, blieben weitere Fragen \u00fcber Produkte und deren M\u00f6glichkeiten automatisch aus.M\u00f6chten Sie eine kuriose Geschichte aus dem grauen Alltag? Bitte! Eine Katze hat sich einmal in die K\u00fcche unseres Hotelrestaurants durch Hoft\u00fcr eingeschlichen und sich auf unverst\u00e4ndliche Weise im Beh\u00e4lter f\u00fcr verwendetes Brat\u00f6l niedergelassen. Als der ungebetene Gast entdeckt und aus seinem \u201eRaum\u201c befreit wurde, ist er auf die Idee gekommen, sich von seinen Rettern loszurei\u00dfen und \u00f6ltropfend einen kurzen chaotischen Spaziergang im Hotelhof zu unternehmen, zudem unausl\u00f6schbare Spuren auf dem Betonpflaster \u00fcber sein Restaurantbesuch hinterlassend.Soweit es uns bekannt war, gab es f\u00fcr solche F\u00e4lle keine L\u00f6sungen \u2013 die besch\u00e4digten Pflastersteine sollen ausgetauscht werden, jedoch es ist keine gute L\u00f6sung, denn zu jeder Zeit kann ein Kundenauto hereinfahren und nach der Abfahrt weitere \u00d6lflecken hinterlassen. FLORE-CHEMIE hatte daf\u00fcr nat\u00fcrlich eine L\u00f6sung parat \u2013 ein Mittel zur Behandlung von \u00f6ligen Pflastersteilen, die schon nach einer Stunde sauberer als vor dem \u201eEin\u00f6len\u201c wurden!<\/p>\n<p>&nbsp;<\/p>\n<\/div>\n<\/div>\n<\/div><\/div><\/div><\/div><\/div><div class=\"vc_col-sm-6 wpb_column vc_column_container\"><div class=\"vc_column-inner\"><div class=\"wpb_wrapper\"><div class=\"wpb_text_column\"><div class=\"wpb_wrapper\"><div class=\"innerin txt\">\n<p><strong>Juris Br\u012bk\u0161is<\/strong><br \/>\n<strong>SIA Briks-F<\/strong>, Vorstandsmitglied<br \/>\nE. Veidenbauma iela 3, C\u0113sis, LV4101<br \/>\nwww.autonet.lv\/briksf<\/p>\n<div class=\"innerin txt\"><span><\/span>Schmutziger Fu\u00dfboden ist immer und \u00fcberall ein Problem, besonders im Autosalon, der direkt mit Autoservice verbindet ist. Die Kunden und Mitarbeiter gehen st\u00e4ndig hin und her und somit wird der Schmutz, einschl. \u00d6lschmutz von einem Raum zum anderen \u00fcbertragen. Dar\u00fcber hinaus kann der \u00d6lschmutz nicht mit herk\u00f6mmlichen Reinigungsmittel entfernt werden.Bei der Er\u00f6ffnung der Autowerkstatt und beim Anblick der bisherigen dauerhaften \u201etraurigen Reinigungserfahrung\u201c entstand das Bed\u00fcrfnis nach effektiven und gleichzeitig preisg\u00fcnstigen Reinigungsmitteln. Man musste nicht lange suchen \u2013 FLORE-CHEMIE hat alles instand gesetzt und die Firma war einen Steinwurf entfernt. In unserem Fall bedeutete es keine Telefonberatungen mit unkonkreten Lieferfristen, sondern Beratung vor Ort und eine Lieferung innerhalb von zehn Minuten. Nach der raschen Probleml\u00f6sung haben wir angefangen, auch andere Produkte von FLORE-CHEMIE zu verwenden. F\u00fcr uns als Autowerkstatt war es wichtig, dass die Produkte umweltvertr\u00e4glich sind, denn somit entfallen f\u00fcr uns auch viele andere Nebenprobleme.Also \u2013 Fu\u00dfboden ist sauber und gl\u00e4nzend, Autos sind sauber und gl\u00e4nzend, es bleibt uns nichts anderes \u00fcbrig als selbst zu gl\u00e4nzen und zu l\u00e4cheln! Besondere Beachtung hat das Produkt Flamil Futur verdient \u2013 sehr interessantes Mittel f\u00fcr Autoreinigung. Das erw\u00e4hnte Mittel wird auf dem Auto aufgespr\u00fcht und nach einigen Minuten mit Wasser abgesp\u00fclt. Das Auto ist sauber ohne Einsatz von Handarbeit!<\/div>\n<\/div>\n<\/div><\/div><\/div><\/div><\/div><\/div><div class=\"w-separator size_small with_line width_default thick_3 style_solid color_primary align_center\"><div class=\"w-separator-h\"><\/div><\/div><\/div><\/div><\/div><\/div><\/div><\/section>\n","protected":false},"excerpt":{"rendered":"Vertrieb Die gezielte Anwendung von FLORE-CHEMIE Produkten bedingt einen hohen anwendungstechnischen Standard. Aus diesem Grund werden die Produkte ausschlie\u00dflich durch unseren versierten Au\u00dfendienst vertrieben. Von unseren Kundenberater erhalten Sie die am besten geeigneten L\u00f6sungen. In Deutschland stellen derzeit rund 80 freie Handelsvertretungen mit Exklusiv-Vertr\u00e4gen den Vertrieb der Flore Produktpalette und die erstklassige Beratung unserer Kunden...","protected":false},"author":1,"featured_media":0,"parent":0,"menu_order":0,"comment_status":"closed","ping_status":"closed","template":"","meta":{"footnotes":""},"class_list":["post-6970","page","type-page","status-publish","hentry"],"_links":{"self":[{"href":"https:\/\/e-flore.store\/de\/wp-json\/wp\/v2\/pages\/6970","targetHints":{"allow":["GET"]}}],"collection":[{"href":"https:\/\/e-flore.store\/de\/wp-json\/wp\/v2\/pages"}],"about":[{"href":"https:\/\/e-flore.store\/de\/wp-json\/wp\/v2\/types\/page"}],"author":[{"embeddable":true,"href":"https:\/\/e-flore.store\/de\/wp-json\/wp\/v2\/users\/1"}],"replies":[{"embeddable":true,"href":"https:\/\/e-flore.store\/de\/wp-json\/wp\/v2\/comments?post=6970"}],"version-history":[{"count":16,"href":"https:\/\/e-flore.store\/de\/wp-json\/wp\/v2\/pages\/6970\/revisions"}],"predecessor-version":[{"id":7164,"href":"https:\/\/e-flore.store\/de\/wp-json\/wp\/v2\/pages\/6970\/revisions\/7164"}],"wp:attachment":[{"href":"https:\/\/e-flore.store\/de\/wp-json\/wp\/v2\/media?parent=6970"}],"curies":[{"name":"wp","href":"https:\/\/api.w.org\/{rel}","templated":true}]}}