{"id":5024,"date":"2026-02-03T16:00:42","date_gmt":"2026-02-03T14:00:42","guid":{"rendered":"https:\/\/demo8.izveide.id.lv\/?post_type=product&#038;p=5024"},"modified":"2026-03-26T15:13:48","modified_gmt":"2026-03-26T13:13:48","slug":"neu208-lk","status":"publish","type":"product","link":"https:\/\/e-flore.store\/de\/produkt\/neu208-lk\/","title":{"rendered":"NEU208 LK"},"content":{"rendered":"<p><img decoding=\"async\" style=\"width: 100%; height: auto; display: block;\" src=\"\/wp-content\/uploads\/2026\/01\/NEU208-LK-PARENT_desc.jpg\" \/><\/p>\n<p style=\"margin-bottom: 10px; margin-top: 30px;\"><strong>SUPERGRUNDREINIGER<\/strong><\/p>\n<p style=\"margin-bottom: 10px; margin-top: 30px;\"><strong>Produkt- beschreibung<\/strong>:<\/p>\n<p style=\"margin-bottom: 8px; margin-top: 0px; line-height: 1.6;\">&#8222;NEU 208 LK&#8220; ist ein pH-neutraler, aufwasserl\u00f6slichen L\u00f6semitteln aufgebauter Spezialgrundreinigerf\u00fcr die Probleml\u00f6sung. Auf alten Verschmutzungen und Verkrustungen wird eine ausgezeichnete Reinigungswirkung erzielt.<\/p>\n<p style=\"margin-bottom: 8px; margin-top: 0px; line-height: 1.6;\">&#8222;NEU 208 LK&#8220;\u00a0ist besonders f\u00fcr die Entfernung von alten \u00d6l- und Wachsverkrustungen, zur Farbenentfernung in Spr\u00fchkammern, zur Filzstiftentfernung, zum Reinigen von Druckmaschinen, Entfernung von Absatzstrichen und Staplerabrieben, sowie zur Abl\u00f6sung von alten Wachs-, Seifen- und Polymerschichtengeeignet.<\/p>\n<p style=\"margin-bottom: 10px; margin-top: 30px;\"><strong>Verarbeitung<\/strong>:<\/p>\n<p style=\"margin-bottom: 8px; margin-top: 0px; line-height: 1.6;\">Bei extremen Aufbauten und Verkrustungen ist es angebracht\u00a0&#8222;NEU 208 LK&#8220;\u00a0unverd\u00fcnnt einzusetzen. Geringe Verschmutzungen lassen sich dagegen mit wasserverd\u00fcnntem\u00a0&#8222;NEU 208 LK&#8220;\u00a0(1:5 &#8211; 1:50) leicht entfernen.<\/p>\n<p style=\"margin-bottom: 8px; margin-top: 0px; line-height: 1.6;\">Besonders bei der konzentrierten Anwendung ist darauf zu achten, dass nach der Aufl\u00f6sung der Schmutzschicht sofort mit viel Wasser nachgewischt wird.<\/p>\n<p style=\"margin-bottom: 10px; margin-top: 30px;\"><strong>Hinweise<\/strong>:<\/p>\n<p style=\"margin-bottom: 8px; margin-top: 0px; line-height: 1.6;\">&#8222;NEU 208 LK&#8220;\u00a0unterliegt den Bestimmungen \u00fcber den Umgang mit gef\u00e4hrlichen Arbeitsstoffen. Deshalb sind bei der Verarbeitung die Fenster zu \u00f6ffnen.<\/p>\n<p style=\"margin-bottom: 8px; margin-top: 0px; line-height: 1.6;\">&#8222;NEU 208 LK&#8220;\u00a0ist schwer entflammbar.<\/p>\n<p style=\"margin-bottom: 8px; margin-top: 0px; line-height: 1.6;\">Besonders bei Linoleumfliesen und alten, rissigen Bel\u00e4gen darf\u00a0&#8222;NEU 208 LK&#8220;\u00a0nicht in die Fugen eindringen, damit das Abheben des Belages vermieden wird.<\/p>\n<p style=\"margin-bottom: 8px; margin-top: 0px; line-height: 1.6;\">Vor der ersten Anwendung Probeauftrag an einer verdeckten Stelle vornehmen, um das Material auf Vertr\u00e4glichkeit und Wasserfestigkeit zu pr\u00fcfen.<\/p>\n<p style=\"margin-bottom: 8px; margin-top: 0px; line-height: 1.6;\">&#8222;NEU 208 LK&#8220;\u00a0ist frei von PCP, PCB, chlorierten Kohlenwasserstoffen, Formaldehyd, freien Halogenen undwasserunl\u00f6slichen Kohlenwasserstoffen.<\/p>\n<p style=\"margin-bottom: 8px; margin-top: 0px; line-height: 1.6;\">Bei der Grundreinigung besteht durch die abgel\u00f6ste Schmutzschicht erh\u00f6hte Rutschgefahr!\u00a0&#8222;NEU 208 LK&#8220;\u00a0nicht \u00fcber 40 \u00b0C lagern und von Z\u00fcndquellen fernhalten.<\/p>\n<p style=\"margin-bottom: 10px; margin-top: 30px;\"><strong>pH (konz.):<\/strong>&#8211; 7<\/p>\n","protected":false},"excerpt":{"rendered":"<p>SUPERGRUNDREINIGER Produkt- beschreibung: &#8222;NEU 208 LK&#8220; ist ein pH-neutraler, aufwasserl\u00f6slichen L\u00f6semitteln aufgebauter Spezialgrundreinigerf\u00fcr die Probleml\u00f6sung. Auf alten Verschmutzungen und Verkrustungen wird eine ausgezeichnete Reinigungswirkung erzielt. &#8222;NEU 208 LK&#8220;\u00a0ist besonders f\u00fcr die Entfernung von alten \u00d6l- und Wachsverkrustungen, zur Farbenentfernung in Spr\u00fchkammern, zur Filzstiftentfernung, zum Reinigen von Druckmaschinen, Entfernung von Absatzstrichen und Staplerabrieben, sowie zur Abl\u00f6sung&#8230;<\/p>\n","protected":false},"featured_media":5025,"template":"","meta":[],"product_brand":[319],"product_cat":[418,421,415,487,472],"product_tag":[],"class_list":{"0":"post-5024","1":"product","2":"type-product","3":"status-publish","4":"has-post-thumbnail","6":"product_brand-chemie-spezial","7":"product_cat-industrie","8":"product_cat-reinigung-und-entfettung","9":"product_cat-chemie-spezial-produkte","10":"product_cat-grundreiniger","11":"product_cat-gebaeudereinigung","13":"first","14":"instock","15":"shipping-taxable","16":"purchasable","17":"product-type-variable","18":"has-default-attributes"},"_links":{"self":[{"href":"https:\/\/e-flore.store\/de\/wp-json\/wp\/v2\/product\/5024","targetHints":{"allow":["GET"]}}],"collection":[{"href":"https:\/\/e-flore.store\/de\/wp-json\/wp\/v2\/product"}],"about":[{"href":"https:\/\/e-flore.store\/de\/wp-json\/wp\/v2\/types\/product"}],"wp:featuredmedia":[{"embeddable":true,"href":"https:\/\/e-flore.store\/de\/wp-json\/wp\/v2\/media\/5025"}],"wp:attachment":[{"href":"https:\/\/e-flore.store\/de\/wp-json\/wp\/v2\/media?parent=5024"}],"wp:term":[{"taxonomy":"product_brand","embeddable":true,"href":"https:\/\/e-flore.store\/de\/wp-json\/wp\/v2\/product_brand?post=5024"},{"taxonomy":"product_cat","embeddable":true,"href":"https:\/\/e-flore.store\/de\/wp-json\/wp\/v2\/product_cat?post=5024"},{"taxonomy":"product_tag","embeddable":true,"href":"https:\/\/e-flore.store\/de\/wp-json\/wp\/v2\/product_tag?post=5024"}],"curies":[{"name":"wp","href":"https:\/\/api.w.org\/{rel}","templated":true}]}}