{"id":5029,"date":"2026-02-03T16:00:43","date_gmt":"2026-02-03T14:00:43","guid":{"rendered":"https:\/\/demo8.izveide.id.lv\/?post_type=product&#038;p=5029"},"modified":"2026-03-26T15:13:44","modified_gmt":"2026-03-26T13:13:44","slug":"alk114-lk","status":"publish","type":"product","link":"https:\/\/e-flore.store\/de\/produkt\/alk114-lk\/","title":{"rendered":"ALK114 LK"},"content":{"rendered":"<p><img decoding=\"async\" src=\"\/wp-content\/uploads\/2026\/01\/ALK114-LK-PARENT_desc.jpg\"\/ style=\"width: 100%; height: auto; display: block;\"><\/p>\n<p><p><\/p>\n<p><b>SICHERHEITS-, GRUND-, UNIVERSALREINIGER<\/b><\/p>\n<p><b>Anwendungsgebiete:<br \/><\/b><\/p>\n<p style=\"text-align: justify; \">&#8222;ALK114 LK&#8220; wurde speziell auf die Abl\u00f6sung von Kunststoffpolymer- und Wachsbeschichtungen von empfindlichen Oberfl\u00e4chen sowie als kraftvoller Universalreiniger abgestimmt. Es besitzt trotz einer geringen Alkalit\u00e4t eine ausgezeichnete Grundreinigungskraft. W\u00e4hrend und nach der Grundreinigung verbreitet sich in den R\u00e4umen ein angenehmer Duft. Dieses Produkt ist stark schaumgebremst und kann deshalb gut in Reinigungsautomaten verarbeitet werden. <\/p>\n<p style=\"text-align: justify; \"><span style=\"letter-spacing: normal;\">&#8222;ALK114 LK&#8220;<\/span> ist biologisch abbaubar und erf\u00fcllt die Anforderungen des deutschen Waschmittelgesetzes.<\/p>\n<p style=\"\"><b>Verarbeitung:<\/b><\/p>\n<p style=\"text-align: justify; \"><span style=\"text-decoration-line: underline;\">Unterhaltsreinigung:<\/span> Es gen\u00fcgen 100 &#8211; 200 ml (1 &#8211; 2 Tassen) pro Eimer Wasser. <\/p>\n<p style=\"text-align: justify; \"><span style=\"text-decoration-line: underline;\">Grundreinigung und die Reinigung von Industrieanlagen:<\/span> <span style=\"letter-spacing: normal;\">&#8222;ALK114 LK&#8220;<\/span> 1:5 bis 1:10 verd\u00fcnnen. <\/p>\n<p style=\"text-align: justify; \"><span style=\"text-decoration-line: underline;\">Grillreinigung:<\/span> ist eine Verd\u00fcnnung von 1:1 bis 1:5 angebracht. <\/p>\n<p style=\"text-align: justify; \"><span style=\"text-decoration-line: underline;\">Behandlung von Linoleum:<\/span> Nicht unter 1:10 verd\u00fcnnen und unbedingt vorher einen Probeauftrag vornehmen. <\/p>\n<p style=\"text-align: justify; \">Geeignet f\u00fcr PVC, Natur- und Kunststein, Epoxydestrich, Olefine und Metalle, Linoleum, Holz, VinylAsbest, Aluminium. <\/p>\n<p style=\"text-align: justify; \">Anstriche und Gewebe sollten auf Vertr\u00e4glichkeit gepr\u00fcft werden!<\/p>\n<p style=\"\"><b>Hinweise:<\/b><\/p>\n<p style=\"text-align: justify; \">Die Vorsichtsma\u00dfnahmen bei der Verarbeitung von Grundreinigern sind zu beachten. Gereinigte B\u00f6den sind vor dem Auftrag von neuen Beschichtungen gut mit klarem Wasser nachzuwischen, da Grundreinigerreste auf die Beschichtung st\u00f6rend wirken k\u00f6nnen. Bei der Grundreinigung besteht erh\u00f6hte Rutschgefahr!<\/p>\n<p style=\"\"><b>pH:<\/b> 10,8 (Konz.)<\/p><\/p>\n","protected":false},"excerpt":{"rendered":"<p>SICHERHEITS-, GRUND-, UNIVERSALREINIGER Anwendungsgebiete: &#8222;ALK114 LK&#8220; wurde speziell auf die Abl\u00f6sung von Kunststoffpolymer- und Wachsbeschichtungen von empfindlichen Oberfl\u00e4chen sowie als kraftvoller Universalreiniger abgestimmt. Es besitzt trotz einer geringen Alkalit\u00e4t eine ausgezeichnete Grundreinigungskraft. W\u00e4hrend und nach der Grundreinigung verbreitet sich in den R\u00e4umen ein angenehmer Duft. Dieses Produkt ist stark schaumgebremst und kann deshalb gut in&#8230;<\/p>\n","protected":false},"featured_media":5030,"template":"","meta":[],"product_brand":[319],"product_cat":[415,487,472],"product_tag":[],"class_list":{"0":"post-5029","1":"product","2":"type-product","3":"status-publish","4":"has-post-thumbnail","6":"product_brand-chemie-spezial","7":"product_cat-chemie-spezial-produkte","8":"product_cat-grundreiniger","9":"product_cat-gebaeudereinigung","11":"first","12":"instock","13":"shipping-taxable","14":"purchasable","15":"product-type-variable","16":"has-default-attributes"},"_links":{"self":[{"href":"https:\/\/e-flore.store\/de\/wp-json\/wp\/v2\/product\/5029","targetHints":{"allow":["GET"]}}],"collection":[{"href":"https:\/\/e-flore.store\/de\/wp-json\/wp\/v2\/product"}],"about":[{"href":"https:\/\/e-flore.store\/de\/wp-json\/wp\/v2\/types\/product"}],"wp:featuredmedia":[{"embeddable":true,"href":"https:\/\/e-flore.store\/de\/wp-json\/wp\/v2\/media\/5030"}],"wp:attachment":[{"href":"https:\/\/e-flore.store\/de\/wp-json\/wp\/v2\/media?parent=5029"}],"wp:term":[{"taxonomy":"product_brand","embeddable":true,"href":"https:\/\/e-flore.store\/de\/wp-json\/wp\/v2\/product_brand?post=5029"},{"taxonomy":"product_cat","embeddable":true,"href":"https:\/\/e-flore.store\/de\/wp-json\/wp\/v2\/product_cat?post=5029"},{"taxonomy":"product_tag","embeddable":true,"href":"https:\/\/e-flore.store\/de\/wp-json\/wp\/v2\/product_tag?post=5029"}],"curies":[{"name":"wp","href":"https:\/\/api.w.org\/{rel}","templated":true}]}}