{"id":5046,"date":"2026-02-03T16:00:45","date_gmt":"2026-02-03T14:00:45","guid":{"rendered":"https:\/\/demo8.izveide.id.lv\/?post_type=product&#038;p=5046"},"modified":"2026-03-26T15:13:38","modified_gmt":"2026-03-26T13:13:38","slug":"alk018-lk","status":"publish","type":"product","link":"https:\/\/e-flore.store\/de\/produkt\/alk018-lk\/","title":{"rendered":"ALK018 LK"},"content":{"rendered":"<p><img decoding=\"async\" style=\"width: 100%; height: auto; display: block;\" src=\"\/wp-content\/uploads\/2026\/01\/ALK018-LK-PARENT_desc.jpg\" \/><\/p>\n<p style=\"margin-bottom: 10px; margin-top: 30px;\"><strong>COLAMINHALTIGE KRAFTREINIGER<\/strong><\/p>\n<p style=\"margin-bottom: 10px; margin-top: 30px;\"><strong>Anwendungsgebiete:<\/strong><\/p>\n<p style=\"margin-bottom: 8px; margin-top: 0px; line-height: 1.6;\">&#8222;ALK018 LK&#8220; ist ein Reinigungs- und gleichzeitiges Pflegemittel auf Basis von Oleinseifen. Bei der Entwicklung wurde besonders auf eine gro\u00dfe Reinigungskraft, neben der sch\u00fctzenden Bodenbeschichtung, wert gelegt. Von Bedeutung ist diese f\u00fcr einen Seifenreiniger \u00fcberdurchschnittliche Reinigungswirkung bei der Verwendung in Industrieb\u00fcros, in welche oft \u00f6lige oder fettige Bestandteile aus den Werkshallen hereingetragen werden. Diese L\u00f6sewirkung f\u00fcr starke Verschmutzungen wird durch Zus\u00e4tze von synthetischen Waschgrundstoffen, Emulgatoren und Colaminen erreicht.<\/p>\n<p style=\"margin-bottom: 8px; margin-top: 0px; line-height: 1.6;\">&#8222;ALK018 LK&#8220;\u00a0erf\u00fcllt die Anforderungen des deutschen Waschmittelgesetzes.<\/p>\n<p style=\"margin-bottom: 10px; margin-top: 30px;\"><strong>Verarbeitung:<\/strong><\/p>\n<p style=\"margin-bottom: 8px; margin-top: 0px; line-height: 1.6;\">Durch die gro\u00dfe Reinigungskraft ist die Anwendung besonders in Gro\u00dfobjekten extrem rationell. Die Verarbeitung kann manuell oder auch in Reinigungsautomaten erfolgen, da die Schaumentwicklung gering ist.<\/p>\n<p style=\"margin-bottom: 8px; margin-top: 0px; line-height: 1.6;\">Nach der Einpflege nicht mit klarem Wasser nachsp\u00fclen. Ein Polieren auf Glanz ist nach der gr\u00fcndlichen Durchtrocknung m\u00f6glich.<\/p>\n<p style=\"margin-bottom: 8px; margin-top: 0px; line-height: 1.6;\">100 &#8211; 200 ml pro Eimer Wasser (8 Ltr.) gen\u00fcgen auch bei starker Verschmutzung auf PVC- oder Steinb\u00f6den. Wird das Produkt auf anderen wasserfesten Materialien eingesetz oder wird bei starken Verkrustungen die Dosierung erh\u00f6ht, so ist vor der Anwendung der Belag auf Eignung zu pr\u00fcfen. Der Verbrauch von\u00a0&#8222;ALK018 LK&#8220;\u00a0liegt bei ca. 1 Ltr. auf 100 qm.<\/p>\n<p style=\"margin-bottom: 10px; margin-top: 30px;\"><strong>Hinweise:<\/strong><\/p>\n<p style=\"margin-bottom: 8px; margin-top: 0px; line-height: 1.6;\">Bei empfindlichen Personen k\u00f6nnen bedingt durch die Alkalit\u00e4t von\u00a0&#8222;ALK018 LK&#8220;\u00a0Hautreizungen auftreten, deshalb sollten bei der Verarbeitung des Produktes Handschuhe getragen werden.<\/p>\n<p style=\"margin-bottom: 10px; margin-top: 30px;\"><strong>pH:<\/strong>11,7-12,2 (Konz.)<\/p>\n","protected":false},"excerpt":{"rendered":"<p>COLAMINHALTIGE KRAFTREINIGER Anwendungsgebiete: &#8222;ALK018 LK&#8220; ist ein Reinigungs- und gleichzeitiges Pflegemittel auf Basis von Oleinseifen. Bei der Entwicklung wurde besonders auf eine gro\u00dfe Reinigungskraft, neben der sch\u00fctzenden Bodenbeschichtung, wert gelegt. Von Bedeutung ist diese f\u00fcr einen Seifenreiniger \u00fcberdurchschnittliche Reinigungswirkung bei der Verwendung in Industrieb\u00fcros, in welche oft \u00f6lige oder fettige Bestandteile aus den Werkshallen hereingetragen&#8230;<\/p>\n","protected":false},"featured_media":5047,"template":"","meta":[],"product_brand":[319],"product_cat":[415,484,472],"product_tag":[],"class_list":{"0":"post-5046","1":"product","2":"type-product","3":"status-publish","4":"has-post-thumbnail","6":"product_brand-chemie-spezial","7":"product_cat-chemie-spezial-produkte","8":"product_cat-bauabschlussreiniger","9":"product_cat-gebaeudereinigung","11":"first","12":"instock","13":"shipping-taxable","14":"purchasable","15":"product-type-variable","16":"has-default-attributes"},"_links":{"self":[{"href":"https:\/\/e-flore.store\/de\/wp-json\/wp\/v2\/product\/5046","targetHints":{"allow":["GET"]}}],"collection":[{"href":"https:\/\/e-flore.store\/de\/wp-json\/wp\/v2\/product"}],"about":[{"href":"https:\/\/e-flore.store\/de\/wp-json\/wp\/v2\/types\/product"}],"wp:featuredmedia":[{"embeddable":true,"href":"https:\/\/e-flore.store\/de\/wp-json\/wp\/v2\/media\/5047"}],"wp:attachment":[{"href":"https:\/\/e-flore.store\/de\/wp-json\/wp\/v2\/media?parent=5046"}],"wp:term":[{"taxonomy":"product_brand","embeddable":true,"href":"https:\/\/e-flore.store\/de\/wp-json\/wp\/v2\/product_brand?post=5046"},{"taxonomy":"product_cat","embeddable":true,"href":"https:\/\/e-flore.store\/de\/wp-json\/wp\/v2\/product_cat?post=5046"},{"taxonomy":"product_tag","embeddable":true,"href":"https:\/\/e-flore.store\/de\/wp-json\/wp\/v2\/product_tag?post=5046"}],"curies":[{"name":"wp","href":"https:\/\/api.w.org\/{rel}","templated":true}]}}