{"id":5052,"date":"2026-02-03T16:00:46","date_gmt":"2026-02-03T14:00:46","guid":{"rendered":"https:\/\/demo8.izveide.id.lv\/?post_type=product&#038;p=5052"},"modified":"2026-03-26T15:13:32","modified_gmt":"2026-03-26T13:13:32","slug":"alk096-lk","status":"publish","type":"product","link":"https:\/\/e-flore.store\/de\/produkt\/alk096-lk\/","title":{"rendered":"ALK096 LK"},"content":{"rendered":"<p><img decoding=\"async\" style=\"width: 100%; height: auto; display: block;\" src=\"\/wp-content\/uploads\/2026\/01\/ALK096-LK-PARENT_desc.jpg\" \/><\/p>\n<p style=\"margin-bottom: 10px; margin-top: 30px;\"><strong>KUNSTSTOFF- UND SCHREIBTISCHREINIGER<\/strong><\/p>\n<p style=\"margin-bottom: 10px; margin-top: 30px;\"><strong>Produkt beschreibung:<\/strong><\/p>\n<p style=\"margin-bottom: 8px; margin-top: 0px; line-height: 1.6;\">&#8222;ALK096 LK&#8220; ist ein Kunststoff- und Schreibtischreiniger mit ausgezeichneten L\u00f6seeigenschaften gegen\u00fcber Kugelschreiberverstrichungen, Stempelkissenfarbe, Filzschreiber, Nikotin etc.<\/p>\n<p style=\"margin-bottom: 8px; margin-top: 0px; line-height: 1.6;\">Auch geeignet f\u00fcr die Entfernung von Kugelschreiber- und Filzstiftparolen auf Sanit\u00e4rtrennw\u00e4nden. &#8222;ALK096 LK&#8220;\u00a0besitzt trotz seiner ausgezeichneten Reinigungseigenschaften eine hohe Materialvertr\u00e4glichkeit gegen\u00fcber allen handels\u00fcblichen Kunststoffen.<\/p>\n<p style=\"margin-bottom: 10px; margin-top: 30px;\"><strong>Verarbeitung:<\/strong><\/p>\n<p style=\"margin-bottom: 8px; margin-top: 0px; line-height: 1.6;\">&#8222;ALK096 LK&#8220;\u00a0wird konzentriert aus der Spr\u00fchflasche auf die Verschmutzung aufgespr\u00fcht. Nach kurzer Einwirkzeit mit einem trockenem Tuch oder einem Alkoholreiniger, z. B. ISO Klarglanz, aufnehmen.<\/p>\n<p style=\"margin-bottom: 8px; margin-top: 0px; line-height: 1.6;\">Nicht eintrocknen lassen.<\/p>\n<p style=\"margin-bottom: 10px; margin-top: 30px;\"><strong>Hinweise:<\/strong><\/p>\n<p style=\"margin-bottom: 8px; margin-top: 0px; line-height: 1.6;\">Nicht geeignet f\u00fcr Plexiglas und alkaliempfindliche Bel\u00e4ge.<\/p>\n<p style=\"margin-bottom: 10px; margin-top: 30px;\"><strong>pH (konz.):<\/strong>8 &#8211; 10<\/p>\n","protected":false},"excerpt":{"rendered":"<p>KUNSTSTOFF- UND SCHREIBTISCHREINIGER Produkt beschreibung: &#8222;ALK096 LK&#8220; ist ein Kunststoff- und Schreibtischreiniger mit ausgezeichneten L\u00f6seeigenschaften gegen\u00fcber Kugelschreiberverstrichungen, Stempelkissenfarbe, Filzschreiber, Nikotin etc. Auch geeignet f\u00fcr die Entfernung von Kugelschreiber- und Filzstiftparolen auf Sanit\u00e4rtrennw\u00e4nden. &#8222;ALK096 LK&#8220;\u00a0besitzt trotz seiner ausgezeichneten Reinigungseigenschaften eine hohe Materialvertr\u00e4glichkeit gegen\u00fcber allen handels\u00fcblichen Kunststoffen. Verarbeitung: &#8222;ALK096 LK&#8220;\u00a0wird konzentriert aus der Spr\u00fchflasche auf die Verschmutzung&#8230;<\/p>\n","protected":false},"featured_media":5053,"template":"","meta":[],"product_brand":[319],"product_cat":[415,481,484,472],"product_tag":[],"class_list":{"0":"post-5052","1":"product","2":"type-product","3":"status-publish","4":"has-post-thumbnail","6":"product_brand-chemie-spezial","7":"product_cat-chemie-spezial-produkte","8":"product_cat-glas-und-rahmenreiniger","9":"product_cat-bauabschlussreiniger","10":"product_cat-gebaeudereinigung","12":"first","13":"instock","14":"shipping-taxable","15":"purchasable","16":"product-type-variable","17":"has-default-attributes"},"_links":{"self":[{"href":"https:\/\/e-flore.store\/de\/wp-json\/wp\/v2\/product\/5052","targetHints":{"allow":["GET"]}}],"collection":[{"href":"https:\/\/e-flore.store\/de\/wp-json\/wp\/v2\/product"}],"about":[{"href":"https:\/\/e-flore.store\/de\/wp-json\/wp\/v2\/types\/product"}],"wp:featuredmedia":[{"embeddable":true,"href":"https:\/\/e-flore.store\/de\/wp-json\/wp\/v2\/media\/5053"}],"wp:attachment":[{"href":"https:\/\/e-flore.store\/de\/wp-json\/wp\/v2\/media?parent=5052"}],"wp:term":[{"taxonomy":"product_brand","embeddable":true,"href":"https:\/\/e-flore.store\/de\/wp-json\/wp\/v2\/product_brand?post=5052"},{"taxonomy":"product_cat","embeddable":true,"href":"https:\/\/e-flore.store\/de\/wp-json\/wp\/v2\/product_cat?post=5052"},{"taxonomy":"product_tag","embeddable":true,"href":"https:\/\/e-flore.store\/de\/wp-json\/wp\/v2\/product_tag?post=5052"}],"curies":[{"name":"wp","href":"https:\/\/api.w.org\/{rel}","templated":true}]}}