{"id":5082,"date":"2026-02-03T16:00:53","date_gmt":"2026-02-03T14:00:53","guid":{"rendered":"https:\/\/demo8.izveide.id.lv\/?post_type=product&#038;p=5082"},"modified":"2026-03-26T15:13:14","modified_gmt":"2026-03-26T13:13:14","slug":"neu1613-lk","status":"publish","type":"product","link":"https:\/\/e-flore.store\/de\/produkt\/neu1613-lk\/","title":{"rendered":"NEU1613 LK"},"content":{"rendered":"<p><img decoding=\"async\" style=\"width: 100%; height: auto; display: block;\" src=\"\/wp-content\/uploads\/2026\/01\/NEU1613-LK-PARENT_desc.jpg\" \/><\/p>\n<p style=\"margin-bottom: 10px; margin-top: 30px;\"><strong>FENSTERSEIFE F<\/strong>\u00dc<strong>R DIE PROFESSIONELLE FENSTERREINIGUNG<\/strong><\/p>\n<p style=\"margin-bottom: 10px; margin-top: 30px;\"><strong>Anwendungsgebiete:<\/strong><\/p>\n<p style=\"margin-bottom: 8px; margin-top: 0px; line-height: 1.6;\">&#8222;NEU1613 LK&#8220; ist ein hochkonzentrierter Spezialreiniger f\u00fcr die professionelle Anwendung. Mit\u00a0&#8222;NEU1613 LK&#8220;\u00a0gleitet der Fensterwischer sehr leicht \u00fcber das Glas. Das Ergebnis ist streifenfreie Sauberkeit, auf Fensterglas, Winterg\u00e4rten, Duschw\u00e4nden, Glast\u00fcren, Glasm\u00f6beln und vielen weiteren Glasoberfl\u00e4chen.<\/p>\n<p style=\"margin-bottom: 8px; margin-top: 0px; line-height: 1.6;\">&#8222;NEU1613 LK&#8220;\u00a0ist trotz seiner starken Reinigungskraft schonend und unbedenklich gegen\u00fcber den verschiedensten Materialien und Fl\u00e4chen und l\u00f6st m\u00fchelos und schnell Verschmutzungen auf allen Glasoberfl\u00e4chen. Ideal gegen Fett, Fliegenschmutz, Nikotinablagerungen, Hautfette, Emissionen, Fettfilme uvm, auch f\u00fcr Kunststofffl\u00e4chen geeignet.<\/p>\n<p style=\"margin-bottom: 10px; margin-top: 30px;\"><strong>Verarbeitung:<\/strong><\/p>\n<p style=\"margin-bottom: 8px; margin-top: 0px; line-height: 1.6;\">&#8222;NEU1613 LK&#8220;\u00a0ist \u00e4u\u00dferst sparsam im Verbrauch. Bei leichter Verschmutzung gen\u00fcgen 50 ml auf 8 ltr Wasser.<\/p>\n<p style=\"margin-bottom: 8px; margin-top: 0px; line-height: 1.6;\">Bei starken Verschmutzungen kann die Dosierung beliebig erh\u00f6ht werden.<\/p>\n<p style=\"margin-bottom: 10px; margin-top: 30px;\"><strong>Hinweise:<\/strong><\/p>\n<p style=\"margin-bottom: 8px; margin-top: 0px; line-height: 1.6;\">&#8222;NEU1613 LK&#8220;\u00a0\u00fcbertrifft die Anforderungen des deutschen.<\/p>\n<p style=\"margin-bottom: 10px; margin-top: 30px;\"><strong>pH:<\/strong>7,0 (Konz.)<\/p>\n","protected":false},"excerpt":{"rendered":"<p>FENSTERSEIFE F\u00dcR DIE PROFESSIONELLE FENSTERREINIGUNG Anwendungsgebiete: &#8222;NEU1613 LK&#8220; ist ein hochkonzentrierter Spezialreiniger f\u00fcr die professionelle Anwendung. Mit\u00a0&#8222;NEU1613 LK&#8220;\u00a0gleitet der Fensterwischer sehr leicht \u00fcber das Glas. Das Ergebnis ist streifenfreie Sauberkeit, auf Fensterglas, Winterg\u00e4rten, Duschw\u00e4nden, Glast\u00fcren, Glasm\u00f6beln und vielen weiteren Glasoberfl\u00e4chen. &#8222;NEU1613 LK&#8220;\u00a0ist trotz seiner starken Reinigungskraft schonend und unbedenklich gegen\u00fcber den verschiedensten Materialien und Fl\u00e4chen&#8230;<\/p>\n","protected":false},"featured_media":5083,"template":"","meta":[],"product_brand":[319],"product_cat":[415,481,472],"product_tag":[],"class_list":{"0":"post-5082","1":"product","2":"type-product","3":"status-publish","4":"has-post-thumbnail","6":"product_brand-chemie-spezial","7":"product_cat-chemie-spezial-produkte","8":"product_cat-glas-und-rahmenreiniger","9":"product_cat-gebaeudereinigung","11":"first","12":"instock","13":"shipping-taxable","14":"purchasable","15":"product-type-variable","16":"has-default-attributes"},"_links":{"self":[{"href":"https:\/\/e-flore.store\/de\/wp-json\/wp\/v2\/product\/5082","targetHints":{"allow":["GET"]}}],"collection":[{"href":"https:\/\/e-flore.store\/de\/wp-json\/wp\/v2\/product"}],"about":[{"href":"https:\/\/e-flore.store\/de\/wp-json\/wp\/v2\/types\/product"}],"wp:featuredmedia":[{"embeddable":true,"href":"https:\/\/e-flore.store\/de\/wp-json\/wp\/v2\/media\/5083"}],"wp:attachment":[{"href":"https:\/\/e-flore.store\/de\/wp-json\/wp\/v2\/media?parent=5082"}],"wp:term":[{"taxonomy":"product_brand","embeddable":true,"href":"https:\/\/e-flore.store\/de\/wp-json\/wp\/v2\/product_brand?post=5082"},{"taxonomy":"product_cat","embeddable":true,"href":"https:\/\/e-flore.store\/de\/wp-json\/wp\/v2\/product_cat?post=5082"},{"taxonomy":"product_tag","embeddable":true,"href":"https:\/\/e-flore.store\/de\/wp-json\/wp\/v2\/product_tag?post=5082"}],"curies":[{"name":"wp","href":"https:\/\/api.w.org\/{rel}","templated":true}]}}