{"id":5094,"date":"2026-02-03T16:00:55","date_gmt":"2026-02-03T14:00:55","guid":{"rendered":"https:\/\/demo8.izveide.id.lv\/?post_type=product&#038;p=5094"},"modified":"2026-03-26T15:13:03","modified_gmt":"2026-03-26T13:13:03","slug":"slv22e-lk","status":"publish","type":"product","link":"https:\/\/e-flore.store\/de\/produkt\/slv22e-lk\/","title":{"rendered":"SLV22E LK"},"content":{"rendered":"<p><img decoding=\"async\" style=\"width: 100%; height: auto; display: block;\" src=\"\/wp-content\/uploads\/2026\/01\/SLV22E-LK-PARENT_desc.jpg\" \/><\/p>\n<p style=\"margin-bottom: 10px; margin-top: 30px;\"><strong>GRAFFITI ENTFERNER. PASTE<\/strong><\/p>\n<p style=\"margin-bottom: 10px; margin-top: 30px;\"><strong>Produkt beschreibung:<\/strong><\/p>\n<p style=\"margin-bottom: 8px; margin-top: 0px; line-height: 1.6;\">&#8222;SLV22E LK&#8220; ist ein heterogenes Gemisch aus verschiedenen aliphatischen- und aromatischen L\u00f6sungsmitteln. Er entfernt Farbanstriche auf allen wasser-, alkali- und l\u00f6sungsmittelfesten Materialien. Problemlose Farb- und Lackentfernung wurde bisher bei den unterschiedlichsten Beschichtungen erzielt.<\/p>\n<p style=\"margin-bottom: 10px; margin-top: 30px;\"><strong>Verarbeitung:<\/strong><\/p>\n<p style=\"margin-bottom: 8px; margin-top: 0px; line-height: 1.6;\">&#8222;SLV22E LK&#8220;\u00a0stets unverd\u00fcnnt auftragen. Dann m\u00f6glichst lange, bis kurz vor dem Auftrocknen, einwirken lassen. Manuell mit T\u00fcchern bei glattem, kratzempfindlichem Untergrund, bzw. mit Faseroder Stahlb\u00fcrsten bei unempfindlichem Untergrund die Farbreste entfernen.<\/p>\n<p style=\"margin-bottom: 8px; margin-top: 0px; line-height: 1.6;\">Eventuell mit einer neutralen bis schwach alkalischen Waschl\u00f6sung aus\u00a0&#8222;NEU083 LK&#8220;, &#8222;NEU085 LK&#8220; oder &#8222;ALK105 LK&#8220;\u00a0nachwaschen, um die gel\u00f6sten Farbteilchen wegzuschwemmen.<\/p>\n<p style=\"margin-bottom: 10px; margin-top: 30px;\"><strong>Hinweise:<\/strong><\/p>\n<p style=\"margin-bottom: 8px; margin-top: 0px; line-height: 1.6;\">Bei Arbeiten in Innenr\u00e4umen unbedingt f\u00fcr den Abzug der entstehenden D\u00e4mpfe sorgen, z. B. durch \u00d6ffnen der Fenster, da die D\u00e4mpfe gesundheitssch\u00e4dlich und brennbar sind. Zu empfehlen ist es, an verdeckter Stelle einen Probeauftrag vorzunehmen, um das Material auf Vertr\u00e4glichkeit zu testen.<\/p>\n","protected":false},"excerpt":{"rendered":"<p>GRAFFITI ENTFERNER. PASTE Produkt beschreibung: &#8222;SLV22E LK&#8220; ist ein heterogenes Gemisch aus verschiedenen aliphatischen- und aromatischen L\u00f6sungsmitteln. Er entfernt Farbanstriche auf allen wasser-, alkali- und l\u00f6sungsmittelfesten Materialien. Problemlose Farb- und Lackentfernung wurde bisher bei den unterschiedlichsten Beschichtungen erzielt. Verarbeitung: &#8222;SLV22E LK&#8220;\u00a0stets unverd\u00fcnnt auftragen. Dann m\u00f6glichst lange, bis kurz vor dem Auftrocknen, einwirken lassen. Manuell mit&#8230;<\/p>\n","protected":false},"featured_media":6857,"template":"","meta":[],"product_brand":[319],"product_cat":[478,415,472],"product_tag":[],"class_list":{"0":"post-5094","1":"product","2":"type-product","3":"status-publish","4":"has-post-thumbnail","6":"product_brand-chemie-spezial","7":"product_cat-farb-und-graffiti-loeser-schutz","8":"product_cat-chemie-spezial-produkte","9":"product_cat-gebaeudereinigung","11":"first","12":"instock","13":"shipping-taxable","14":"purchasable","15":"product-type-variable","16":"has-default-attributes"},"_links":{"self":[{"href":"https:\/\/e-flore.store\/de\/wp-json\/wp\/v2\/product\/5094","targetHints":{"allow":["GET"]}}],"collection":[{"href":"https:\/\/e-flore.store\/de\/wp-json\/wp\/v2\/product"}],"about":[{"href":"https:\/\/e-flore.store\/de\/wp-json\/wp\/v2\/types\/product"}],"wp:featuredmedia":[{"embeddable":true,"href":"https:\/\/e-flore.store\/de\/wp-json\/wp\/v2\/media\/6857"}],"wp:attachment":[{"href":"https:\/\/e-flore.store\/de\/wp-json\/wp\/v2\/media?parent=5094"}],"wp:term":[{"taxonomy":"product_brand","embeddable":true,"href":"https:\/\/e-flore.store\/de\/wp-json\/wp\/v2\/product_brand?post=5094"},{"taxonomy":"product_cat","embeddable":true,"href":"https:\/\/e-flore.store\/de\/wp-json\/wp\/v2\/product_cat?post=5094"},{"taxonomy":"product_tag","embeddable":true,"href":"https:\/\/e-flore.store\/de\/wp-json\/wp\/v2\/product_tag?post=5094"}],"curies":[{"name":"wp","href":"https:\/\/api.w.org\/{rel}","templated":true}]}}