{"id":5141,"date":"2026-02-03T16:01:04","date_gmt":"2026-02-03T14:01:04","guid":{"rendered":"https:\/\/demo8.izveide.id.lv\/?post_type=product&#038;p=5141"},"modified":"2026-03-26T15:12:40","modified_gmt":"2026-03-26T13:12:40","slug":"neu1466-lk","status":"publish","type":"product","link":"https:\/\/e-flore.store\/de\/produkt\/neu1466-lk\/","title":{"rendered":"NEU1466 LK"},"content":{"rendered":"<p><img decoding=\"async\" style=\"width: 100%; height: auto; display: block;\" src=\"\/wp-content\/uploads\/2026\/01\/NEU1466-LK-PARENT_desc.jpg\" \/><\/p>\n<p style=\"margin-bottom: 10px; margin-top: 30px;\"><strong>WACHSENTFERNER F\u00dcR HOLZBEL\u00c4GE<\/strong><\/p>\n<p style=\"margin-bottom: 10px; margin-top: 30px;\"><strong>Anwendungsgebiete:<\/strong><\/p>\n<p style=\"margin-bottom: 8px; margin-top: 0px; line-height: 1.6;\">&#8222;NEU1466 LK&#8220; ist eine anwendungsfertige L\u00f6sung zum Entfernen von alten Wachs- und \u00d6lschichten von Holzbel\u00e4gen.<\/p>\n<p style=\"margin-bottom: 8px; margin-top: 0px; line-height: 1.6;\">&#8222;NEU1466 LK&#8220;\u00a0ist wasserfrei und verhindert somit ein Quellen der Holzbel\u00e4ge. Anwendungsfehler oder zu lange Einwirkzeiten sch\u00e4digen nicht die Holzstrukturen.<\/p>\n<p style=\"margin-bottom: 8px; margin-top: 0px; line-height: 1.6;\">&#8222;NEU1466 LK&#8220;\u00a0entfernt nahezu alle Arten von Altbeschichtungen. Das ungesch\u00fctzte Holz sollte nach der Anwendung mit &#8222;ALK1465 LK&#8220;, &#8222;ALK1194 LK&#8220;,\u00a0&#8222;NEU1459 LK&#8220;,\u00a0&#8222;NEU1461 LK&#8220;,\u00a0&#8222;NEU1460 LK&#8220;, oder\u00a0&#8222;NEU1496 LK&#8220;\u00a0behandelt werden.<\/p>\n<p style=\"margin-bottom: 10px; margin-top: 30px;\"><strong>Verarbeitung:<\/strong><\/p>\n<p style=\"margin-bottom: 8px; margin-top: 0px; line-height: 1.6;\">&#8222;NEU1466 LK&#8220;\u00a0konzentriert auf den Belag aufbringen, nicht eintrocknen lassen und die gel\u00f6sten Schichten aufnehmen. Vorgang eventuell mehrfach durchf\u00fchren.<\/p>\n<p style=\"margin-bottom: 10px; margin-top: 30px;\"><strong>Hinweise:<\/strong><\/p>\n<p style=\"margin-bottom: 2px; margin-top: 0px; line-height: 1.4;\">Bei der Verarbeitung f\u00fcr Frischluft sorgen!<\/p>\n","protected":false},"excerpt":{"rendered":"<p>WACHSENTFERNER F\u00dcR HOLZBEL\u00c4GE Anwendungsgebiete: &#8222;NEU1466 LK&#8220; ist eine anwendungsfertige L\u00f6sung zum Entfernen von alten Wachs- und \u00d6lschichten von Holzbel\u00e4gen. &#8222;NEU1466 LK&#8220;\u00a0ist wasserfrei und verhindert somit ein Quellen der Holzbel\u00e4ge. Anwendungsfehler oder zu lange Einwirkzeiten sch\u00e4digen nicht die Holzstrukturen. &#8222;NEU1466 LK&#8220;\u00a0entfernt nahezu alle Arten von Altbeschichtungen. Das ungesch\u00fctzte Holz sollte nach der Anwendung mit &#8222;ALK1465 LK&#8220;,&#8230;<\/p>\n","protected":false},"featured_media":5142,"template":"","meta":[],"product_brand":[319],"product_cat":[475,415,472],"product_tag":[],"class_list":{"0":"post-5141","1":"product","2":"type-product","3":"status-publish","4":"has-post-thumbnail","6":"product_brand-chemie-spezial","7":"product_cat-holzbehandlung","8":"product_cat-chemie-spezial-produkte","9":"product_cat-gebaeudereinigung","11":"first","12":"instock","13":"shipping-taxable","14":"purchasable","15":"product-type-variable","16":"has-default-attributes"},"_links":{"self":[{"href":"https:\/\/e-flore.store\/de\/wp-json\/wp\/v2\/product\/5141","targetHints":{"allow":["GET"]}}],"collection":[{"href":"https:\/\/e-flore.store\/de\/wp-json\/wp\/v2\/product"}],"about":[{"href":"https:\/\/e-flore.store\/de\/wp-json\/wp\/v2\/types\/product"}],"wp:featuredmedia":[{"embeddable":true,"href":"https:\/\/e-flore.store\/de\/wp-json\/wp\/v2\/media\/5142"}],"wp:attachment":[{"href":"https:\/\/e-flore.store\/de\/wp-json\/wp\/v2\/media?parent=5141"}],"wp:term":[{"taxonomy":"product_brand","embeddable":true,"href":"https:\/\/e-flore.store\/de\/wp-json\/wp\/v2\/product_brand?post=5141"},{"taxonomy":"product_cat","embeddable":true,"href":"https:\/\/e-flore.store\/de\/wp-json\/wp\/v2\/product_cat?post=5141"},{"taxonomy":"product_tag","embeddable":true,"href":"https:\/\/e-flore.store\/de\/wp-json\/wp\/v2\/product_tag?post=5141"}],"curies":[{"name":"wp","href":"https:\/\/api.w.org\/{rel}","templated":true}]}}