{"id":5159,"date":"2026-02-03T16:01:10","date_gmt":"2026-02-03T14:01:10","guid":{"rendered":"https:\/\/demo8.izveide.id.lv\/?post_type=product&#038;p=5159"},"modified":"2026-03-26T15:12:26","modified_gmt":"2026-03-26T13:12:26","slug":"neu1496-lk","status":"publish","type":"product","link":"https:\/\/e-flore.store\/de\/produkt\/neu1496-lk\/","title":{"rendered":"NEU1496 LK"},"content":{"rendered":"<p><img decoding=\"async\" style=\"width: 100%; height: auto; display: block;\" src=\"\/wp-content\/uploads\/2026\/01\/NEU1496-LK-PARENT_desc.jpg\" \/><\/p>\n<p style=\"margin-bottom: 10px; margin-top: 30px;\"><strong>HART\u00d6L F\u00dcR UNBEHANDELTES UND GE\u00d6LTES PARKETT UND WEICHHOLZ<\/strong><\/p>\n<p style=\"margin-bottom: 10px; margin-top: 30px;\"><strong>Produkt Beschreibung:<\/strong><\/p>\n<p style=\"margin-bottom: 8px; margin-top: 0px; line-height: 1.6;\">Hochwertiges Hart\u00f6l f\u00fcr nahezu alle unbehandelten oder ge\u00f6lten Holzarten. Ideal f\u00fcr alle Parkett-Typen, Dielen und M\u00f6bel geeignet.<\/p>\n<p style=\"margin-bottom: 8px; margin-top: 0px; line-height: 1.6;\">&#8222;NEU1496 LK&#8220; kann im Innen- und Au\u00dfenbereich eingesetzt werden.<\/p>\n<p style=\"margin-bottom: 8px; margin-top: 0px; line-height: 1.6;\">&#8222;NEU1496 LK&#8220; verleiht den Oberfl\u00e4chen eine farbvertiefende Optik und sch\u00fctzt sie optimal vor Anschmutzung, Verfleckung und Alterung.<\/p>\n<p style=\"margin-bottom: 8px; margin-top: 0px; line-height: 1.6;\">&#8222;NEU1496 LK&#8220;\u00a0ist UV-best\u00e4ndig und neigt nicht zu Vergilbungen.<\/p>\n<p style=\"margin-bottom: 10px; margin-top: 30px;\"><strong>Anwendung:<\/strong><\/p>\n<p style=\"margin-bottom: 8px; margin-top: 0px; line-height: 1.6;\">&#8222;NEU1496 LK&#8220;\u00a0ist eine anwendungsfertige L\u00f6sung und wird mit einem Mopp, Schwamm oder Tuch auf die Oberfl\u00e4chen aufgebracht. Bei stark ausgelaugten oder saugenden Holzarten den Vorgang bis zum gew\u00fcnschten Ergebnis wiederholen. Zwischen den einzelnen Anwendungen sollte eine Trockenzeit von ca. 24 Stunden eingehalten werden.<\/p>\n<p style=\"margin-bottom: 8px; margin-top: 0px; line-height: 1.6;\">Nicht unter 10 \u00b0C und \u00fcber 25 \u00b0C verarbeiten und Fu\u00dfbodenheizung ausschalten. Die zu bearbeitenden Fl\u00e4chen m\u00fcssen absolut trocken und sauber sein. Eventuell mit &#8222;NEU306 LK&#8220; oder &#8222;NEU1466 LK&#8220; vorreinigen und ausreichend trocknen lassen.<\/p>\n<p style=\"margin-bottom: 10px; margin-top: 30px;\"><strong>Hinweise:<\/strong><\/p>\n<p style=\"margin-bottom: 8px; margin-top: 0px; line-height: 1.6;\">Bei der Verarbeitung f\u00fcr ausreichend Frischluftzufuhr sorgen. D\u00e4mpfe k\u00f6nnen narkotisch wirken.<\/p>\n<p style=\"margin-bottom: 8px; margin-top: 0px; line-height: 1.6;\">Bei der Arbeit nicht Essen, Trinken oder Rauchen. Von Z\u00fcndquellen fernhalten.<\/p>\n<p style=\"margin-bottom: 8px; margin-top: 0px; line-height: 1.6;\">Sicherheitsratschl\u00e4ge auf dem Kanister und dem Sicherheitsdatenblatt beachten.<\/p>\n","protected":false},"excerpt":{"rendered":"<p>HART\u00d6L F\u00dcR UNBEHANDELTES UND GE\u00d6LTES PARKETT UND WEICHHOLZ Produkt Beschreibung: Hochwertiges Hart\u00f6l f\u00fcr nahezu alle unbehandelten oder ge\u00f6lten Holzarten. Ideal f\u00fcr alle Parkett-Typen, Dielen und M\u00f6bel geeignet. &#8222;NEU1496 LK&#8220; kann im Innen- und Au\u00dfenbereich eingesetzt werden. &#8222;NEU1496 LK&#8220; verleiht den Oberfl\u00e4chen eine farbvertiefende Optik und sch\u00fctzt sie optimal vor Anschmutzung, Verfleckung und Alterung. &#8222;NEU1496 LK&#8220;\u00a0ist&#8230;<\/p>\n","protected":false},"featured_media":5160,"template":"","meta":[],"product_brand":[319],"product_cat":[475,415,472],"product_tag":[],"class_list":{"0":"post-5159","1":"product","2":"type-product","3":"status-publish","4":"has-post-thumbnail","6":"product_brand-chemie-spezial","7":"product_cat-holzbehandlung","8":"product_cat-chemie-spezial-produkte","9":"product_cat-gebaeudereinigung","11":"first","12":"instock","13":"shipping-taxable","14":"purchasable","15":"product-type-variable","16":"has-default-attributes"},"_links":{"self":[{"href":"https:\/\/e-flore.store\/de\/wp-json\/wp\/v2\/product\/5159","targetHints":{"allow":["GET"]}}],"collection":[{"href":"https:\/\/e-flore.store\/de\/wp-json\/wp\/v2\/product"}],"about":[{"href":"https:\/\/e-flore.store\/de\/wp-json\/wp\/v2\/types\/product"}],"wp:featuredmedia":[{"embeddable":true,"href":"https:\/\/e-flore.store\/de\/wp-json\/wp\/v2\/media\/5160"}],"wp:attachment":[{"href":"https:\/\/e-flore.store\/de\/wp-json\/wp\/v2\/media?parent=5159"}],"wp:term":[{"taxonomy":"product_brand","embeddable":true,"href":"https:\/\/e-flore.store\/de\/wp-json\/wp\/v2\/product_brand?post=5159"},{"taxonomy":"product_cat","embeddable":true,"href":"https:\/\/e-flore.store\/de\/wp-json\/wp\/v2\/product_cat?post=5159"},{"taxonomy":"product_tag","embeddable":true,"href":"https:\/\/e-flore.store\/de\/wp-json\/wp\/v2\/product_tag?post=5159"}],"curies":[{"name":"wp","href":"https:\/\/api.w.org\/{rel}","templated":true}]}}