{"id":5171,"date":"2026-02-03T16:01:11","date_gmt":"2026-02-03T14:01:11","guid":{"rendered":"https:\/\/demo8.izveide.id.lv\/?post_type=product&#038;p=5171"},"modified":"2026-03-26T15:12:22","modified_gmt":"2026-03-26T13:12:22","slug":"neu1460-lk","status":"publish","type":"product","link":"https:\/\/e-flore.store\/de\/produkt\/neu1460-lk\/","title":{"rendered":"NEU1460 LK"},"content":{"rendered":"<p><img decoding=\"async\" style=\"width: 100%; height: auto; display: block;\" src=\"\/wp-content\/uploads\/2026\/01\/NEU1460-LK-PARENT_desc.jpg\" \/><\/p>\n<div id=\"eflore-spacer-v55\" style=\"height: 0px; clear: both; width: 100%; display: block;\"><\/div>\n<p style=\"margin-bottom: 10px; margin-top: 30px;\"><strong>HOLZVERSIEGELUNG F\u00dcR OFFENE UND BEREITS BESCHICHTETE HOLZBEL\u00c4GE<\/strong><\/p>\n<p style=\"margin-bottom: 10px; margin-top: 30px;\"><strong>Anwendungsgebiete:<\/strong><\/p>\n<p style=\"margin-bottom: 8px; margin-top: 0px; line-height: 1.6;\">&#8222;NEU1460 LK&#8220; ist eine gl\u00e4nzende, extrem trittsichere Holzversiegelung f\u00fcr offene und bereits beschichtete Holz Bel\u00e4ge. Die Acrylatbeschichtung ist f\u00fcr nahezu alle Holz- und Laminatarten geeignet und verleiht der Oberfl\u00e4che eine gl\u00e4nzende, schmutzabweisende und trittsichere Schutzschicht. Entspricht DIN 18022.<\/p>\n<p style=\"margin-bottom: 10px; margin-top: 30px;\"><strong>Verarbeitung:<\/strong><\/p>\n<p style=\"margin-bottom: 8px; margin-top: 0px; line-height: 1.6;\">&#8222;NEU1460 LK&#8220;\u00a0in 2 \u2013 3 Schichten mit einem flusenfreien Mopp d\u00fcnn auftragen. Immer mit der Holzmaserung anwenden. Die Trockenzeit zwischen den einzelnen Schichten sollte 1 \u2013 2 Stunden betragen. Bevor man eine neue Schicht auftr\u00e4gt sollte die vorherige nicht mehr \u2018kleben\u2018. (Handtest)\u00a0&#8222;NEU1460 LK&#8220;\u00a0kann auch 1:20 mit Wasser verd\u00fcnnt, als Wischpflege f\u00fcr einen dauerhaften erhalt der Optik, eingesetzt werden.\u00a0&#8222;NEU1460 LK&#8220;\u00a0kann ebenfalls mit einer Poliermaschine verdichtet werden. Verbrauch per qm und Schicht: 40-60 ml.<\/p>\n<p style=\"margin-bottom: 10px; margin-top: 30px;\"><strong>Hinweise:<\/strong><\/p>\n<p style=\"margin-bottom: 8px; margin-top: 0px; line-height: 1.6;\">Vor der Erstanwendung Materialien an verdeckter Stelle auf Vertr\u00e4glichkeit pr\u00fcfen. Nicht geeignet auf ge\u00f6lten oder gewachsten Oberfl\u00e4chen. Hierf\u00fcr muss der Belag zuerst mit\u00a0&#8222;ALK1501 LK&#8220;\u00a0grundgereinigt werden. Fu\u00dfbodenheizung ausschalten und Boden anschlie\u00dfend auf Normaltemperatur runter k\u00fchlen. F\u00fcr eine gute Bel\u00fcftung sorgen!<\/p>\n<p style=\"margin-bottom: 10px; margin-top: 30px;\"><strong>pH:<\/strong>7,8 (Konz.)<\/p>\n","protected":false},"excerpt":{"rendered":"<p>HOLZVERSIEGELUNG F\u00dcR OFFENE UND BEREITS BESCHICHTETE HOLZBEL\u00c4GE Anwendungsgebiete: &#8222;NEU1460 LK&#8220; ist eine gl\u00e4nzende, extrem trittsichere Holzversiegelung f\u00fcr offene und bereits beschichtete Holz Bel\u00e4ge. Die Acrylatbeschichtung ist f\u00fcr nahezu alle Holz- und Laminatarten geeignet und verleiht der Oberfl\u00e4che eine gl\u00e4nzende, schmutzabweisende und trittsichere Schutzschicht. Entspricht DIN 18022. Verarbeitung: &#8222;NEU1460 LK&#8220;\u00a0in 2 \u2013 3 Schichten mit einem&#8230;<\/p>\n","protected":false},"featured_media":5172,"template":"","meta":[],"product_brand":[319],"product_cat":[475,415,472],"product_tag":[],"class_list":{"0":"post-5171","1":"product","2":"type-product","3":"status-publish","4":"has-post-thumbnail","6":"product_brand-chemie-spezial","7":"product_cat-holzbehandlung","8":"product_cat-chemie-spezial-produkte","9":"product_cat-gebaeudereinigung","11":"first","12":"instock","13":"shipping-taxable","14":"purchasable","15":"product-type-variable","16":"has-default-attributes"},"_links":{"self":[{"href":"https:\/\/e-flore.store\/de\/wp-json\/wp\/v2\/product\/5171","targetHints":{"allow":["GET"]}}],"collection":[{"href":"https:\/\/e-flore.store\/de\/wp-json\/wp\/v2\/product"}],"about":[{"href":"https:\/\/e-flore.store\/de\/wp-json\/wp\/v2\/types\/product"}],"wp:featuredmedia":[{"embeddable":true,"href":"https:\/\/e-flore.store\/de\/wp-json\/wp\/v2\/media\/5172"}],"wp:attachment":[{"href":"https:\/\/e-flore.store\/de\/wp-json\/wp\/v2\/media?parent=5171"}],"wp:term":[{"taxonomy":"product_brand","embeddable":true,"href":"https:\/\/e-flore.store\/de\/wp-json\/wp\/v2\/product_brand?post=5171"},{"taxonomy":"product_cat","embeddable":true,"href":"https:\/\/e-flore.store\/de\/wp-json\/wp\/v2\/product_cat?post=5171"},{"taxonomy":"product_tag","embeddable":true,"href":"https:\/\/e-flore.store\/de\/wp-json\/wp\/v2\/product_tag?post=5171"}],"curies":[{"name":"wp","href":"https:\/\/api.w.org\/{rel}","templated":true}]}}