{"id":5183,"date":"2026-02-03T16:01:13","date_gmt":"2026-02-03T14:01:13","guid":{"rendered":"https:\/\/demo8.izveide.id.lv\/?post_type=product&#038;p=5183"},"modified":"2026-03-26T15:12:11","modified_gmt":"2026-03-26T13:12:11","slug":"clnw-94","status":"publish","type":"product","link":"https:\/\/e-flore.store\/de\/produkt\/clnw-94\/","title":{"rendered":"CLNW 94"},"content":{"rendered":"<p><img decoding=\"async\" style=\"width: 100%; height: auto; display: block;\" src=\"\/wp-content\/uploads\/2026\/01\/CLNW-94-PARENT_desc.jpg\" \/><\/p>\n<p style=\"margin-bottom: 10px; margin-top: 30px;\"><strong>ETIKETTEN-L\u00d6SER<\/strong><\/p>\n<p style=\"margin-bottom: 8px; margin-top: 0px; line-height: 1.6;\"><strong>&#8222;CLNW 94&#8220;<\/strong><\/p>\n<p style=\"margin-bottom: 8px; margin-top: 0px; line-height: 1.6;\">l\u00f6st innerhalb k\u00fcrzester Zeit Papieretiketten jeder Art von fast allen Oberfl\u00e4chen. Klebstoffreste von Folienetiketten werden m\u00fchelos und r\u00fcckstandsfrei entfernt. Die enthaltenen nat\u00fcrlichen Citrusextrakte durchdringen die Etiketten und l\u00f6sen die Klebstoffschicht an.<\/p>\n<p style=\"margin-bottom: 10px; margin-top: 30px;\"><strong>Eigenschaften:<\/strong><\/p>\n<p style=\"margin-bottom: 8px; margin-top: 0px; line-height: 1.6;\">&#8222;CLNW 94&#8220;\u00a0ist auf Basis umweltschonender Wirkstoffe formuliert. Er l\u00f6st unbeschichtete selbstklebende Etiketten innerhalb weniger Minuten. Sein pH-Wert liegt bei 7 &#8211; 8 und ist nicht korrosiv. L\u00f6st Etiketten von Glas, Karton, Metall, lackierten Fl\u00e4chen und vielen Kunststoffen. Nicht bei l\u00f6semittelempfindlichen Kunststoffen, wie Polycarbonat und Plexiglas anwenden.<\/p>\n<p style=\"margin-bottom: 10px; margin-top: 30px;\"><strong>Verarbeitung:<\/strong><\/p>\n<p style=\"margin-bottom: 8px; margin-top: 0px; line-height: 1.6;\">Die Dose kurz sch\u00fctteln, den Wirkstoff fl\u00e4chendeckend, satt aufspr\u00fchen und einige Minuten einwirken lassen. Anschlie\u00dfend Etikett entfernen. Wenn sich beim ersten Mal nur die obere Papierschicht l\u00f6st, Vorgang wiederholen.<\/p>\n<p style=\"margin-bottom: 10px; margin-top: 30px;\"><strong>Technische Daten:<\/strong><\/p>\n<p style=\"margin-bottom: 8px; margin-top: 0px; line-height: 1.6;\">Abl\u00f6sezeit: ca. 4 Minuten<\/p>\n<p style=\"margin-bottom: 8px; margin-top: 0px; line-height: 1.6;\">PH-Wert: 7 &#8211; 8<\/p>\n<p style=\"margin-bottom: 8px; margin-top: 0px; line-height: 1.6;\">Lagertemperatur: +5 \u00b0C bis max. +25 \u00b0C<\/p>\n","protected":false},"excerpt":{"rendered":"<p>ETIKETTEN-L\u00d6SER &#8222;CLNW 94&#8220; l\u00f6st innerhalb k\u00fcrzester Zeit Papieretiketten jeder Art von fast allen Oberfl\u00e4chen. Klebstoffreste von Folienetiketten werden m\u00fchelos und r\u00fcckstandsfrei entfernt. Die enthaltenen nat\u00fcrlichen Citrusextrakte durchdringen die Etiketten und l\u00f6sen die Klebstoffschicht an. Eigenschaften: &#8222;CLNW 94&#8220;\u00a0ist auf Basis umweltschonender Wirkstoffe formuliert. Er l\u00f6st unbeschichtete selbstklebende Etiketten innerhalb weniger Minuten. Sein pH-Wert liegt bei 7&#8230;<\/p>\n","protected":false},"featured_media":5184,"template":"","meta":[],"product_brand":[],"product_cat":[415,469,460],"product_tag":[],"class_list":{"0":"post-5183","1":"product","2":"type-product","3":"status-publish","4":"has-post-thumbnail","6":"product_cat-chemie-spezial-produkte","7":"product_cat-reinigung","8":"product_cat-technische-sprays","10":"first","11":"instock","12":"shipping-taxable","13":"purchasable","14":"product-type-variable","15":"has-default-attributes"},"_links":{"self":[{"href":"https:\/\/e-flore.store\/de\/wp-json\/wp\/v2\/product\/5183","targetHints":{"allow":["GET"]}}],"collection":[{"href":"https:\/\/e-flore.store\/de\/wp-json\/wp\/v2\/product"}],"about":[{"href":"https:\/\/e-flore.store\/de\/wp-json\/wp\/v2\/types\/product"}],"wp:featuredmedia":[{"embeddable":true,"href":"https:\/\/e-flore.store\/de\/wp-json\/wp\/v2\/media\/5184"}],"wp:attachment":[{"href":"https:\/\/e-flore.store\/de\/wp-json\/wp\/v2\/media?parent=5183"}],"wp:term":[{"taxonomy":"product_brand","embeddable":true,"href":"https:\/\/e-flore.store\/de\/wp-json\/wp\/v2\/product_brand?post=5183"},{"taxonomy":"product_cat","embeddable":true,"href":"https:\/\/e-flore.store\/de\/wp-json\/wp\/v2\/product_cat?post=5183"},{"taxonomy":"product_tag","embeddable":true,"href":"https:\/\/e-flore.store\/de\/wp-json\/wp\/v2\/product_tag?post=5183"}],"curies":[{"name":"wp","href":"https:\/\/api.w.org\/{rel}","templated":true}]}}