{"id":5191,"date":"2026-02-03T16:01:14","date_gmt":"2026-02-03T14:01:14","guid":{"rendered":"https:\/\/demo8.izveide.id.lv\/?post_type=product&#038;p=5191"},"modified":"2026-03-26T15:12:08","modified_gmt":"2026-03-26T13:12:08","slug":"clnw-2400","status":"publish","type":"product","link":"https:\/\/e-flore.store\/de\/produkt\/clnw-2400\/","title":{"rendered":"CLNW 2400"},"content":{"rendered":"<p><img decoding=\"async\" style=\"width: 100%; height: auto; display: block;\" src=\"\/wp-content\/uploads\/2026\/01\/CLNW-2400-PARENT_desc.jpg\" \/><\/p>\n<div id=\"eflore-spacer-v55\" style=\"height: 0px; clear: both; width: 100%; display: block;\"><\/div>\n<p style=\"margin-bottom: 10px; margin-top: 30px;\"><strong>MONTAGEREINIGER<\/strong><\/p>\n<p style=\"margin-bottom: 10px; margin-top: 30px;\"><strong>&#8222;CLNW 2400&#8220;<\/strong><\/p>\n<p style=\"margin-bottom: 8px; margin-top: 0px; line-height: 1.6;\">Profi Montagereiniger beseitigt \u00d6l- und fetthaltige Verschmutzungen von verschiedenen Oberfl\u00e4chen und Materialien.\u00a0&#8222;CLNW 2400&#8220;\u00a0ist der ideale Reiniger f\u00fcr den Einsatz in Industrie, Handwerk, Reparatur, Montage, Wartung und Instandsetzung.<\/p>\n<p style=\"margin-bottom: 10px; margin-top: 30px;\"><strong>Eigenschaften:<\/strong><\/p>\n<p style=\"margin-bottom: 2px; margin-top: 0px; line-height: 1.4;\">&#8211; schnelle r\u00fcckstandsfreie Abl\u00fcftung<\/p>\n<p style=\"margin-bottom: 2px; margin-top: 0px; line-height: 1.4;\">&#8211; enfernt porentief Fett, \u00d6l, Staub, Verkrustungen, Schmutzreste, Ru\u00df, etc.<\/p>\n<p style=\"margin-bottom: 10px; margin-top: 30px;\"><strong>Anwendung:<\/strong><\/p>\n<p style=\"margin-bottom: 8px; margin-top: 0px; line-height: 1.6;\">&#8222;CLNW 2400&#8220;\u00a0reinigt Metalle, Glas, Keramik, Kunststoffe. Entfernt porentief Fett, Schmutzreste, Ru\u00df, Staub etc. Ideal zur Vorbereitung von Klebefl\u00e4chen die eine fettfreie Oberfl\u00e4che erfordern. Der Reiniger ist universell einsetzbar und verdunstet r\u00fcckstandsfrei. Produkt aus einer Entfernung von ca. 20-30 cm auf die Oberfl\u00e4che aufspr\u00fchen, einwirken und abl\u00fcften lassen. Bei hartn\u00e4ckigen Verschmutzungen Anwendung wiederholen. Achtung! Thermoplaste wie Gummi, PVC, Plexiglas, Polystyrol und einfache Lackanstriche k\u00f6nnten angel\u00f6st werden. Vor der Anwendung, Oberfl\u00e4che auf Vertr\u00e4glichkeit testen!<\/p>\n<p style=\"margin-bottom: 10px; margin-top: 30px;\"><strong>Technische Daten:<\/strong><\/p>\n<p style=\"margin-bottom: 2px; margin-top: 0px; line-height: 1.4;\">Farbe: farblos<\/p>\n<p style=\"margin-bottom: 2px; margin-top: 0px; line-height: 1.4;\">Geruch: nach Zitrusfr\u00fcchten<\/p>\n<p style=\"margin-bottom: 2px; margin-top: 0px; line-height: 1.4;\">Lagertemperatur: +5 \u00b0C bis max. +25 \u00b0C<\/p>\n","protected":false},"excerpt":{"rendered":"<p>MONTAGEREINIGER &#8222;CLNW 2400&#8220; Profi Montagereiniger beseitigt \u00d6l- und fetthaltige Verschmutzungen von verschiedenen Oberfl\u00e4chen und Materialien.\u00a0&#8222;CLNW 2400&#8220;\u00a0ist der ideale Reiniger f\u00fcr den Einsatz in Industrie, Handwerk, Reparatur, Montage, Wartung und Instandsetzung. Eigenschaften: &#8211; schnelle r\u00fcckstandsfreie Abl\u00fcftung &#8211; enfernt porentief Fett, \u00d6l, Staub, Verkrustungen, Schmutzreste, Ru\u00df, etc. Anwendung: &#8222;CLNW 2400&#8220;\u00a0reinigt Metalle, Glas, Keramik, Kunststoffe. Entfernt porentief Fett,&#8230;<\/p>\n","protected":false},"featured_media":5192,"template":"","meta":[],"product_brand":[319],"product_cat":[415,469,460],"product_tag":[],"class_list":{"0":"post-5191","1":"product","2":"type-product","3":"status-publish","4":"has-post-thumbnail","6":"product_brand-chemie-spezial","7":"product_cat-chemie-spezial-produkte","8":"product_cat-reinigung","9":"product_cat-technische-sprays","11":"first","12":"instock","13":"shipping-taxable","14":"purchasable","15":"product-type-variable","16":"has-default-attributes"},"_links":{"self":[{"href":"https:\/\/e-flore.store\/de\/wp-json\/wp\/v2\/product\/5191","targetHints":{"allow":["GET"]}}],"collection":[{"href":"https:\/\/e-flore.store\/de\/wp-json\/wp\/v2\/product"}],"about":[{"href":"https:\/\/e-flore.store\/de\/wp-json\/wp\/v2\/types\/product"}],"wp:featuredmedia":[{"embeddable":true,"href":"https:\/\/e-flore.store\/de\/wp-json\/wp\/v2\/media\/5192"}],"wp:attachment":[{"href":"https:\/\/e-flore.store\/de\/wp-json\/wp\/v2\/media?parent=5191"}],"wp:term":[{"taxonomy":"product_brand","embeddable":true,"href":"https:\/\/e-flore.store\/de\/wp-json\/wp\/v2\/product_brand?post=5191"},{"taxonomy":"product_cat","embeddable":true,"href":"https:\/\/e-flore.store\/de\/wp-json\/wp\/v2\/product_cat?post=5191"},{"taxonomy":"product_tag","embeddable":true,"href":"https:\/\/e-flore.store\/de\/wp-json\/wp\/v2\/product_tag?post=5191"}],"curies":[{"name":"wp","href":"https:\/\/api.w.org\/{rel}","templated":true}]}}