{"id":5203,"date":"2026-02-03T16:01:18","date_gmt":"2026-02-03T14:01:18","guid":{"rendered":"https:\/\/demo8.izveide.id.lv\/?post_type=product&#038;p=5203"},"modified":"2026-03-26T15:11:56","modified_gmt":"2026-03-26T13:11:56","slug":"clnw-3000","status":"publish","type":"product","link":"https:\/\/e-flore.store\/de\/produkt\/clnw-3000\/","title":{"rendered":"CLNW 3000"},"content":{"rendered":"<p><img decoding=\"async\" style=\"width: 100%; height: auto; display: block;\" src=\"\/wp-content\/uploads\/2026\/01\/CLNW-3000-PARENT_desc.jpg\" \/><\/p>\n<p style=\"margin-bottom: 10px; margin-top: 30px;\"><strong>PROFI SCHAUMREINIGER<\/strong><\/p>\n<p style=\"margin-bottom: 8px; margin-top: 0px; line-height: 1.6;\"><strong>&#8222;CLNW 3000&#8220;<\/strong><\/p>\n<p style=\"margin-bottom: 8px; margin-top: 0px; line-height: 1.6;\">stellt sich als vielseitig verwendbares, hochwirksames Reinigungsmittel dar, das Flecken schnell und schonend entfernt. Durch sorgsam abgestimmte L\u00f6sungs- und Reinigungsmittelkomponenten beseitigt der Schaumreiniger selbst hartn\u00e4ckige Verschmutzungen, wie Fett-, \u00d6l- und Teerflecken. Bei richtiger Anwendung hinterl\u00e4sst\u00a0&#8222;CLNW 3000&#8220;\u00a0keine Schmutzr\u00e4nder.<\/p>\n<p style=\"margin-bottom: 10px; margin-top: 30px;\"><strong>Eigenschaften:<\/strong><\/p>\n<p style=\"margin-bottom: 2px; margin-top: 0px; line-height: 1.4;\">&#8211; reinigt m\u00fchelos alle Glas-, Chrom- und Kunststoffteile<\/p>\n<p style=\"margin-bottom: 2px; margin-top: 0px; line-height: 1.4;\">&#8211; beseitigt gr\u00fcndlich Insekten, Schmierflecken und Schmutzfilme von Karosserie und Scheiben<\/p>\n<p style=\"margin-bottom: 2px; margin-top: 0px; line-height: 1.4;\">&#8211; entfernt Flecken aus Teppichen, Polstern.<\/p>\n<p style=\"margin-bottom: 10px; margin-top: 30px;\"><strong>Verarbeitung:<\/strong><\/p>\n<p style=\"margin-bottom: 8px; margin-top: 0px; line-height: 1.6;\">Vor der Anwendung Dose intensiv sch\u00fctteln. Aus einem Abstand von ca. 25 cm fl\u00e4chig auf die zu reinigende Stelle auftragen und kurz einwirken lassen. Anschlie\u00dfend mit einem feuchten Schwamm oder Fensterleder nachreinigen. Bei sehr starker Verschmutzung muss der oben genannte Vorgang wiederholt werden. Achtung! Da die Zusammensetzung von Textilfasern, insbesondere was die F\u00e4rbung angeht, sehr unterschiedlich sein kann, ist es angebracht, vor den Reinigungsarbeiten an einer verdeckten Stelle eine Vertr\u00e4glichkeitsprobe durchzuf\u00fchren.<\/p>\n<p style=\"margin-bottom: 10px; margin-top: 30px;\"><strong>Technische Daten:<\/strong><\/p>\n<p style=\"margin-bottom: 2px; margin-top: 0px; line-height: 1.4;\">Farbe: weiss<\/p>\n<p style=\"margin-bottom: 2px; margin-top: 0px; line-height: 1.4;\">Geruch: typisch<\/p>\n<p style=\"margin-bottom: 2px; margin-top: 0px; line-height: 1.4;\">Lagertemperatur: +5 \u00b0C bis max. +25 \u00b0C<\/p>\n","protected":false},"excerpt":{"rendered":"<p>PROFI SCHAUMREINIGER &#8222;CLNW 3000&#8220; stellt sich als vielseitig verwendbares, hochwirksames Reinigungsmittel dar, das Flecken schnell und schonend entfernt. Durch sorgsam abgestimmte L\u00f6sungs- und Reinigungsmittelkomponenten beseitigt der Schaumreiniger selbst hartn\u00e4ckige Verschmutzungen, wie Fett-, \u00d6l- und Teerflecken. Bei richtiger Anwendung hinterl\u00e4sst\u00a0&#8222;CLNW 3000&#8220;\u00a0keine Schmutzr\u00e4nder. Eigenschaften: &#8211; reinigt m\u00fchelos alle Glas-, Chrom- und Kunststoffteile &#8211; beseitigt gr\u00fcndlich Insekten, Schmierflecken&#8230;<\/p>\n","protected":false},"featured_media":5204,"template":"","meta":[],"product_brand":[319],"product_cat":[469,415,460],"product_tag":[],"class_list":{"0":"post-5203","1":"product","2":"type-product","3":"status-publish","4":"has-post-thumbnail","6":"product_brand-chemie-spezial","7":"product_cat-reinigung","8":"product_cat-chemie-spezial-produkte","9":"product_cat-technische-sprays","11":"first","12":"instock","13":"shipping-taxable","14":"purchasable","15":"product-type-variable","16":"has-default-attributes"},"_links":{"self":[{"href":"https:\/\/e-flore.store\/de\/wp-json\/wp\/v2\/product\/5203","targetHints":{"allow":["GET"]}}],"collection":[{"href":"https:\/\/e-flore.store\/de\/wp-json\/wp\/v2\/product"}],"about":[{"href":"https:\/\/e-flore.store\/de\/wp-json\/wp\/v2\/types\/product"}],"wp:featuredmedia":[{"embeddable":true,"href":"https:\/\/e-flore.store\/de\/wp-json\/wp\/v2\/media\/5204"}],"wp:attachment":[{"href":"https:\/\/e-flore.store\/de\/wp-json\/wp\/v2\/media?parent=5203"}],"wp:term":[{"taxonomy":"product_brand","embeddable":true,"href":"https:\/\/e-flore.store\/de\/wp-json\/wp\/v2\/product_brand?post=5203"},{"taxonomy":"product_cat","embeddable":true,"href":"https:\/\/e-flore.store\/de\/wp-json\/wp\/v2\/product_cat?post=5203"},{"taxonomy":"product_tag","embeddable":true,"href":"https:\/\/e-flore.store\/de\/wp-json\/wp\/v2\/product_tag?post=5203"}],"curies":[{"name":"wp","href":"https:\/\/api.w.org\/{rel}","templated":true}]}}