{"id":5214,"date":"2026-02-03T16:01:19","date_gmt":"2026-02-03T14:01:19","guid":{"rendered":"https:\/\/demo8.izveide.id.lv\/?post_type=product&#038;p=5214"},"modified":"2026-03-26T15:11:52","modified_gmt":"2026-03-26T13:11:52","slug":"grsw-62","status":"publish","type":"product","link":"https:\/\/e-flore.store\/de\/produkt\/grsw-62\/","title":{"rendered":"GRSW 62"},"content":{"rendered":"<p><img decoding=\"async\" style=\"width: 100%; height: auto; display: block;\" src=\"\/wp-content\/uploads\/2026\/01\/GRSW-62-PARENT_desc.jpg\" \/><\/p>\n<p style=\"margin-bottom: 10px; margin-top: 30px;\"><strong>ROSTUMWANDLER<\/strong><\/p>\n<p style=\"margin-bottom: 10px; margin-top: 30px;\"><strong>&#8222;GRSW 62&#8220;<\/strong><\/p>\n<p style=\"margin-bottom: 8px; margin-top: 0px; line-height: 1.6;\">Rostumwandlerspray ist auf einem hochwertigen Epoxidharz aufgebaut und dient der Rostneutralisierung. Der Rost wird chemisch umgewandelt, dadurch verf\u00e4rben sich die Roststellen dunkelbraun bis dunkelgrau. Die Epoxid-Deckschicht versiegelt die Metalloberfl\u00e4chen und h\u00e4rtet nach 12 bis 24 Stunden zu einer Grundierung aus.<\/p>\n<p style=\"margin-bottom: 10px; margin-top: 30px;\"><strong>Eigenschaften:<\/strong><\/p>\n<p style=\"margin-bottom: 2px; margin-top: 0px; line-height: 1.4;\">&#8211; wandelt Rost chemisch um<\/p>\n<p style=\"margin-bottom: 2px; margin-top: 0px; line-height: 1.4;\">&#8211; die umgewandelte Metalloberfl\u00e4che wird versiegelt<\/p>\n<p style=\"margin-bottom: 2px; margin-top: 0px; line-height: 1.4;\">&#8211; \u00fcberlackierbar mit div. 1K- und 2K-Lacken.<\/p>\n<p style=\"margin-bottom: 10px; margin-top: 30px;\"><strong>Anwendung:<\/strong><\/p>\n<p style=\"margin-bottom: 8px; margin-top: 0px; line-height: 1.6;\">&#8222;GRSW 62&#8220;\u00a0kann auf allen Stahl-, Eisenteilen im Innen- und Au\u00dfenbereich auf denen Rost anfallen kann bzw. auf denen schon leichter Rost vorhanden ist angewendet werden. Alle Fl\u00e4chen m\u00fcssen trocken und frei von Verunreinigungen wie Fett, \u00d6l und Staub sein. Dose vor Gebrauch kr\u00e4ftig sch\u00fctteln.\u00a0&#8222;GRSW 62&#8220;, 2 &#8211; 3 mal satt aufspr\u00fchen und vollst\u00e4ndig abtrocknen lassen. Nach der Aush\u00e4rtung kann die entstandene Grundierung \u00fcberlackiert werden.<\/p>\n<p style=\"margin-bottom: 10px; margin-top: 30px;\"><strong>Technische Daten:<\/strong><\/p>\n<p style=\"margin-bottom: 2px; margin-top: 0px; line-height: 1.4;\">Farbe: dunkelbraun bis dunkelgrau<\/p>\n<p style=\"margin-bottom: 2px; margin-top: 0px; line-height: 1.4;\">Aush\u00e4rtung: 12 bis 24 Std.<\/p>\n<p style=\"margin-bottom: 2px; margin-top: 0px; line-height: 1.4;\">Weiterverarbeitung: \u00dcberlackierbar mit allen 1K- und 2K-Lacken<\/p>\n","protected":false},"excerpt":{"rendered":"<p>ROSTUMWANDLER &#8222;GRSW 62&#8220; Rostumwandlerspray ist auf einem hochwertigen Epoxidharz aufgebaut und dient der Rostneutralisierung. Der Rost wird chemisch umgewandelt, dadurch verf\u00e4rben sich die Roststellen dunkelbraun bis dunkelgrau. Die Epoxid-Deckschicht versiegelt die Metalloberfl\u00e4chen und h\u00e4rtet nach 12 bis 24 Stunden zu einer Grundierung aus. Eigenschaften: &#8211; wandelt Rost chemisch um &#8211; die umgewandelte Metalloberfl\u00e4che wird versiegelt&#8230;<\/p>\n","protected":false},"featured_media":5215,"template":"","meta":[],"product_brand":[319],"product_cat":[466,415,460],"product_tag":[],"class_list":{"0":"post-5214","1":"product","2":"type-product","3":"status-publish","4":"has-post-thumbnail","6":"product_brand-chemie-spezial","7":"product_cat-wartung-u-instandhaltung-korrosionsschutz","8":"product_cat-chemie-spezial-produkte","9":"product_cat-technische-sprays","11":"first","12":"instock","13":"shipping-taxable","14":"purchasable","15":"product-type-variable","16":"has-default-attributes"},"_links":{"self":[{"href":"https:\/\/e-flore.store\/de\/wp-json\/wp\/v2\/product\/5214","targetHints":{"allow":["GET"]}}],"collection":[{"href":"https:\/\/e-flore.store\/de\/wp-json\/wp\/v2\/product"}],"about":[{"href":"https:\/\/e-flore.store\/de\/wp-json\/wp\/v2\/types\/product"}],"wp:featuredmedia":[{"embeddable":true,"href":"https:\/\/e-flore.store\/de\/wp-json\/wp\/v2\/media\/5215"}],"wp:attachment":[{"href":"https:\/\/e-flore.store\/de\/wp-json\/wp\/v2\/media?parent=5214"}],"wp:term":[{"taxonomy":"product_brand","embeddable":true,"href":"https:\/\/e-flore.store\/de\/wp-json\/wp\/v2\/product_brand?post=5214"},{"taxonomy":"product_cat","embeddable":true,"href":"https:\/\/e-flore.store\/de\/wp-json\/wp\/v2\/product_cat?post=5214"},{"taxonomy":"product_tag","embeddable":true,"href":"https:\/\/e-flore.store\/de\/wp-json\/wp\/v2\/product_tag?post=5214"}],"curies":[{"name":"wp","href":"https:\/\/api.w.org\/{rel}","templated":true}]}}