{"id":5218,"date":"2026-02-03T16:01:20","date_gmt":"2026-02-03T14:01:20","guid":{"rendered":"https:\/\/demo8.izveide.id.lv\/?post_type=product&#038;p=5218"},"modified":"2026-03-26T15:11:49","modified_gmt":"2026-03-26T13:11:49","slug":"frbw-511","status":"publish","type":"product","link":"https:\/\/e-flore.store\/de\/produkt\/frbw-511\/","title":{"rendered":"FRBW 511"},"content":{"rendered":"<p><img decoding=\"async\" style=\"width: 100%; height: auto; display: block;\" src=\"\/wp-content\/uploads\/2026\/01\/FRBW-511-PARENT_desc.jpg\" \/><\/p>\n<p style=\"margin-bottom: 10px; margin-top: 30px;\"><strong>STAPLERLACK, ANTHRAZIT<\/strong><\/p>\n<p style=\"margin-bottom: 8px; margin-top: 0px; line-height: 1.6;\"><strong>&#8222;FRBW 511&#8220;<\/strong><\/p>\n<p style=\"margin-bottom: 8px; margin-top: 0px; line-height: 1.6;\">ist konzipiert f\u00fcr die Ausbesserung besch\u00e4digter Anstriche an Staplern etc. Ist best\u00e4ndig gegen Wasser, Salze und Reinigungsmittel sowie f\u00fcr den Innen- und Au\u00dfenbereich geeignet. Verwendbar f\u00fcr fast alle Untergr\u00fcnde, wie Metall, Holz, Glas, Stein und Kunststoffe. Bei Kunststoffen Haftpr\u00fcfung durchf\u00fchren.<\/p>\n<p style=\"margin-bottom: 10px; margin-top: 30px;\"><strong>Eigenschaften:<\/strong><\/p>\n<p style=\"margin-bottom: 2px; margin-top: 0px; line-height: 1.4;\">&#8211; extrem schnell trocknend<\/p>\n<p style=\"margin-bottom: 2px; margin-top: 0px; line-height: 1.4;\">&#8211; ausgezeichnete Dauerhaftung<\/p>\n<p style=\"margin-bottom: 2px; margin-top: 0px; line-height: 1.4;\">&#8211; witterungsbest\u00e4ndig<\/p>\n<p style=\"margin-bottom: 2px; margin-top: 0px; line-height: 1.4;\">&#8211; hohe Elastizit\u00e4t.<\/p>\n<p style=\"margin-bottom: 10px; margin-top: 30px;\"><strong>Anwendung:<\/strong><\/p>\n<p style=\"margin-bottom: 8px; margin-top: 0px; line-height: 1.6;\">&#8222;FRBW 511&#8220;\u00a0dient zur Ausbesserung von Anstrichen an Staplern und anderen stark beanspruchten Maschinen und Ger\u00e4ten. Durch einen einfach deckenden Film wird bereits eine Schichtst\u00e4rke von 20 &#8211; 30 m\u03bc erreicht.<\/p>\n<p style=\"margin-bottom: 10px; margin-top: 30px;\"><strong>Arbeitsvorbereitung:<\/strong><\/p>\n<p style=\"margin-bottom: 8px; margin-top: 0px; line-height: 1.6;\">Untergrund muss sauber, trocken und fettfrei sein. Dose gut sch\u00fctteln, wenn Kugel h\u00f6rbar anschl\u00e4gt, noch ca. 2 Minuten weitersch\u00fctteln. Mit einem Abstand von 25 &#8211; 30 cm, im Kreuzgang, d\u00fcnn aufspr\u00fchen.<\/p>\n<p style=\"margin-bottom: 10px; margin-top: 30px;\"><strong>Trocknung bei +20 \u00b0C:<\/strong><\/p>\n<p style=\"margin-bottom: 2px; margin-top: 0px; line-height: 1.4;\">staubtrocken: 5 Minuten<\/p>\n<p style=\"margin-bottom: 2px; margin-top: 0px; line-height: 1.4;\">grifffest: 10 Minuten<\/p>\n<p style=\"margin-bottom: 2px; margin-top: 0px; line-height: 1.4;\">durchgeh\u00e4rtet: 2-4 Stunden<\/p>\n<p style=\"margin-bottom: 10px; margin-top: 30px;\"><strong>Technische Daten:<\/strong><\/p>\n<p style=\"margin-bottom: 2px; margin-top: 0px; line-height: 1.4;\">Farbe: RAL 7021 anthrazit<\/p>\n<p style=\"margin-bottom: 2px; margin-top: 0px; line-height: 1.4;\">Lagertemperatur: +5 \u00b0C bis max. +25 \u00b0C<\/p>\n","protected":false},"excerpt":{"rendered":"<p>STAPLERLACK, ANTHRAZIT &#8222;FRBW 511&#8220; ist konzipiert f\u00fcr die Ausbesserung besch\u00e4digter Anstriche an Staplern etc. Ist best\u00e4ndig gegen Wasser, Salze und Reinigungsmittel sowie f\u00fcr den Innen- und Au\u00dfenbereich geeignet. Verwendbar f\u00fcr fast alle Untergr\u00fcnde, wie Metall, Holz, Glas, Stein und Kunststoffe. Bei Kunststoffen Haftpr\u00fcfung durchf\u00fchren. Eigenschaften: &#8211; extrem schnell trocknend &#8211; ausgezeichnete Dauerhaftung &#8211; witterungsbest\u00e4ndig &#8211;&#8230;<\/p>\n","protected":false},"featured_media":5219,"template":"","meta":[],"product_brand":[319],"product_cat":[466,415,460],"product_tag":[],"class_list":{"0":"post-5218","1":"product","2":"type-product","3":"status-publish","4":"has-post-thumbnail","6":"product_brand-chemie-spezial","7":"product_cat-wartung-u-instandhaltung-korrosionsschutz","8":"product_cat-chemie-spezial-produkte","9":"product_cat-technische-sprays","11":"first","12":"instock","13":"shipping-taxable","14":"purchasable","15":"product-type-variable","16":"has-default-attributes"},"_links":{"self":[{"href":"https:\/\/e-flore.store\/de\/wp-json\/wp\/v2\/product\/5218","targetHints":{"allow":["GET"]}}],"collection":[{"href":"https:\/\/e-flore.store\/de\/wp-json\/wp\/v2\/product"}],"about":[{"href":"https:\/\/e-flore.store\/de\/wp-json\/wp\/v2\/types\/product"}],"wp:featuredmedia":[{"embeddable":true,"href":"https:\/\/e-flore.store\/de\/wp-json\/wp\/v2\/media\/5219"}],"wp:attachment":[{"href":"https:\/\/e-flore.store\/de\/wp-json\/wp\/v2\/media?parent=5218"}],"wp:term":[{"taxonomy":"product_brand","embeddable":true,"href":"https:\/\/e-flore.store\/de\/wp-json\/wp\/v2\/product_brand?post=5218"},{"taxonomy":"product_cat","embeddable":true,"href":"https:\/\/e-flore.store\/de\/wp-json\/wp\/v2\/product_cat?post=5218"},{"taxonomy":"product_tag","embeddable":true,"href":"https:\/\/e-flore.store\/de\/wp-json\/wp\/v2\/product_tag?post=5218"}],"curies":[{"name":"wp","href":"https:\/\/api.w.org\/{rel}","templated":true}]}}