{"id":5226,"date":"2026-02-03T16:01:21","date_gmt":"2026-02-03T14:01:21","guid":{"rendered":"https:\/\/demo8.izveide.id.lv\/?post_type=product&#038;p=5226"},"modified":"2026-03-26T15:11:45","modified_gmt":"2026-03-26T13:11:45","slug":"grsw-79","status":"publish","type":"product","link":"https:\/\/e-flore.store\/de\/produkt\/grsw-79\/","title":{"rendered":"GRSW 79"},"content":{"rendered":"<p><img decoding=\"async\" style=\"width: 100%; height: auto; display: block;\" src=\"\/wp-content\/uploads\/2026\/01\/GRSW-79-PARENT_desc.jpg\" \/><\/p>\n<p style=\"margin-bottom: 10px; margin-top: 30px;\"><strong>SPR\u00dcHKLEBER SPEZIAL, UNIVERSAL<\/strong><\/p>\n<p style=\"margin-bottom: 8px; margin-top: 0px; line-height: 1.6;\"><strong>&#8222;GRSW 79&#8220;<\/strong><\/p>\n<p style=\"margin-bottom: 8px; margin-top: 0px; line-height: 1.6;\">ist ein hochwertiger, spr\u00fchbarer Kontaktklebstoff auf Basis von Styrol-Butadien-Kautschuk. Er verklebt schnell und zuverl\u00e4ssig Schaumstoff, viele Kunststoffe, Gummi, Leder, Textilien, Metall, Glas, Holz, Pappe und Papier usw.<\/p>\n<p style=\"margin-bottom: 10px; margin-top: 30px;\"><strong>Eigenschaften:<\/strong><\/p>\n<p style=\"margin-bottom: 8px; margin-top: 0px; line-height: 1.6;\">&#8211; spr\u00fchbarer Kontaktklebstoff auf Basis von Styrol-Butadien-Kautschuk<\/p>\n<p style=\"margin-bottom: 8px; margin-top: 0px; line-height: 1.6;\">&#8211; schnell und zuverl\u00e4ssig<\/p>\n<p style=\"margin-bottom: 8px; margin-top: 0px; line-height: 1.6;\">&#8211; klebt Schaumstoff, viele Kunststoffe, Gummi, Leder, Textilien, Metall, Glas, Holz, Pappe und Papier usw.<\/p>\n<p style=\"margin-bottom: 10px; margin-top: 30px;\"><strong>Anwendung:<\/strong><\/p>\n<p style=\"margin-bottom: 8px; margin-top: 0px; line-height: 1.6;\">Die Klebefl\u00e4chen m\u00fcssen sauber und fettfrei sein. Dose bitte vor Gebrauch gr\u00fcndlich sch\u00fctteln und nach Gebrauch umdrehen und Reste aus Ventil spr\u00fchen.<\/p>\n<p style=\"margin-bottom: 10px; margin-top: 30px;\"><strong>Technische Daten:<\/strong><\/p>\n<p style=\"margin-bottom: 8px; margin-top: 0px; line-height: 1.6;\">Basis: Styrol-Butadien-Kautschuk<\/p>\n<p style=\"margin-bottom: 8px; margin-top: 0px; line-height: 1.6;\">Farbe: farblos<\/p>\n<p style=\"margin-bottom: 8px; margin-top: 0px; line-height: 1.6;\">Lagertemperatur: +5 \u00b0C bis max. +25 \u00b0C<\/p>\n","protected":false},"excerpt":{"rendered":"<p>SPR\u00dcHKLEBER SPEZIAL, UNIVERSAL &#8222;GRSW 79&#8220; ist ein hochwertiger, spr\u00fchbarer Kontaktklebstoff auf Basis von Styrol-Butadien-Kautschuk. Er verklebt schnell und zuverl\u00e4ssig Schaumstoff, viele Kunststoffe, Gummi, Leder, Textilien, Metall, Glas, Holz, Pappe und Papier usw. Eigenschaften: &#8211; spr\u00fchbarer Kontaktklebstoff auf Basis von Styrol-Butadien-Kautschuk &#8211; schnell und zuverl\u00e4ssig &#8211; klebt Schaumstoff, viele Kunststoffe, Gummi, Leder, Textilien, Metall, Glas, Holz,&#8230;<\/p>\n","protected":false},"featured_media":7080,"template":"","meta":[],"product_brand":[319],"product_cat":[466,415,460],"product_tag":[],"class_list":{"0":"post-5226","1":"product","2":"type-product","3":"status-publish","4":"has-post-thumbnail","6":"product_brand-chemie-spezial","7":"product_cat-wartung-u-instandhaltung-korrosionsschutz","8":"product_cat-chemie-spezial-produkte","9":"product_cat-technische-sprays","11":"first","12":"instock","13":"shipping-taxable","14":"purchasable","15":"product-type-variable","16":"has-default-attributes"},"_links":{"self":[{"href":"https:\/\/e-flore.store\/de\/wp-json\/wp\/v2\/product\/5226","targetHints":{"allow":["GET"]}}],"collection":[{"href":"https:\/\/e-flore.store\/de\/wp-json\/wp\/v2\/product"}],"about":[{"href":"https:\/\/e-flore.store\/de\/wp-json\/wp\/v2\/types\/product"}],"wp:featuredmedia":[{"embeddable":true,"href":"https:\/\/e-flore.store\/de\/wp-json\/wp\/v2\/media\/7080"}],"wp:attachment":[{"href":"https:\/\/e-flore.store\/de\/wp-json\/wp\/v2\/media?parent=5226"}],"wp:term":[{"taxonomy":"product_brand","embeddable":true,"href":"https:\/\/e-flore.store\/de\/wp-json\/wp\/v2\/product_brand?post=5226"},{"taxonomy":"product_cat","embeddable":true,"href":"https:\/\/e-flore.store\/de\/wp-json\/wp\/v2\/product_cat?post=5226"},{"taxonomy":"product_tag","embeddable":true,"href":"https:\/\/e-flore.store\/de\/wp-json\/wp\/v2\/product_tag?post=5226"}],"curies":[{"name":"wp","href":"https:\/\/api.w.org\/{rel}","templated":true}]}}