{"id":5242,"date":"2026-02-03T16:01:25","date_gmt":"2026-02-03T14:01:25","guid":{"rendered":"https:\/\/demo8.izveide.id.lv\/?post_type=product&#038;p=5242"},"modified":"2026-03-26T15:11:28","modified_gmt":"2026-03-26T13:11:28","slug":"frbw-85","status":"publish","type":"product","link":"https:\/\/e-flore.store\/de\/produkt\/frbw-85\/","title":{"rendered":"FRBW 85"},"content":{"rendered":"<p><img decoding=\"async\" style=\"width: 100%; height: auto; display: block;\" src=\"\/wp-content\/uploads\/2026\/01\/FRBW-85-PARENT_desc.jpg\" \/><\/p>\n<p style=\"margin-bottom: 10px; margin-top: 30px;\"><strong>ZINKSTAUBFARBE<\/strong><\/p>\n<p style=\"margin-bottom: 8px; margin-top: 0px; line-height: 1.6;\"><strong>&#8222;FRBW 85&#8220;<\/strong><\/p>\n<p style=\"margin-bottom: 8px; margin-top: 0px; line-height: 1.6;\">ist ein hochreiner witterungsbest\u00e4ndiger Langzeitschutz. Er besteht aus 98 &#8211; 99 % reinem Zink. Das Zink gibt der Metalloberfl\u00e4che einen kathodischen Rostschutz bis zu einer Temperatur von +500 \u00b0C. Optimaler Korrosionsschutz nach Schwei\u00dfarbeiten und Montage. Zur Neubeschichtung und Grundierung.<\/p>\n<p style=\"margin-bottom: 10px; margin-top: 30px;\"><strong>Eigenschaften:<\/strong><\/p>\n<p style=\"margin-bottom: 2px; margin-top: 0px; line-height: 1.4;\">&#8211; schnell trocknender Langzeitschutz<\/p>\n<p style=\"margin-bottom: 2px; margin-top: 0px; line-height: 1.4;\">&#8211; sch\u00fctzt vor Oxydation<\/p>\n<p style=\"margin-bottom: 10px; margin-top: 30px;\"><strong>Anwendung:<\/strong><\/p>\n<p style=\"margin-bottom: 8px; margin-top: 0px; line-height: 1.6;\">&#8222;FRBW 85&#8220;\u00a0ist ein hochwirksamer Korrosionsschutz zur Neubeschichtung, Grundierung und Ausbesserung in landwirtschaftlichen Betrieben, Bauwirtschaft und im KFZ Bereich. Z.B. Landmaschinen, Fahrzeugen, Anh\u00e4ngern, Treibh\u00e4usern, Baumaschinen, Silos und Stahlkonstruktionen. Die praktische Aerosoldose ist jederzeit einsatzbereit und sparsam im Verbrauch. Durch einen einfach deckenden Film wird bereits eine Schutzschicht von 20 &#8211; 30 m\u03bc erreicht.<\/p>\n<p style=\"margin-bottom: 10px; margin-top: 30px;\"><strong>Arbeitsvorbereitung:<\/strong><\/p>\n<p style=\"margin-bottom: 8px; margin-top: 0px; line-height: 1.6;\">Untergrund gr\u00fcndlich reinigen und trocknen. Roststellen entfernen. Dose auf Raumtemperatur bringen (+15 \u00b0C bis +25 \u00b0C) und gut sch\u00fctteln. Wenn Kugel h\u00f6rbar anschl\u00e4gt, noch ca. 2 Minuten weitersch\u00fctteln. Mit einem Abstand von 25 &#8211; 30 cm, im Kreuzgang, d\u00fcnn aufspr\u00fchen.<\/p>\n<p style=\"margin-bottom: 10px; margin-top: 30px;\"><strong>Technische Daten:<\/strong><\/p>\n<p style=\"margin-bottom: 2px; margin-top: 0px; line-height: 1.4;\">Farbe: dunkelgrau, metallisch matt<\/p>\n<p style=\"margin-bottom: 2px; margin-top: 0px; line-height: 1.4;\">Temperaturbest\u00e4ndigkeit: bis +500 \u00b0C<\/p>\n<p style=\"margin-bottom: 2px; margin-top: 0px; line-height: 1.4;\">Lagertemperatur: +5 \u00b0C bis max. +25 \u00b0C<\/p>\n<p style=\"margin-bottom: 10px; margin-top: 30px;\"><strong>Verpackung:<\/strong><\/p>\n<p style=\"margin-bottom: 8px; margin-top: 0px; line-height: 1.6;\">&#8222;FRBW 85&#8220;\u00a0ist in 400 ml Aerosoldosen lieferbar. VPE = 12 St\u00fcck &#8222;FRBW 85&#8220;\u00a0ist auch als Zinkstaubfarbe in 800 g Dosen lieferbar. VPE = 6 St\u00fcck<\/p>\n","protected":false},"excerpt":{"rendered":"<p>ZINKSTAUBFARBE &#8222;FRBW 85&#8220; ist ein hochreiner witterungsbest\u00e4ndiger Langzeitschutz. Er besteht aus 98 &#8211; 99 % reinem Zink. Das Zink gibt der Metalloberfl\u00e4che einen kathodischen Rostschutz bis zu einer Temperatur von +500 \u00b0C. Optimaler Korrosionsschutz nach Schwei\u00dfarbeiten und Montage. Zur Neubeschichtung und Grundierung. Eigenschaften: &#8211; schnell trocknender Langzeitschutz &#8211; sch\u00fctzt vor Oxydation Anwendung: &#8222;FRBW 85&#8220;\u00a0ist ein&#8230;<\/p>\n","protected":false},"featured_media":5243,"template":"","meta":[],"product_brand":[319],"product_cat":[466,415,460],"product_tag":[],"class_list":{"0":"post-5242","1":"product","2":"type-product","3":"status-publish","4":"has-post-thumbnail","6":"product_brand-chemie-spezial","7":"product_cat-wartung-u-instandhaltung-korrosionsschutz","8":"product_cat-chemie-spezial-produkte","9":"product_cat-technische-sprays","11":"first","12":"instock","13":"shipping-taxable","14":"purchasable","15":"product-type-variable","16":"has-default-attributes"},"_links":{"self":[{"href":"https:\/\/e-flore.store\/de\/wp-json\/wp\/v2\/product\/5242","targetHints":{"allow":["GET"]}}],"collection":[{"href":"https:\/\/e-flore.store\/de\/wp-json\/wp\/v2\/product"}],"about":[{"href":"https:\/\/e-flore.store\/de\/wp-json\/wp\/v2\/types\/product"}],"wp:featuredmedia":[{"embeddable":true,"href":"https:\/\/e-flore.store\/de\/wp-json\/wp\/v2\/media\/5243"}],"wp:attachment":[{"href":"https:\/\/e-flore.store\/de\/wp-json\/wp\/v2\/media?parent=5242"}],"wp:term":[{"taxonomy":"product_brand","embeddable":true,"href":"https:\/\/e-flore.store\/de\/wp-json\/wp\/v2\/product_brand?post=5242"},{"taxonomy":"product_cat","embeddable":true,"href":"https:\/\/e-flore.store\/de\/wp-json\/wp\/v2\/product_cat?post=5242"},{"taxonomy":"product_tag","embeddable":true,"href":"https:\/\/e-flore.store\/de\/wp-json\/wp\/v2\/product_tag?post=5242"}],"curies":[{"name":"wp","href":"https:\/\/api.w.org\/{rel}","templated":true}]}}