{"id":5267,"date":"2026-02-03T16:01:29","date_gmt":"2026-02-03T14:01:29","guid":{"rendered":"https:\/\/demo8.izveide.id.lv\/?post_type=product&#038;p=5267"},"modified":"2026-03-26T15:11:04","modified_gmt":"2026-03-26T13:11:04","slug":"frbw-80","status":"publish","type":"product","link":"https:\/\/e-flore.store\/de\/produkt\/frbw-80\/","title":{"rendered":"FRBW 80"},"content":{"rendered":"<p><img decoding=\"async\" style=\"width: 100%; height: auto; display: block;\" src=\"\/wp-content\/uploads\/2026\/01\/FRBW-80-PARENT_desc.jpg\" \/><\/p>\n<p style=\"margin-bottom: 10px; margin-top: 30px;\"><strong>ZINK-AUSBESSERUNGSSPRAY<\/strong><\/p>\n<p style=\"margin-bottom: 8px; margin-top: 0px; line-height: 1.6;\"><strong>&#8222;FRBW 80&#8220;<\/strong><\/p>\n<p style=\"margin-bottom: 8px; margin-top: 0px; line-height: 1.6;\">ist eine Aluminiumfarbe zur Ausbesserung und optischen Anpassung von Schadstellen und Schwei\u00dfn\u00e4hten an verzinkten Teilen. Rasch trocknend, fest haftend, wetterbest\u00e4ndig.<\/p>\n<p style=\"margin-bottom: 10px; margin-top: 30px;\"><strong>Eigenschaften:<\/strong><\/p>\n<p style=\"margin-bottom: 2px; margin-top: 0px; line-height: 1.4;\">&#8211; stark haftend<\/p>\n<p style=\"margin-bottom: 2px; margin-top: 0px; line-height: 1.4;\">&#8211; witterungsbest\u00e4ndig<\/p>\n<p style=\"margin-bottom: 2px; margin-top: 0px; line-height: 1.4;\">&#8211; temperaturbest\u00e4ndig.<\/p>\n<p style=\"margin-bottom: 10px; margin-top: 30px;\"><strong>Anwendung:<\/strong><\/p>\n<p style=\"margin-bottom: 8px; margin-top: 0px; line-height: 1.6;\">&#8222;FRBW 80&#8220;\u00a0dient zur Grundierung, Neubeschichtung und Ausbesserung an Fahrzeugen, Landmaschinen, Treibh\u00e4usern, Stahlkonstruktionen, besch\u00e4digten Zink\u00fcberz\u00fcgen und Beschichtungen. Durch einen einfach deckenden Film wird bereits eine Schutzschicht von 20 &#8211; 30 m\u03bc erreicht.<\/p>\n<p style=\"margin-bottom: 10px; margin-top: 30px;\"><strong>Arbeitsvorbereitung:<\/strong><\/p>\n<p style=\"margin-bottom: 8px; margin-top: 0px; line-height: 1.6;\">Untergrund gr\u00fcndlich reinigen und trocknen. Roststellen entfernen. Dose auf Raumtemperatur bringen (+15 \u00b0C bis +25 \u00b0C) und gut sch\u00fctteln. Wenn Kugel h\u00f6rbar, noch ca. 2 Min. weitersch\u00fctteln. Mit Abstand von 25 &#8211; 30 cm d\u00fcnn aufspr\u00fchen.<\/p>\n<p style=\"margin-bottom: 10px; margin-top: 30px;\"><strong>Technische Daten:<\/strong><\/p>\n<p style=\"margin-bottom: 2px; margin-top: 0px; line-height: 1.4;\">Farbe: feuerverzinkt, metallisch gl\u00e4nzend<\/p>\n<p style=\"margin-bottom: 2px; margin-top: 0px; line-height: 1.4;\">Temperaturbest\u00e4ndigkeit: bis +490 \u00b0C<\/p>\n<p style=\"margin-bottom: 2px; margin-top: 0px; line-height: 1.4;\">Lagertemperatur: +5 \u00b0C bis max. +25 \u00b0C<\/p>\n","protected":false},"excerpt":{"rendered":"<p>ZINK-AUSBESSERUNGSSPRAY &#8222;FRBW 80&#8220; ist eine Aluminiumfarbe zur Ausbesserung und optischen Anpassung von Schadstellen und Schwei\u00dfn\u00e4hten an verzinkten Teilen. Rasch trocknend, fest haftend, wetterbest\u00e4ndig. Eigenschaften: &#8211; stark haftend &#8211; witterungsbest\u00e4ndig &#8211; temperaturbest\u00e4ndig. Anwendung: &#8222;FRBW 80&#8220;\u00a0dient zur Grundierung, Neubeschichtung und Ausbesserung an Fahrzeugen, Landmaschinen, Treibh\u00e4usern, Stahlkonstruktionen, besch\u00e4digten Zink\u00fcberz\u00fcgen und Beschichtungen. Durch einen einfach deckenden Film wird bereits&#8230;<\/p>\n","protected":false},"featured_media":5268,"template":"","meta":[],"product_brand":[319],"product_cat":[466,415,460],"product_tag":[],"class_list":{"0":"post-5267","1":"product","2":"type-product","3":"status-publish","4":"has-post-thumbnail","6":"product_brand-chemie-spezial","7":"product_cat-wartung-u-instandhaltung-korrosionsschutz","8":"product_cat-chemie-spezial-produkte","9":"product_cat-technische-sprays","11":"first","12":"instock","13":"shipping-taxable","14":"purchasable","15":"product-type-variable","16":"has-default-attributes"},"_links":{"self":[{"href":"https:\/\/e-flore.store\/de\/wp-json\/wp\/v2\/product\/5267","targetHints":{"allow":["GET"]}}],"collection":[{"href":"https:\/\/e-flore.store\/de\/wp-json\/wp\/v2\/product"}],"about":[{"href":"https:\/\/e-flore.store\/de\/wp-json\/wp\/v2\/types\/product"}],"wp:featuredmedia":[{"embeddable":true,"href":"https:\/\/e-flore.store\/de\/wp-json\/wp\/v2\/media\/5268"}],"wp:attachment":[{"href":"https:\/\/e-flore.store\/de\/wp-json\/wp\/v2\/media?parent=5267"}],"wp:term":[{"taxonomy":"product_brand","embeddable":true,"href":"https:\/\/e-flore.store\/de\/wp-json\/wp\/v2\/product_brand?post=5267"},{"taxonomy":"product_cat","embeddable":true,"href":"https:\/\/e-flore.store\/de\/wp-json\/wp\/v2\/product_cat?post=5267"},{"taxonomy":"product_tag","embeddable":true,"href":"https:\/\/e-flore.store\/de\/wp-json\/wp\/v2\/product_tag?post=5267"}],"curies":[{"name":"wp","href":"https:\/\/api.w.org\/{rel}","templated":true}]}}