{"id":5305,"date":"2026-02-03T16:01:36","date_gmt":"2026-02-03T14:01:36","guid":{"rendered":"https:\/\/demo8.izveide.id.lv\/?post_type=product&#038;p=5305"},"modified":"2026-03-26T15:10:37","modified_gmt":"2026-03-26T13:10:37","slug":"clnw-44","status":"publish","type":"product","link":"https:\/\/e-flore.store\/de\/produkt\/clnw-44\/","title":{"rendered":"CLNW 44"},"content":{"rendered":"<p><img decoding=\"async\" style=\"width: 100%; height: auto; display: block;\" src=\"\/wp-content\/uploads\/2026\/01\/CLNW-44-PARENT_desc.jpg\" \/><\/p>\n<p style=\"margin-bottom: 10px; margin-top: 30px;\"><strong>ELEKTRONIKREINIGER<\/strong><\/p>\n<p style=\"margin-bottom: 8px; margin-top: 0px; line-height: 1.6;\"><strong>&#8222;CLNW 44&#8220;<\/strong><\/p>\n<p style=\"margin-bottom: 8px; margin-top: 0px; line-height: 1.6;\">wurde speziell f\u00fcr Elektronikbauteile entwickelt. Reinigt und pflegt elektrische Kontakte und Metallteile durch eine gleichbleibende Spr\u00fchverteilung. Es verdr\u00e4ngt Feuchtigkeit auf elektronischen Bauteilen und sch\u00fctzt die Kontakte vor Korrosion und Oxidation.<\/p>\n<p style=\"margin-bottom: 10px; margin-top: 30px;\"><strong>Eigenschaften:<\/strong><\/p>\n<p style=\"margin-bottom: 8px; margin-top: 0px; line-height: 1.6;\">&#8211; reinigt und pflegt elektrische Kontakte und Metallteile<\/p>\n<p style=\"margin-bottom: 8px; margin-top: 0px; line-height: 1.6;\">&#8211; sch\u00fctzt Kontakte vor Korrosion und Oxidation<\/p>\n<p style=\"margin-bottom: 8px; margin-top: 0px; line-height: 1.6;\">&#8211; verdr\u00e4ngt Feuchtigkeit<\/p>\n<p style=\"margin-bottom: 8px; margin-top: 0px; line-height: 1.6;\">&#8211; gleichbleibendes Spr\u00fchverhalten<\/p>\n<p style=\"margin-bottom: 10px; margin-top: 30px;\"><strong>Anwendung:<\/strong><\/p>\n<p style=\"margin-bottom: 8px; margin-top: 0px; line-height: 1.6;\">Dose vor Gebrauch kr\u00e4ftig sch\u00fctteln. Verschmutzte Stellen an Steckern, Kabeln oder Verteilerkappen etc. bespr\u00fchen und kurz einwirken lassen. \u00dcbersch\u00fcssiges Material mit einem Lappen entfernen. Wichtig! Alle Bauteile vor dem Einspr\u00fchen spannungsfrei schalten!<\/p>\n<p style=\"margin-bottom: 10px; margin-top: 30px;\"><strong>Technische Daten:<\/strong><\/p>\n<p style=\"margin-bottom: 8px; margin-top: 0px; line-height: 1.6;\">Geruch: typisch<\/p>\n<p style=\"margin-bottom: 8px; margin-top: 0px; line-height: 1.6;\">Farbe: farblos<\/p>\n<p style=\"margin-bottom: 8px; margin-top: 0px; line-height: 1.6;\">Lagerf\u00e4higkeit: +5 \u00b0C bis max. +25 \u00b0C<\/p>\n","protected":false},"excerpt":{"rendered":"<p>ELEKTRONIKREINIGER &#8222;CLNW 44&#8220; wurde speziell f\u00fcr Elektronikbauteile entwickelt. Reinigt und pflegt elektrische Kontakte und Metallteile durch eine gleichbleibende Spr\u00fchverteilung. Es verdr\u00e4ngt Feuchtigkeit auf elektronischen Bauteilen und sch\u00fctzt die Kontakte vor Korrosion und Oxidation. Eigenschaften: &#8211; reinigt und pflegt elektrische Kontakte und Metallteile &#8211; sch\u00fctzt Kontakte vor Korrosion und Oxidation &#8211; verdr\u00e4ngt Feuchtigkeit &#8211; gleichbleibendes Spr\u00fchverhalten&#8230;<\/p>\n","protected":false},"featured_media":5306,"template":"","meta":[],"product_brand":[],"product_cat":[466,415,460],"product_tag":[],"class_list":{"0":"post-5305","1":"product","2":"type-product","3":"status-publish","4":"has-post-thumbnail","6":"product_cat-wartung-u-instandhaltung-korrosionsschutz","7":"product_cat-chemie-spezial-produkte","8":"product_cat-technische-sprays","10":"first","11":"instock","12":"shipping-taxable","13":"purchasable","14":"product-type-variable","15":"has-default-attributes"},"_links":{"self":[{"href":"https:\/\/e-flore.store\/de\/wp-json\/wp\/v2\/product\/5305","targetHints":{"allow":["GET"]}}],"collection":[{"href":"https:\/\/e-flore.store\/de\/wp-json\/wp\/v2\/product"}],"about":[{"href":"https:\/\/e-flore.store\/de\/wp-json\/wp\/v2\/types\/product"}],"wp:featuredmedia":[{"embeddable":true,"href":"https:\/\/e-flore.store\/de\/wp-json\/wp\/v2\/media\/5306"}],"wp:attachment":[{"href":"https:\/\/e-flore.store\/de\/wp-json\/wp\/v2\/media?parent=5305"}],"wp:term":[{"taxonomy":"product_brand","embeddable":true,"href":"https:\/\/e-flore.store\/de\/wp-json\/wp\/v2\/product_brand?post=5305"},{"taxonomy":"product_cat","embeddable":true,"href":"https:\/\/e-flore.store\/de\/wp-json\/wp\/v2\/product_cat?post=5305"},{"taxonomy":"product_tag","embeddable":true,"href":"https:\/\/e-flore.store\/de\/wp-json\/wp\/v2\/product_tag?post=5305"}],"curies":[{"name":"wp","href":"https:\/\/api.w.org\/{rel}","templated":true}]}}