{"id":5309,"date":"2026-02-03T16:01:37","date_gmt":"2026-02-03T14:01:37","guid":{"rendered":"https:\/\/demo8.izveide.id.lv\/?post_type=product&#038;p=5309"},"modified":"2026-03-26T15:10:30","modified_gmt":"2026-03-26T13:10:30","slug":"grsw-38","status":"publish","type":"product","link":"https:\/\/e-flore.store\/de\/produkt\/grsw-38\/","title":{"rendered":"GRSW 38"},"content":{"rendered":"<p><img decoding=\"async\" style=\"width: 100%; height: auto; display: block;\" src=\"\/wp-content\/uploads\/2026\/01\/GRSW-38-PARENT_desc.jpg\" \/><\/p>\n<p style=\"margin-bottom: 10px; margin-top: 30px;\"><strong>ROSTL\u00d6SER SPEZIAL MIT MoS2<\/strong><\/p>\n<p style=\"margin-bottom: 8px; margin-top: 0px; line-height: 1.6;\"><strong>&#8222;GRSW 38&#8220;<\/strong><\/p>\n<p style=\"margin-bottom: 8px; margin-top: 0px; line-height: 1.6;\">wirkt durch seine speziell abgestimmte Rohstoffauswahl extrem schnell bei stark angerosteten Verbindungen. Dringt durch sehr gute Kriecheigenschaften und seine hohe Kapillarwirkung auch in kleinste Zwischenr\u00e4ume. Durch die korrosionsfesten Komponenten wird eine erneute Rostbildung langfristig verhindert. Dank dem Zusatz von MoS2 kann das Produkt auch bei extremen Temperaturen und Druckbelastungen eingesetzt werden.<\/p>\n<p style=\"margin-bottom: 10px; margin-top: 30px;\"><strong>Eigenschaften:<\/strong><\/p>\n<p style=\"margin-bottom: 2px; margin-top: 0px; line-height: 1.4;\">&#8211; speziell abgestimmte Rohstoffauswahl extrem schnell bei stark angerosteten Verbindungen<\/p>\n<p style=\"margin-bottom: 2px; margin-top: 0px; line-height: 1.4;\">&#8211; sehr gute Kriecheigenschaften und eine hohe Kapillarwirkung<\/p>\n<p style=\"margin-bottom: 2px; margin-top: 0px; line-height: 1.4;\">&#8211; durch die korrosionsfesten Komponenten wird eine erneute Rostbildung langfristig verhindert<\/p>\n<p style=\"margin-bottom: 2px; margin-top: 0px; line-height: 1.4;\">&#8211; dank dem Zusatz von MoS2 kann das Produkt auch bei extremen Temperaturen und Druckbelastungen eingesetzt werden.<\/p>\n<p style=\"margin-bottom: 10px; margin-top: 30px;\"><strong>Anwendung:<\/strong><\/p>\n<p style=\"margin-bottom: 8px; margin-top: 0px; line-height: 1.6;\">Dose oder Kanister vor Gebrauch intensiv sch\u00fctteln und auf die zu behandelnden Teile, wie Schrauben, Muttern und Bolzen aufspr\u00fchen bzw. auftragen. Nach einigen Minuten Einwirkzeit, k\u00f6nnen die behandelten Teile gel\u00f6st werden.<\/p>\n<p style=\"margin-bottom: 10px; margin-top: 30px;\"><strong>Technische Daten:<\/strong><\/p>\n<p style=\"margin-bottom: 2px; margin-top: 0px; line-height: 1.4;\">Geruch: typisch nach L\u00f6semitteln<\/p>\n<p style=\"margin-bottom: 2px; margin-top: 0px; line-height: 1.4;\">Farbe: dunkel<\/p>\n<p style=\"margin-bottom: 2px; margin-top: 0px; line-height: 1.4;\">Lagertemperatur: +5 \u00b0C bis max. +25 \u00b0C<\/p>\n<p style=\"margin-bottom: 10px; margin-top: 30px;\"><strong>Verpackung:<\/strong><\/p>\n<p style=\"margin-bottom: 8px; margin-top: 0px; line-height: 1.6;\">&#8222;GRSW 38&#8220;\u00a0ist in 400 ml Aerosoldosen lieferbar. VPE = 12 St\u00fcck<\/p>\n<p style=\"margin-bottom: 8px; margin-top: 0px; line-height: 1.6;\">&#8222;GRSW 38&#8220;\u00a0ist in 1 L, 5 L, 10 L Kanister lieferbar.<\/p>\n","protected":false},"excerpt":{"rendered":"<p>ROSTL\u00d6SER SPEZIAL MIT MoS2 &#8222;GRSW 38&#8220; wirkt durch seine speziell abgestimmte Rohstoffauswahl extrem schnell bei stark angerosteten Verbindungen. Dringt durch sehr gute Kriecheigenschaften und seine hohe Kapillarwirkung auch in kleinste Zwischenr\u00e4ume. Durch die korrosionsfesten Komponenten wird eine erneute Rostbildung langfristig verhindert. Dank dem Zusatz von MoS2 kann das Produkt auch bei extremen Temperaturen und Druckbelastungen&#8230;<\/p>\n","protected":false},"featured_media":7077,"template":"","meta":[],"product_brand":[],"product_cat":[466,415,460],"product_tag":[],"class_list":{"0":"post-5309","1":"product","2":"type-product","3":"status-publish","4":"has-post-thumbnail","6":"product_cat-wartung-u-instandhaltung-korrosionsschutz","7":"product_cat-chemie-spezial-produkte","8":"product_cat-technische-sprays","10":"first","11":"instock","12":"shipping-taxable","13":"purchasable","14":"product-type-variable","15":"has-default-attributes"},"_links":{"self":[{"href":"https:\/\/e-flore.store\/de\/wp-json\/wp\/v2\/product\/5309","targetHints":{"allow":["GET"]}}],"collection":[{"href":"https:\/\/e-flore.store\/de\/wp-json\/wp\/v2\/product"}],"about":[{"href":"https:\/\/e-flore.store\/de\/wp-json\/wp\/v2\/types\/product"}],"wp:featuredmedia":[{"embeddable":true,"href":"https:\/\/e-flore.store\/de\/wp-json\/wp\/v2\/media\/7077"}],"wp:attachment":[{"href":"https:\/\/e-flore.store\/de\/wp-json\/wp\/v2\/media?parent=5309"}],"wp:term":[{"taxonomy":"product_brand","embeddable":true,"href":"https:\/\/e-flore.store\/de\/wp-json\/wp\/v2\/product_brand?post=5309"},{"taxonomy":"product_cat","embeddable":true,"href":"https:\/\/e-flore.store\/de\/wp-json\/wp\/v2\/product_cat?post=5309"},{"taxonomy":"product_tag","embeddable":true,"href":"https:\/\/e-flore.store\/de\/wp-json\/wp\/v2\/product_tag?post=5309"}],"curies":[{"name":"wp","href":"https:\/\/api.w.org\/{rel}","templated":true}]}}