{"id":5320,"date":"2026-02-03T16:01:38","date_gmt":"2026-02-03T14:01:38","guid":{"rendered":"https:\/\/demo8.izveide.id.lv\/?post_type=product&#038;p=5320"},"modified":"2026-03-26T15:10:25","modified_gmt":"2026-03-26T13:10:25","slug":"frbw-500","status":"publish","type":"product","link":"https:\/\/e-flore.store\/de\/produkt\/frbw-500\/","title":{"rendered":"FRBW 500"},"content":{"rendered":"<p><img decoding=\"async\" style=\"width: 100%; height: auto; display: block;\" src=\"\/wp-content\/uploads\/2026\/01\/FRBW-500-PARENT_desc.jpg\" \/><\/p>\n<div id=\"eflore-spacer-v55\" style=\"height: 0px; clear: both; width: 100%; display: block;\"><\/div>\n<p style=\"margin-bottom: 10px; margin-top: 30px;\"><strong>HAFTGRUND GRAU<\/strong><\/p>\n<p style=\"margin-bottom: 8px; margin-top: 0px; line-height: 1.6;\"><strong>&#8222;FRBW 500&#8220;<\/strong> ist eine schnell trocknende, graue und f\u00fcllkr\u00e4ftige Acryl Spezialgrundierung mit ungiftigen Pigmenten.<\/p>\n<p style=\"margin-bottom: 10px; margin-top: 30px;\"><strong>Eigenschaften:<\/strong><\/p>\n<p style=\"margin-bottom: 2px; margin-top: 0px; line-height: 1.4;\">&#8211; optimaler Rostschutz<\/p>\n<p style=\"margin-bottom: 2px; margin-top: 0px; line-height: 1.4;\">&#8211; stark haftend<\/p>\n<p style=\"margin-bottom: 2px; margin-top: 0px; line-height: 1.4;\">&#8211; f\u00fcllkr\u00e4ftig<\/p>\n<p style=\"margin-bottom: 2px; margin-top: 0px; line-height: 1.4;\">&#8211; schnell trocknend.<\/p>\n<p style=\"margin-bottom: 10px; margin-top: 30px;\"><strong>Anwendung:<\/strong><\/p>\n<p style=\"margin-bottom: 8px; margin-top: 0px; line-height: 1.6;\">&#8222;FRBW 500&#8220;\u00a0dient zur optimalen Vorbereitung bei Lackierarbeiten.<\/p>\n<p style=\"margin-bottom: 10px; margin-top: 30px;\"><strong>Arbeitsvorbereitung:<\/strong><\/p>\n<p style=\"margin-bottom: 8px; margin-top: 0px; line-height: 1.6;\">Untergrund muss sauber, trocken und fettfrei sein. Dose gut sch\u00fctteln, wenn Kugel h\u00f6rbar anschl\u00e4gt, noch ca. 2 Minuten weitersch\u00fctteln. Mit einem Abstand von 25 &#8211; 30 cm, im Kreuzgang, d\u00fcnn aufspr\u00fchen.<\/p>\n<p style=\"margin-bottom: 10px; margin-top: 30px;\"><strong>Technische Daten:<\/strong><\/p>\n<p style=\"margin-bottom: 2px; margin-top: 0px; line-height: 1.4;\">Farbe: grau<\/p>\n<p style=\"margin-bottom: 2px; margin-top: 0px; line-height: 1.4;\">Temperaturbest\u00e4ndigkeit: bis +490 \u00b0C<\/p>\n<p style=\"margin-bottom: 2px; margin-top: 0px; line-height: 1.4;\">Lagertemperatur: +5 \u00b0C bis max. +25 \u00b0C<\/p>\n","protected":false},"excerpt":{"rendered":"<p>HAFTGRUND GRAU &#8222;FRBW 500&#8220; ist eine schnell trocknende, graue und f\u00fcllkr\u00e4ftige Acryl Spezialgrundierung mit ungiftigen Pigmenten. Eigenschaften: &#8211; optimaler Rostschutz &#8211; stark haftend &#8211; f\u00fcllkr\u00e4ftig &#8211; schnell trocknend. Anwendung: &#8222;FRBW 500&#8220;\u00a0dient zur optimalen Vorbereitung bei Lackierarbeiten. Arbeitsvorbereitung: Untergrund muss sauber, trocken und fettfrei sein. Dose gut sch\u00fctteln, wenn Kugel h\u00f6rbar anschl\u00e4gt, noch ca. 2 Minuten&#8230;<\/p>\n","protected":false},"featured_media":5321,"template":"","meta":[],"product_brand":[319],"product_cat":[466,415,460],"product_tag":[],"class_list":{"0":"post-5320","1":"product","2":"type-product","3":"status-publish","4":"has-post-thumbnail","6":"product_brand-chemie-spezial","7":"product_cat-wartung-u-instandhaltung-korrosionsschutz","8":"product_cat-chemie-spezial-produkte","9":"product_cat-technische-sprays","11":"first","12":"instock","13":"shipping-taxable","14":"purchasable","15":"product-type-variable","16":"has-default-attributes"},"_links":{"self":[{"href":"https:\/\/e-flore.store\/de\/wp-json\/wp\/v2\/product\/5320","targetHints":{"allow":["GET"]}}],"collection":[{"href":"https:\/\/e-flore.store\/de\/wp-json\/wp\/v2\/product"}],"about":[{"href":"https:\/\/e-flore.store\/de\/wp-json\/wp\/v2\/types\/product"}],"wp:featuredmedia":[{"embeddable":true,"href":"https:\/\/e-flore.store\/de\/wp-json\/wp\/v2\/media\/5321"}],"wp:attachment":[{"href":"https:\/\/e-flore.store\/de\/wp-json\/wp\/v2\/media?parent=5320"}],"wp:term":[{"taxonomy":"product_brand","embeddable":true,"href":"https:\/\/e-flore.store\/de\/wp-json\/wp\/v2\/product_brand?post=5320"},{"taxonomy":"product_cat","embeddable":true,"href":"https:\/\/e-flore.store\/de\/wp-json\/wp\/v2\/product_cat?post=5320"},{"taxonomy":"product_tag","embeddable":true,"href":"https:\/\/e-flore.store\/de\/wp-json\/wp\/v2\/product_tag?post=5320"}],"curies":[{"name":"wp","href":"https:\/\/api.w.org\/{rel}","templated":true}]}}