{"id":5324,"date":"2026-02-03T16:01:39","date_gmt":"2026-02-03T14:01:39","guid":{"rendered":"https:\/\/demo8.izveide.id.lv\/?post_type=product&#038;p=5324"},"modified":"2026-03-26T15:10:18","modified_gmt":"2026-03-26T13:10:18","slug":"frbw-521","status":"publish","type":"product","link":"https:\/\/e-flore.store\/de\/produkt\/frbw-521\/","title":{"rendered":"FRBW 521"},"content":{"rendered":"<p><img decoding=\"async\" style=\"width: 100%; height: auto; display: block;\" src=\"\/wp-content\/uploads\/2026\/01\/FRBW-521-PARENT_desc.jpg\" \/><\/p>\n<p style=\"margin-bottom: 10px; margin-top: 30px;\"><strong>THERMOLACK SILBER<\/strong><\/p>\n<p style=\"margin-bottom: 8px; margin-top: 0px; line-height: 1.6;\"><strong>&#8222;FRBW 521&#8220;<\/strong><\/p>\n<p style=\"margin-bottom: 8px; margin-top: 0px; line-height: 1.6;\">ist ein schnell trocknender Einbrennlack auf der Basis von Silikonbindemittel und Pigmenten. Durch seine Hitzebest\u00e4ndigkeit bis +600 \u00b0C und seine gute Haftung kann er auf allen Metallen angewendet werden. Die Endfestigkeit stellt sich erst bei einer Temperatur von ca. +300 \u00b0C ein.<\/p>\n<p style=\"margin-bottom: 10px; margin-top: 30px;\"><strong>Eigenschaften:<\/strong><\/p>\n<p style=\"margin-bottom: 2px; margin-top: 0px; line-height: 1.4;\">&#8211; sehr gute Haftung<\/p>\n<p style=\"margin-bottom: 2px; margin-top: 0px; line-height: 1.4;\">&#8211; temperaturbest\u00e4ndig bis +600 \u00b0C.<\/p>\n<p style=\"margin-bottom: 10px; margin-top: 30px;\"><strong>Anwendung:<\/strong><\/p>\n<p style=\"margin-bottom: 8px; margin-top: 0px; line-height: 1.6;\">&#8222;FRBW 521&#8220;\u00a0hilft bei Ausbesserungsarbeiten an Auspuffanlagen und zur optischen Aufbereitung nach Reparaturarbeiten an Teilen, die Temperaturbelastungen ausgesetzt sind (Ansaugrohre, Bremsteile, Ofenrohre).<\/p>\n<p style=\"margin-bottom: 10px; margin-top: 30px;\"><strong>Verarbeitung:<\/strong><\/p>\n<p style=\"margin-bottom: 8px; margin-top: 0px; line-height: 1.6;\">Dose nach h\u00f6rbarem Anschlag der Kugel ca. 2 Minuten kr\u00e4ftig weitersch\u00fctteln. Zu behandelnde Teile gr\u00fcndlich reinigen und mit\u00a0&#8222;FRBW 521&#8220;\u00a0bespr\u00fchen. Spr\u00fchabstand hierbei 20 &#8211; 25 cm. Die behandelten Teile langsam erw\u00e4rmen, bis der Lack eine Temperatur von ca. +300 \u00b0C erreicht hat. Nach Gebrauch Ventil leer spr\u00fchen. Bei Verarbeitung von\u00a0&#8222;FRBW 521&#8220;\u00a0f\u00fcr eine ausreichende Be- und Entl\u00fcftung sorgen, um die Bildung explosionsf\u00e4higer Gas- und Luftgemische zu verhindern.<\/p>\n<p style=\"margin-bottom: 10px; margin-top: 30px;\"><strong>Technische Daten:<\/strong><\/p>\n<p style=\"margin-bottom: 2px; margin-top: 0px; line-height: 1.4;\">Farbe: silber<\/p>\n<p style=\"margin-bottom: 2px; margin-top: 0px; line-height: 1.4;\">Temperaturbest\u00e4ndigkeit: bis +600 \u00b0C<\/p>\n<p style=\"margin-bottom: 2px; margin-top: 0px; line-height: 1.4;\">Lagertemperatur: +5 \u00b0C bis max. +25 \u00b0C<\/p>\n","protected":false},"excerpt":{"rendered":"<p>THERMOLACK SILBER &#8222;FRBW 521&#8220; ist ein schnell trocknender Einbrennlack auf der Basis von Silikonbindemittel und Pigmenten. Durch seine Hitzebest\u00e4ndigkeit bis +600 \u00b0C und seine gute Haftung kann er auf allen Metallen angewendet werden. Die Endfestigkeit stellt sich erst bei einer Temperatur von ca. +300 \u00b0C ein. Eigenschaften: &#8211; sehr gute Haftung &#8211; temperaturbest\u00e4ndig bis +600&#8230;<\/p>\n","protected":false},"featured_media":5325,"template":"","meta":[],"product_brand":[319],"product_cat":[466,415,460],"product_tag":[],"class_list":{"0":"post-5324","1":"product","2":"type-product","3":"status-publish","4":"has-post-thumbnail","6":"product_brand-chemie-spezial","7":"product_cat-wartung-u-instandhaltung-korrosionsschutz","8":"product_cat-chemie-spezial-produkte","9":"product_cat-technische-sprays","11":"first","12":"instock","13":"shipping-taxable","14":"purchasable","15":"product-type-variable","16":"has-default-attributes"},"_links":{"self":[{"href":"https:\/\/e-flore.store\/de\/wp-json\/wp\/v2\/product\/5324","targetHints":{"allow":["GET"]}}],"collection":[{"href":"https:\/\/e-flore.store\/de\/wp-json\/wp\/v2\/product"}],"about":[{"href":"https:\/\/e-flore.store\/de\/wp-json\/wp\/v2\/types\/product"}],"wp:featuredmedia":[{"embeddable":true,"href":"https:\/\/e-flore.store\/de\/wp-json\/wp\/v2\/media\/5325"}],"wp:attachment":[{"href":"https:\/\/e-flore.store\/de\/wp-json\/wp\/v2\/media?parent=5324"}],"wp:term":[{"taxonomy":"product_brand","embeddable":true,"href":"https:\/\/e-flore.store\/de\/wp-json\/wp\/v2\/product_brand?post=5324"},{"taxonomy":"product_cat","embeddable":true,"href":"https:\/\/e-flore.store\/de\/wp-json\/wp\/v2\/product_cat?post=5324"},{"taxonomy":"product_tag","embeddable":true,"href":"https:\/\/e-flore.store\/de\/wp-json\/wp\/v2\/product_tag?post=5324"}],"curies":[{"name":"wp","href":"https:\/\/api.w.org\/{rel}","templated":true}]}}