{"id":5335,"date":"2026-02-03T16:01:43","date_gmt":"2026-02-03T14:01:43","guid":{"rendered":"https:\/\/demo8.izveide.id.lv\/?post_type=product&#038;p=5335"},"modified":"2026-02-18T20:26:53","modified_gmt":"2026-02-18T18:26:53","slug":"grsw-40","status":"publish","type":"product","link":"https:\/\/e-flore.store\/de\/produkt\/grsw-40\/","title":{"rendered":"GRSW 40"},"content":{"rendered":"<p><img decoding=\"async\" style=\"width: 100%; height: auto; display: block;\" src=\"\/wp-content\/uploads\/2026\/01\/GRSW-40-PARENT_desc.jpg\" \/><\/p>\n<p style=\"margin-bottom: 10px; margin-top: 30px;\"><strong>MULTIFUNKTIONS<\/strong><strong>\u00d6<\/strong><strong>L<\/strong><\/p>\n<p style=\"margin-bottom: 8px; margin-top: 0px; line-height: 1.6;\"><strong>&#8222;GRSW 40&#8220;<\/strong><\/p>\n<p style=\"margin-bottom: 8px; margin-top: 0px; line-height: 1.6;\">duftet gut, schmiert Scharniere, Verbindungen, Beschl\u00e4ge, R\u00e4der, Rollen, Griffe, Schl\u00f6sser an Fenstern und T\u00fcren, Federn, Blattfedern, usw. Auch f\u00fcr die Fahrrad- und Motorradpflege (Federgabel + Kette), und vieles mehr.\u00a0&#8222;GRSW 40&#8220;, das Fl\u00fcssigwerkzeug f\u00fcr den Handwerker.<\/p>\n<p style=\"margin-bottom: 8px; margin-top: 0px; line-height: 1.6;\">&#8222;GRSW 40&#8220;\u00a0ist ein Langzeit-Korrosionsschutz, Rostl\u00f6ser, Schmier- und Reinigungsmittel in einem. Verdr\u00e4ngt Feuchtigkeit. Kriech\u00f6l und Kontaktspray, zum Beispiel an Elektrokontakten, Z\u00fcndsystemen, Motoren und Elektrowerkzeugen, Fahr- und Motorr\u00e4dern, Kleinmotoren, etc. Reinigt, pflegt und sch\u00fctzt in einem Arbeitsgang. Unterwandert Fett, Schmutz und bildet eine korrosionsbest\u00e4ndige Schutzschicht.<\/p>\n<p style=\"margin-bottom: 10px; margin-top: 30px;\"><strong>Anwendung:<\/strong><\/p>\n<p style=\"margin-bottom: 8px; margin-top: 0px; line-height: 1.6;\">&#8211; Schmiermittel f\u00fcr Gelenke, Scharniere, Gleit- und Kugellager<\/p>\n<p style=\"margin-bottom: 8px; margin-top: 0px; line-height: 1.6;\">&#8211; Rostl\u00f6ser f\u00fcr festgerostete Schraub- und Metallverbindungen<\/p>\n<p style=\"margin-bottom: 8px; margin-top: 0px; line-height: 1.6;\">&#8211; Pflegemittel f\u00fcr Me\u00dfwerkzeuge und Pr\u00e4zisionsger\u00e4te, entfernt Flugrost und konserviert<\/p>\n<p style=\"margin-bottom: 8px; margin-top: 0px; line-height: 1.6;\">&#8211; Kontaktverbesserung f\u00fcr elektrische Kontakte, verhindert Kriechstr\u00f6me und verdr\u00e4ngt Wasser<\/p>\n<p style=\"margin-bottom: 8px; margin-top: 0px; line-height: 1.6;\">&#8211; Reinigungsmittel l\u00f6st verkrustete und verharzte Schmiermittelr\u00fcckst\u00e4nde und hinterl\u00e4\u00dft einen hauchd\u00fcnnen, antistatischen Schutzfilm.<\/p>\n<p style=\"margin-bottom: 10px; margin-top: 30px;\"><strong>Eigenschaften:<\/strong><\/p>\n<p style=\"margin-bottom: 8px; margin-top: 0px; line-height: 1.6;\">&#8211; silikonfrei<\/p>\n<p style=\"margin-bottom: 8px; margin-top: 0px; line-height: 1.6;\">&#8211; unterwandert Rost und verdr\u00e4ngt Feuchtigkeit<\/p>\n<p style=\"margin-bottom: 8px; margin-top: 0px; line-height: 1.6;\">&#8211; reinigt und pflegt metallische Oberfl\u00e4chen<\/p>\n<p style=\"margin-bottom: 8px; margin-top: 0px; line-height: 1.6;\">&#8211; sch\u00fctzt vor Korrosion<\/p>\n<p style=\"margin-bottom: 8px; margin-top: 0px; line-height: 1.6;\">&#8211; Kontakthilfe f\u00fcr elektrische Anlagen, verhindert Kriechstr\u00f6me<\/p>\n<p style=\"margin-bottom: 8px; margin-top: 0px; line-height: 1.6;\">&#8211; schmiert fleckenfrei und nahezu unsichtbar<\/p>\n<p style=\"margin-bottom: 8px; margin-top: 0px; line-height: 1.6;\">&#8211; l\u00f6st festgefrorene Schl\u00f6sser und Stifte<\/p>\n<p style=\"margin-bottom: 8px; margin-top: 0px; line-height: 1.6;\">&#8211; hervorragende Eigenschaften als Kriech\u00f6l.<\/p>\n<p style=\"margin-bottom: 10px; margin-top: 30px;\"><strong>Gebrauchsanweisung:<\/strong><\/p>\n<p style=\"margin-bottom: 8px; margin-top: 0px; line-height: 1.6;\">&#8222;GRSW 40&#8220;\u00a0gleichm\u00e4ssig aus einer Entfernung von 20-30 cm aufspr\u00fchen und einwirken lassen&#8230; Der Vorgang kann bei Bedarf wiederholt werden.<\/p>\n<p style=\"margin-bottom: 10px; margin-top: 30px;\"><strong>Technische Daten:<\/strong><\/p>\n<p style=\"margin-bottom: 8px; margin-top: 0px; line-height: 1.6;\">Farbe: transparent<\/p>\n<p style=\"margin-bottom: 8px; margin-top: 0px; line-height: 1.6;\">Geruch: charakteristisch<\/p>\n<p style=\"margin-bottom: 10px; margin-top: 30px;\"><strong>Verpackung:<\/strong><\/p>\n<p style=\"margin-bottom: 8px; margin-top: 0px; line-height: 1.6;\">&#8222;GRSW 40&#8220;\u00a0ist in 400 ml Aerosoldosen lieferbar. VPE = 12 St\u00fcck<\/p>\n<p style=\"margin-bottom: 8px; margin-top: 0px; line-height: 1.6;\">&#8222;GRSW 40&#8220;\u00a0ist in 1 L,\u00a05 L, 10\u00a0L\u00a0Gebinde lieferbar.<\/p>\n","protected":false},"excerpt":{"rendered":"<p>MULTIFUNKTIONS\u00d6L &#8222;GRSW 40&#8220; duftet gut, schmiert Scharniere, Verbindungen, Beschl\u00e4ge, R\u00e4der, Rollen, Griffe, Schl\u00f6sser an Fenstern und T\u00fcren, Federn, Blattfedern, usw. Auch f\u00fcr die Fahrrad- und Motorradpflege (Federgabel + Kette), und vieles mehr.\u00a0&#8222;GRSW 40&#8220;, das Fl\u00fcssigwerkzeug f\u00fcr den Handwerker. &#8222;GRSW 40&#8220;\u00a0ist ein Langzeit-Korrosionsschutz, Rostl\u00f6ser, Schmier- und Reinigungsmittel in einem. Verdr\u00e4ngt Feuchtigkeit. Kriech\u00f6l und Kontaktspray, zum Beispiel&#8230;<\/p>\n","protected":false},"featured_media":5336,"template":"","meta":[],"product_brand":[319],"product_cat":[463,466,415,460],"product_tag":[],"class_list":{"0":"post-5335","1":"product","2":"type-product","3":"status-publish","4":"has-post-thumbnail","6":"product_brand-chemie-spezial","7":"product_cat-schmierstoffe","8":"product_cat-wartung-u-instandhaltung-korrosionsschutz","9":"product_cat-chemie-spezial-produkte","10":"product_cat-technische-sprays","12":"first","13":"instock","14":"shipping-taxable","15":"purchasable","16":"product-type-variable","17":"has-default-attributes"},"_links":{"self":[{"href":"https:\/\/e-flore.store\/de\/wp-json\/wp\/v2\/product\/5335","targetHints":{"allow":["GET"]}}],"collection":[{"href":"https:\/\/e-flore.store\/de\/wp-json\/wp\/v2\/product"}],"about":[{"href":"https:\/\/e-flore.store\/de\/wp-json\/wp\/v2\/types\/product"}],"wp:featuredmedia":[{"embeddable":true,"href":"https:\/\/e-flore.store\/de\/wp-json\/wp\/v2\/media\/5336"}],"wp:attachment":[{"href":"https:\/\/e-flore.store\/de\/wp-json\/wp\/v2\/media?parent=5335"}],"wp:term":[{"taxonomy":"product_brand","embeddable":true,"href":"https:\/\/e-flore.store\/de\/wp-json\/wp\/v2\/product_brand?post=5335"},{"taxonomy":"product_cat","embeddable":true,"href":"https:\/\/e-flore.store\/de\/wp-json\/wp\/v2\/product_cat?post=5335"},{"taxonomy":"product_tag","embeddable":true,"href":"https:\/\/e-flore.store\/de\/wp-json\/wp\/v2\/product_tag?post=5335"}],"curies":[{"name":"wp","href":"https:\/\/api.w.org\/{rel}","templated":true}]}}