{"id":5348,"date":"2026-02-03T16:01:45","date_gmt":"2026-02-03T14:01:45","guid":{"rendered":"https:\/\/demo8.izveide.id.lv\/?post_type=product&#038;p=5348"},"modified":"2026-02-18T20:28:22","modified_gmt":"2026-02-18T18:28:22","slug":"neu94-lk","status":"publish","type":"product","link":"https:\/\/e-flore.store\/de\/produkt\/neu94-lk\/","title":{"rendered":"NEU94 LK"},"content":{"rendered":"<p><img decoding=\"async\" style=\"width: 100%; height: auto; display: block;\" src=\"\/wp-content\/uploads\/2026\/01\/NEU94-LK-PARENT_desc.png\" \/><\/p>\n<p style=\"margin-bottom: 10px; margin-top: 30px;\"><strong>SCHAUMLOSER ALGENVERNICHTER F\u00dcR SCHWIMMB\u00c4DER<\/strong><\/p>\n<p style=\"margin-bottom: 10px; margin-top: 30px;\"><strong>Anwendungsgebiete:<\/strong><\/p>\n<p style=\"margin-bottom: 8px; margin-top: 0px; line-height: 1.6;\">&#8222;NEU94 LK&#8220; enth\u00e4lt eine chemische Verbindung polymeren Charakters, die schon in niedriger Dosierung das Wachsen von Algen verhindert, bzw. diese in bereits befallenen Becken abt\u00f6tet. Im Gegensatz zu vielen anderen algen- oder bakterienvernichtenden Mitteln ist schaumlos, obwohl keine aldehydischen oder chlorentwickelnden Verbindungen enthalten sind. In Wellen- oder Sprudelb\u00e4dern wirkt &#8222;NEU94 LK&#8220; ebenfalls schaumlos. &#8222;NEU94 LK&#8220; greift in der laufenden Anwendungsdosierung keine Metalle, Kunststoffe, Emaillegegenst\u00e4nde, Glas oder glasierte Becken an und ist nicht hautreizend. Kann mit Wasser in jedem Verh\u00e4ltnis ver- d\u00fcnnt werden. Auch unter sauren und alkalischen Bedingungen bleibt die algizide Wirkung des Produktes voll erhalten. Da nicht fl\u00fcchtig, entstehen keine Verdampfungs verluste. Nicht nur Algen, sondern auch Eisen- und schleimbildende Bakterien werden mit Erfolg bek\u00e4mpft. Oft ist eine Reduzierung des Chlorgehaltes um 20 &#8211; 50 % m\u00f6glich.<\/p>\n<p style=\"margin-bottom: 8px; margin-top: 0px; line-height: 1.6;\">Bei Klein- und Privatpools kann teilweise ganz auf Chlor verzichtet werden. Die Dosierung von kann problemlos \u00fcber die Zumischanlage erfolgen. Das Einsatzgebiet umfasst neben Schwimmb\u00e4dern auch K\u00fchltruhen, Wasserspeicherbecken und andere\u00a0 \u00a0Wassersystem, die von Algen befallen werden k\u00f6nnen.<\/p>\n<p style=\"margin-bottom: 10px; margin-top: 30px;\"><strong>Verarbeitung:<\/strong><\/p>\n<p style=\"margin-bottom: 8px; margin-top: 0px; line-height: 1.6;\">Grundosierung, wenn noch kein Algenbefall vorliegt:<\/p>\n<p style=\"margin-bottom: 8px; margin-top: 0px; line-height: 1.6;\">2,0 Ltr. &#8222;NEU94 LK&#8220; auf 100 m\u00b3 = 100.000 Ltr. Beckenwasser.<\/p>\n<p style=\"margin-bottom: 8px; margin-top: 0px; line-height: 1.6;\">W\u00f6chentliche Nachdosierung:<\/p>\n<p style=\"margin-bottom: 8px; margin-top: 0px; line-height: 1.6;\">0,5 Ltr. &#8222;NEU94 LK&#8220; auf 100 m\u00b3 Beckenwasser.<\/p>\n<p style=\"margin-bottom: 8px; margin-top: 0px; line-height: 1.6;\">Bei starker Wasserbelastung kann die Dosierung auf 1,0 Ltr. erh\u00f6ht werden.<\/p>\n<p style=\"margin-bottom: 8px; margin-top: 0px; line-height: 1.6;\">Abt\u00f6tung von Algen 7,0 Ltr. auf 100 m\u00b3 Beckenwasser.<\/p>\n<p style=\"margin-bottom: 10px; margin-top: 30px;\"><strong>Hinweise:<\/strong><\/p>\n<p style=\"margin-bottom: 8px; margin-top: 0px; line-height: 1.6;\">Biozide vorsichtig verwenden. Vor Gebrauch stets Kennzeichnung und Produktinformation lesen. Vor Frost sch\u00fctzen!<\/p>\n<p style=\"margin-bottom: 10px; margin-top: 30px;\"><strong>pH:<\/strong>7 &#8211; 8<\/p>\n","protected":false},"excerpt":{"rendered":"<p>SCHAUMLOSER ALGENVERNICHTER F\u00dcR SCHWIMMB\u00c4DER Anwendungsgebiete: &#8222;NEU94 LK&#8220; enth\u00e4lt eine chemische Verbindung polymeren Charakters, die schon in niedriger Dosierung das Wachsen von Algen verhindert, bzw. diese in bereits befallenen Becken abt\u00f6tet. Im Gegensatz zu vielen anderen algen- oder bakterienvernichtenden Mitteln ist schaumlos, obwohl keine aldehydischen oder chlorentwickelnden Verbindungen enthalten sind. In Wellen- oder Sprudelb\u00e4dern wirkt &#8222;NEU94&#8230;<\/p>\n","protected":false},"featured_media":5349,"template":"","meta":[],"product_brand":[],"product_cat":[430,415,445,457],"product_tag":[],"class_list":{"0":"post-5348","1":"product","2":"type-product","3":"status-publish","4":"has-post-thumbnail","6":"product_cat-spezialprodukte-chemie","7":"product_cat-chemie-spezial-produkte","8":"product_cat-gastronomie-und-lebensmittel","9":"product_cat-desinfektionsmittel-und-reiniger","11":"first","12":"instock","13":"shipping-taxable","14":"purchasable","15":"product-type-variable","16":"has-default-attributes"},"_links":{"self":[{"href":"https:\/\/e-flore.store\/de\/wp-json\/wp\/v2\/product\/5348","targetHints":{"allow":["GET"]}}],"collection":[{"href":"https:\/\/e-flore.store\/de\/wp-json\/wp\/v2\/product"}],"about":[{"href":"https:\/\/e-flore.store\/de\/wp-json\/wp\/v2\/types\/product"}],"wp:featuredmedia":[{"embeddable":true,"href":"https:\/\/e-flore.store\/de\/wp-json\/wp\/v2\/media\/5349"}],"wp:attachment":[{"href":"https:\/\/e-flore.store\/de\/wp-json\/wp\/v2\/media?parent=5348"}],"wp:term":[{"taxonomy":"product_brand","embeddable":true,"href":"https:\/\/e-flore.store\/de\/wp-json\/wp\/v2\/product_brand?post=5348"},{"taxonomy":"product_cat","embeddable":true,"href":"https:\/\/e-flore.store\/de\/wp-json\/wp\/v2\/product_cat?post=5348"},{"taxonomy":"product_tag","embeddable":true,"href":"https:\/\/e-flore.store\/de\/wp-json\/wp\/v2\/product_tag?post=5348"}],"curies":[{"name":"wp","href":"https:\/\/api.w.org\/{rel}","templated":true}]}}