{"id":5360,"date":"2026-02-03T16:01:46","date_gmt":"2026-02-03T14:01:46","guid":{"rendered":"https:\/\/demo8.izveide.id.lv\/?post_type=product&#038;p=5360"},"modified":"2026-03-26T15:09:45","modified_gmt":"2026-03-26T13:09:45","slug":"alk1546-lk","status":"publish","type":"product","link":"https:\/\/e-flore.store\/de\/produkt\/alk1546-lk\/","title":{"rendered":"ALK1546 LK"},"content":{"rendered":"<p><img decoding=\"async\" style=\"width: 100%; height: auto; display: block;\" src=\"\/wp-content\/uploads\/2026\/01\/ALK1546-LK-PARENT_desc.jpg\" \/><\/p>\n<p style=\"text-align: justify;\"><b>QAV FREIER DESINFEKTIONSREINIGER F\u00dcR DIE FL\u00c4CHENDESINFEKTION IM PUBLIKUMS- UND LEBENSMITTELBEREICH<\/b><\/p>\n<p style=\"margin-bottom: 10px; margin-top: 30px;\"><strong>Anwendungsgebiete:<\/strong><\/p>\n<p style=\"margin-bottom: 8px; margin-top: 0px; line-height: 1.6;\">Hoch effektiver Desinfektionsreiniger mit einer guten Wirksamkeit gegen\u00fcber Bakterien, Viren, Hefen und Pilzen.<\/p>\n<p style=\"margin-bottom: 8px; margin-top: 0px; line-height: 1.6;\">Das Produkt ist frei von QAV (Quatern\u00e4re Ammoniumverbindungen, Benzalkoniumchlorid) und erf\u00fcllt somit die neusten EU-Vorgaben. Ferner enth\u00e4lt &#8222;ALK1546 LK&#8220; keine Alkohole wodurch Fl\u00e4chen und Materialien geschont werden.<\/p>\n<p style=\"margin-bottom: 8px; margin-top: 0px; line-height: 1.6;\">&#8222;ALK1546 LK&#8220; ist ideal f\u00fcr die Fl\u00e4chendesinfektion im Hospital-, Arztpraxen-, Pflegeheim- und Seniorenheimbereich einsetzbar. Zus\u00e4tzlich kann Anwendungen finden sich in Kitas und Schulen, Sportst\u00e4tten, Fitnesscentern (Fl\u00e4chen und Ger\u00e4te), Restaurant- und Kantinenbereich, Waschkauern, Thermalb\u00e4der etc.<\/p>\n<p style=\"margin-bottom: 8px; margin-top: 0px; line-height: 1.6;\">&#8222;ALK1546 LK&#8220; kann auf nahezu allen Oberfl\u00e4chen eingesetzt werden.<\/p>\n<p style=\"margin-bottom: 8px; margin-top: 0px; line-height: 1.6;\">Eingereicht f\u00fcr die Aufnahme in die neuste VAH Listung.<\/p>\n<p style=\"margin-bottom: 10px; margin-top: 30px;\"><strong>Verarbeitung:<\/strong><\/p>\n<p style=\"margin-bottom: 8px; margin-top: 0px; line-height: 1.6;\">&#8222;ALK1546 LK&#8220; wird im Wischverfahren angewendet.<br \/>\nFolgende Dosierungen und Einwirkzeiten anwenden:<\/p>\n<p style=\"margin-bottom: 8px; margin-top: 0px; line-height: 1.6;\"><strong><u>Bakterielle Desinfektion von nicht por\u00f6sen harten Oberfl\u00e4chen in Gegenwart von hohen organischen Belastungen:<\/u><\/strong><\/p>\n<table style=\"width: 100%; border-collapse: collapse; margin-bottom: 8px;\">\n<tbody>\n<tr>\n<td style=\"border: 1px solid #ddd; padding: 5px;\">Verd\u00fcnnung<\/td>\n<td style=\"border: 1px solid #ddd; padding: 5px;\">Einwirkzeit<\/td>\n<\/tr>\n<tr>\n<td style=\"border: 1px solid #ddd; padding: 5px;\">1,00 %<\/td>\n<td style=\"border: 1px solid #ddd; padding: 5px;\">15 min.<\/td>\n<\/tr>\n<tr>\n<td style=\"border: 1px solid #ddd; padding: 5px;\">0,75 %<\/td>\n<td style=\"border: 1px solid #ddd; padding: 5px;\">30 min.<\/td>\n<\/tr>\n<tr>\n<td style=\"border: 1px solid #ddd; padding: 5px;\">0,50 %<\/td>\n<td style=\"border: 1px solid #ddd; padding: 5px;\">60 min.<\/td>\n<\/tr>\n<tr>\n<td style=\"border: 1px solid #ddd; padding: 5px;\">0,25 %<\/td>\n<td style=\"border: 1px solid #ddd; padding: 5px;\">240 min.<\/td>\n<\/tr>\n<\/tbody>\n<\/table>\n<p style=\"margin-bottom: 8px; margin-top: 0px; line-height: 1.6;\"><strong><u>Tuberkulozide Wirkung:<\/u><\/strong><\/p>\n<table style=\"width: 100%; border-collapse: collapse; margin-bottom: 8px;\">\n<tbody>\n<tr>\n<td style=\"border: 1px solid #ddd; padding: 5px;\">Verd\u00fcnnung<\/td>\n<td style=\"border: 1px solid #ddd; padding: 5px;\">Einwirkzeit<\/td>\n<\/tr>\n<tr>\n<td style=\"border: 1px solid #ddd; padding: 5px;\">1,00 %<\/td>\n<td style=\"border: 1px solid #ddd; padding: 5px;\">60 min.<\/td>\n<\/tr>\n<\/tbody>\n<\/table>\n<p style=\"margin-bottom: 8px; margin-top: 0px; line-height: 1.6;\"><strong><u>Fungizide Wirkung:<\/u><\/strong><\/p>\n<table style=\"width: 100%; border-collapse: collapse; margin-bottom: 8px;\">\n<tbody>\n<tr>\n<td style=\"border: 1px solid #ddd; padding: 5px;\">Verd\u00fcnnung<\/td>\n<td style=\"border: 1px solid #ddd; padding: 5px;\">Einwirkzeit<\/td>\n<\/tr>\n<tr>\n<td style=\"border: 1px solid #ddd; padding: 5px;\">0,50 %<\/td>\n<td style=\"border: 1px solid #ddd; padding: 5px;\">15 min.<\/td>\n<\/tr>\n<\/tbody>\n<\/table>\n<p style=\"margin-bottom: 8px; margin-top: 0px; line-height: 1.6;\"><strong><u>Bakterielle Wirkung gegen\u00fcber allt\u00e4glichen Belastungen (P.aeruginosa, S.aureus, E.coli, Colibakterium und E.hirae) auf harten Oberfl\u00e4chen wie z.B. Sportger\u00e4te:<\/u><\/strong><\/p>\n<table style=\"width: 100%; border-collapse: collapse; margin-bottom: 8px;\">\n<tbody>\n<tr>\n<td style=\"border: 1px solid #ddd; padding: 5px;\">Verd\u00fcnnung<\/td>\n<td style=\"border: 1px solid #ddd; padding: 5px;\">Einwirkzeit<\/td>\n<\/tr>\n<tr>\n<td style=\"border: 1px solid #ddd; padding: 5px;\">1,00<\/td>\n<td style=\"border: 1px solid #ddd; padding: 5px;\">5 min.<\/td>\n<\/tr>\n<\/tbody>\n<\/table>\n<p style=\"margin-bottom: 8px; margin-top: 0px; line-height: 1.6;\"><strong><u>Wirkung gegen\u00fcber Viren (Influenza, Pocken, BVDV (Pestviren)):<\/u><\/strong><\/p>\n<table style=\"width: 100%; border-collapse: collapse; margin-bottom: 8px;\">\n<tbody>\n<tr>\n<td style=\"border: 1px solid #ddd; padding: 5px;\">Verd\u00fcnnung<\/td>\n<td style=\"border: 1px solid #ddd; padding: 5px;\">Einwirkzeit<\/td>\n<\/tr>\n<tr>\n<td style=\"border: 1px solid #ddd; padding: 5px;\">2,00 %<\/td>\n<td style=\"border: 1px solid #ddd; padding: 5px;\">30 min.<\/td>\n<\/tr>\n<\/tbody>\n<\/table>\n<p style=\"margin-bottom: 8px; margin-top: 0px; line-height: 1.6;\">Ebenfalls wirksam gegen\u00fcber HBV, HCV, HIV oder andere Orthomyxoviren sowie tierischer und menschlicher Influenza (z.B. H5N1 und H1N1).<\/p>\n<p style=\"margin-bottom: 10px; margin-top: 30px;\"><strong>Hinweise:<\/strong><\/p>\n<p style=\"margin-bottom: 8px; margin-top: 0px; line-height: 1.6;\">&#8222;ALK1546 LK&#8220; nur mit geeigneter Schutzkleidung (Handschuhe, Schutzbrille) anwenden und Haut-\/ Mundkontakt vermeiden.<\/p>\n<p style=\"margin-bottom: 8px; margin-top: 0px; line-height: 1.6;\">Bei Unwohlsein sofort Arzt aufsuchen. Nicht geeignet f\u00fcr s\u00e4ureempfindliche Bel\u00e4ge. Vor der Erstanwendung Probeauftrag vornehmen.<\/p>\n<p style=\"margin-bottom: 8px; margin-top: 0px; line-height: 1.6;\">Enth\u00e4lt gem\u00e4\u00df 648\/2004\/EG: Bis (3- aminopropyl) dodecylpropan-1,3 diamin &lt;10%.<\/p>\n<p style=\"margin-bottom: 10px; margin-top: 30px;\"><strong>pH:<\/strong> 9,9 (Konz.)<\/p>\n","protected":false},"excerpt":{"rendered":"<p>QAV FREIER DESINFEKTIONSREINIGER F\u00dcR DIE FL\u00c4CHENDESINFEKTION IM PUBLIKUMS- UND LEBENSMITTELBEREICH Anwendungsgebiete: Hoch effektiver Desinfektionsreiniger mit einer guten Wirksamkeit gegen\u00fcber Bakterien, Viren, Hefen und Pilzen. Das Produkt ist frei von QAV (Quatern\u00e4re Ammoniumverbindungen, Benzalkoniumchlorid) und erf\u00fcllt somit die neusten EU-Vorgaben. Ferner enth\u00e4lt &#8222;ALK1546 LK&#8220; keine Alkohole wodurch Fl\u00e4chen und Materialien geschont werden. &#8222;ALK1546 LK&#8220; ist ideal&#8230;<\/p>\n","protected":false},"featured_media":5361,"template":"","meta":[],"product_brand":[319],"product_cat":[415,445,457],"product_tag":[],"class_list":{"0":"post-5360","1":"product","2":"type-product","3":"status-publish","4":"has-post-thumbnail","6":"product_brand-chemie-spezial","7":"product_cat-chemie-spezial-produkte","8":"product_cat-gastronomie-und-lebensmittel","9":"product_cat-desinfektionsmittel-und-reiniger","11":"first","12":"instock","13":"shipping-taxable","14":"purchasable","15":"product-type-variable","16":"has-default-attributes"},"_links":{"self":[{"href":"https:\/\/e-flore.store\/de\/wp-json\/wp\/v2\/product\/5360","targetHints":{"allow":["GET"]}}],"collection":[{"href":"https:\/\/e-flore.store\/de\/wp-json\/wp\/v2\/product"}],"about":[{"href":"https:\/\/e-flore.store\/de\/wp-json\/wp\/v2\/types\/product"}],"wp:featuredmedia":[{"embeddable":true,"href":"https:\/\/e-flore.store\/de\/wp-json\/wp\/v2\/media\/5361"}],"wp:attachment":[{"href":"https:\/\/e-flore.store\/de\/wp-json\/wp\/v2\/media?parent=5360"}],"wp:term":[{"taxonomy":"product_brand","embeddable":true,"href":"https:\/\/e-flore.store\/de\/wp-json\/wp\/v2\/product_brand?post=5360"},{"taxonomy":"product_cat","embeddable":true,"href":"https:\/\/e-flore.store\/de\/wp-json\/wp\/v2\/product_cat?post=5360"},{"taxonomy":"product_tag","embeddable":true,"href":"https:\/\/e-flore.store\/de\/wp-json\/wp\/v2\/product_tag?post=5360"}],"curies":[{"name":"wp","href":"https:\/\/api.w.org\/{rel}","templated":true}]}}