{"id":5372,"date":"2026-02-03T16:01:50","date_gmt":"2026-02-03T14:01:50","guid":{"rendered":"https:\/\/demo8.izveide.id.lv\/?post_type=product&#038;p=5372"},"modified":"2026-03-26T15:09:37","modified_gmt":"2026-03-26T13:09:37","slug":"alk17-lk","status":"publish","type":"product","link":"https:\/\/e-flore.store\/de\/produkt\/alk17-lk\/","title":{"rendered":"ALK17 LK"},"content":{"rendered":"<p><img decoding=\"async\" style=\"width: 100%; height: auto; display: block;\" src=\"\/wp-content\/uploads\/2026\/01\/ALK17-LK-PARENT_desc.jpg\" \/><\/p>\n<p style=\"margin-bottom: 10px; margin-top: 30px;\"><strong>CHLOR REINIGER. BLEICHMITTEL (ORIG. EAU DE LABARRAQUE)<\/strong><\/p>\n<p style=\"margin-bottom: 10px; margin-top: 30px;\"><strong>Anwendungsgebiete:<\/strong><\/p>\n<p style=\"margin-bottom: 8px; margin-top: 0px; line-height: 1.6;\">Eau de Labarraque ist seit mehr als 100 Jahren als intensiver Reiniger weit verbreitet. Durch seine chlorabspaltende Wirkung hat das Produkt folgende Eigenschaften: Es reinigt intensiv, bleicht vergilbte Materialien, t\u00f6tet Bakterien, Pilze, Algen, Ungeziefer und beseitigt unangenehme Ger\u00fcche. Diese vielseitige Verwendungsm\u00f6glichkeit hat dazu gef\u00fchrt, dass &#8222;ALK17 LK&#8220; (Eau de Labarraque) als Spezialreinigungsmittel f\u00fcr vorstehende Anwendungsgebiete eingesetzt wird.<\/p>\n<p style=\"margin-bottom: 10px; margin-top: 30px;\"><strong>Verarbeitung:<\/strong><\/p>\n<p style=\"margin-bottom: 8px; margin-top: 0px; line-height: 1.6;\"><strong><u>Konzentriert:<\/u><\/strong><br \/>\nin Ausg\u00fcssen und Abfl\u00fcssen \u00fcber l\u00e4ngere Zeit einwirken lassen. Anschlie\u00dfend mit viel Wasser durchsp\u00fclen. 150 ml in einem Eimer Wasser (8 Ltr.) l\u00f6sen.<\/p>\n<p style=\"margin-bottom: 8px; margin-top: 0px; line-height: 1.6;\"><strong><u>Reinigt, desinfiziert und desodoriert in Sanit\u00e4ranlagen:<\/u><\/strong><br \/>\nToilettent\u00f6pfe, Badewannen, Waschbecken, Fliesen.<\/p>\n<p style=\"margin-bottom: 8px; margin-top: 0px; line-height: 1.6;\"><strong><u>In K\u00fcchen:<\/u><\/strong><br \/>\nBack\u00f6fen, Grill, Kunststoff- und Emaillefl\u00e4chen, Pfannen.<\/p>\n<p style=\"margin-bottom: 8px; margin-top: 0px; line-height: 1.6;\"><strong><u>In landwirtschaftlichen Anlagen:<\/u><\/strong><br \/>\nSt\u00e4lle, Tr\u00f6ge, Fressn\u00e4pfe, Sitzstangen.<\/p>\n<p style=\"margin-bottom: 8px; margin-top: 0px; line-height: 1.6;\">Au\u00dferdem Keller, Unterk\u00fcnfte, Vorratsr\u00e4ume, Boote, Wohnwagen, verf\u00e4rbte Wei\u00dfw\u00e4sche, Windeln, Mop und Reinigungst\u00fccher in der Industrie (Geruchsbel\u00e4stigung durch Bakterienzersetzung).<\/p>\n<p style=\"margin-bottom: 10px; margin-top: 30px;\"><strong>Hinweise:<\/strong><\/p>\n<p style=\"margin-bottom: 8px; margin-top: 0px; line-height: 1.6;\">Da das Produkt Chlor abspaltet, sind die Fenster bei Gebrauch zu \u00f6ffnen. Besonders bei hoher Konzentration sollte an verdeckter Stelle ein Probeauftrag vorgenommen werden, um Materialien auf Vertr\u00e4glichkeit zu pr\u00fcfen. Kanister gut verschlossen halten. Au\u00dfer Reichweite von Kindern aufbewahren. Nicht gemeinsam mit sauren WC- Reinigern, Salmiak oder anderen Reinigungsmitteln benutzen. Nicht mit hei\u00dfem Wasser verarbeiten.<\/p>\n<p style=\"margin-bottom: 10px; margin-top: 30px;\"><strong>pH:<\/strong> 13 (Konz.)<\/p>\n","protected":false},"excerpt":{"rendered":"<p>CHLOR REINIGER. BLEICHMITTEL (ORIG. EAU DE LABARRAQUE) Anwendungsgebiete: Eau de Labarraque ist seit mehr als 100 Jahren als intensiver Reiniger weit verbreitet. Durch seine chlorabspaltende Wirkung hat das Produkt folgende Eigenschaften: Es reinigt intensiv, bleicht vergilbte Materialien, t\u00f6tet Bakterien, Pilze, Algen, Ungeziefer und beseitigt unangenehme Ger\u00fcche. Diese vielseitige Verwendungsm\u00f6glichkeit hat dazu gef\u00fchrt, dass &#8222;ALK17 LK&#8220;&#8230;<\/p>\n","protected":false},"featured_media":5373,"template":"","meta":[],"product_brand":[319],"product_cat":[415,445,457],"product_tag":[],"class_list":{"0":"post-5372","1":"product","2":"type-product","3":"status-publish","4":"has-post-thumbnail","6":"product_brand-chemie-spezial","7":"product_cat-chemie-spezial-produkte","8":"product_cat-gastronomie-und-lebensmittel","9":"product_cat-desinfektionsmittel-und-reiniger","11":"first","12":"instock","13":"shipping-taxable","14":"purchasable","15":"product-type-variable","16":"has-default-attributes"},"_links":{"self":[{"href":"https:\/\/e-flore.store\/de\/wp-json\/wp\/v2\/product\/5372","targetHints":{"allow":["GET"]}}],"collection":[{"href":"https:\/\/e-flore.store\/de\/wp-json\/wp\/v2\/product"}],"about":[{"href":"https:\/\/e-flore.store\/de\/wp-json\/wp\/v2\/types\/product"}],"wp:featuredmedia":[{"embeddable":true,"href":"https:\/\/e-flore.store\/de\/wp-json\/wp\/v2\/media\/5373"}],"wp:attachment":[{"href":"https:\/\/e-flore.store\/de\/wp-json\/wp\/v2\/media?parent=5372"}],"wp:term":[{"taxonomy":"product_brand","embeddable":true,"href":"https:\/\/e-flore.store\/de\/wp-json\/wp\/v2\/product_brand?post=5372"},{"taxonomy":"product_cat","embeddable":true,"href":"https:\/\/e-flore.store\/de\/wp-json\/wp\/v2\/product_cat?post=5372"},{"taxonomy":"product_tag","embeddable":true,"href":"https:\/\/e-flore.store\/de\/wp-json\/wp\/v2\/product_tag?post=5372"}],"curies":[{"name":"wp","href":"https:\/\/api.w.org\/{rel}","templated":true}]}}