{"id":5378,"date":"2026-02-03T16:01:51","date_gmt":"2026-02-03T14:01:51","guid":{"rendered":"https:\/\/demo8.izveide.id.lv\/?post_type=product&#038;p=5378"},"modified":"2026-03-26T15:09:32","modified_gmt":"2026-03-26T13:09:32","slug":"neu93-lk","status":"publish","type":"product","link":"https:\/\/e-flore.store\/de\/produkt\/neu93-lk\/","title":{"rendered":"NEU93 LK"},"content":{"rendered":"<p><img decoding=\"async\" style=\"width: 100%; height: auto; display: block;\" src=\"\/wp-content\/uploads\/2026\/01\/NEU93-LK-PARENT_desc.jpg\" \/><\/p>\n<p>&nbsp;<\/p>\n<p><b>K\u00dcCHEN-, DESINFEKTIONS- UND REINIGUNGSMITTEL<\/b><\/p>\n<p><b>Anwendungsgebiete:<br \/>\n<\/b><\/p>\n<p style=\"text-align: justify;\">&#8222;NEU93 LK&#8220; ist ein spezielles K\u00fcchenreinigungs- und Desinfektionsmittel. Da dieses Produkt geruchsneutral ist, findet es problemlos dort seinen Einsatz, wo Lebensmittel verarbeitet werden. Es wirkt zus\u00e4tzlich desodorierend. Ger\u00fcche in K\u00fcchen, Fleischereien und \u00e4hnlichen Bereichen werden schnell und zuverl\u00e4ssig beseitigt. Durch den hohen Anteil von quaten\u00e4ren Ammoniumchloridverbindungen wirkt <span style=\"letter-spacing: normal;\">&#8222;NEU93 LK&#8220;<\/span> stark gegen\u00fcber den meisten Microorganismen wie z. B. Bakterien und Sporenpilzen.<b><br \/>\n<\/b><\/p>\n<p><b>Verarbeitung:<\/b><\/p>\n<p style=\"text-align: justify;\">F\u00fcr die allgemeine Desinfektion sollte eine 1 &#8211; 3 %ige L\u00f6sung hergestellt werden. Bei der Reinigung mit Desinfektion ist eine Verd\u00fcnnung von 2 &#8211; 4 % angebracht. Wird <span style=\"letter-spacing: normal;\">&#8222;NEU93 LK&#8220;<\/span> f\u00fcr die Algen-, Schimmel- und Moosbek\u00e4mpfung eingesetzt, sollte minimal eine 5 %ige L\u00f6sung ange- setzt werden, die Fl\u00e4chen mit dieser L\u00f6sung benetzen und nach ca. 4 &#8211; 8 Stunden mit klarem Wasser absp\u00fclen. <span style=\"letter-spacing: normal;\">&#8222;NEU93 LK&#8220;<\/span> kann im Wisch-, Scheuer- und Spr\u00fchverfahren verarbeitet werden.<\/p>\n<p style=\"text-align: justify;\"><span style=\"letter-spacing: normal;\">&#8222;NEU93 LK&#8220;<\/span> kann mit den Produkten &#8222;ACD75 LK&#8220; oder &#8222;ALK37 LK&#8220; f\u00fcr eine Reinigungsintensivierung kombiniert werden.<b><br \/>\n<\/b><\/p>\n<p><b>pH:<\/b> 7 (Konz.)<\/p>\n","protected":false},"excerpt":{"rendered":"<p>&nbsp; K\u00dcCHEN-, DESINFEKTIONS- UND REINIGUNGSMITTEL Anwendungsgebiete: &#8222;NEU93 LK&#8220; ist ein spezielles K\u00fcchenreinigungs- und Desinfektionsmittel. Da dieses Produkt geruchsneutral ist, findet es problemlos dort seinen Einsatz, wo Lebensmittel verarbeitet werden. Es wirkt zus\u00e4tzlich desodorierend. Ger\u00fcche in K\u00fcchen, Fleischereien und \u00e4hnlichen Bereichen werden schnell und zuverl\u00e4ssig beseitigt. Durch den hohen Anteil von quaten\u00e4ren Ammoniumchloridverbindungen wirkt &#8222;NEU93 LK&#8220;&#8230;<\/p>\n","protected":false},"featured_media":5379,"template":"","meta":[],"product_brand":[319],"product_cat":[415,445,457],"product_tag":[],"class_list":{"0":"post-5378","1":"product","2":"type-product","3":"status-publish","4":"has-post-thumbnail","6":"product_brand-chemie-spezial","7":"product_cat-chemie-spezial-produkte","8":"product_cat-gastronomie-und-lebensmittel","9":"product_cat-desinfektionsmittel-und-reiniger","11":"first","12":"instock","13":"shipping-taxable","14":"purchasable","15":"product-type-variable","16":"has-default-attributes"},"_links":{"self":[{"href":"https:\/\/e-flore.store\/de\/wp-json\/wp\/v2\/product\/5378","targetHints":{"allow":["GET"]}}],"collection":[{"href":"https:\/\/e-flore.store\/de\/wp-json\/wp\/v2\/product"}],"about":[{"href":"https:\/\/e-flore.store\/de\/wp-json\/wp\/v2\/types\/product"}],"wp:featuredmedia":[{"embeddable":true,"href":"https:\/\/e-flore.store\/de\/wp-json\/wp\/v2\/media\/5379"}],"wp:attachment":[{"href":"https:\/\/e-flore.store\/de\/wp-json\/wp\/v2\/media?parent=5378"}],"wp:term":[{"taxonomy":"product_brand","embeddable":true,"href":"https:\/\/e-flore.store\/de\/wp-json\/wp\/v2\/product_brand?post=5378"},{"taxonomy":"product_cat","embeddable":true,"href":"https:\/\/e-flore.store\/de\/wp-json\/wp\/v2\/product_cat?post=5378"},{"taxonomy":"product_tag","embeddable":true,"href":"https:\/\/e-flore.store\/de\/wp-json\/wp\/v2\/product_tag?post=5378"}],"curies":[{"name":"wp","href":"https:\/\/api.w.org\/{rel}","templated":true}]}}