{"id":5390,"date":"2026-02-03T16:01:53","date_gmt":"2026-02-03T14:01:53","guid":{"rendered":"https:\/\/demo8.izveide.id.lv\/?post_type=product&#038;p=5390"},"modified":"2026-03-26T15:09:22","modified_gmt":"2026-03-26T13:09:22","slug":"acd1639-lk","status":"publish","type":"product","link":"https:\/\/e-flore.store\/de\/produkt\/acd1639-lk\/","title":{"rendered":"ACD1639 LK"},"content":{"rendered":"<p><img decoding=\"async\" style=\"width: 100%; height: auto; display: block;\" src=\"\/wp-content\/uploads\/2026\/01\/ACD1639-LK-PARENT_desc.jpg\" \/><\/p>\n<p style=\"margin-bottom: 10px; margin-top: 30px;\"><strong>SCHONENDER SANIT\u00c4R-UNTERHALTSREINIGER F\u00dcR ALLE BEREICHE<\/strong><\/p>\n<p style=\"margin-bottom: 10px; margin-top: 30px;\"><strong>Anwendungsgebiete:<\/strong><\/p>\n<p style=\"margin-bottom: 8px; margin-top: 0px; line-height: 1.6;\">&#8222;ACD1639 LK&#8220; ist hochkonzentriert und besitzt deshalb noch in hoher Verd\u00fcnnung eine starke Reinigungs- kraft. Bei sachgem\u00e4\u00dfer Verd\u00fcnnung trocknet &#8222;ACD1639 LK&#8220; auf den gereinigten Fl\u00e4chen glasklar auf, wodurch ein unn\u00f6tiger Arbeitsaufwand durch ein Nachwischen erspart bleibt. W\u00e4hrend und nach der Reinigung verbreitet sich in den R\u00e4umen ein angenehmer desodorierender Duft.<\/p>\n<p style=\"margin-bottom: 8px; margin-top: 0px; line-height: 1.6;\">Kalk-, Kessel- und Urinstein sowie Seifenreste und Fettablagerungen werden leicht gel\u00f6st, ohne aggressiv gegen\u00fcber den Materialien und der Haut zu sein.<\/p>\n<p style=\"margin-bottom: 8px; margin-top: 0px; line-height: 1.6;\">&#8222;ACD1639 LK&#8220; wirkt bei den angegebenen Verd\u00fcnnungen hygienisch, wodurch der Einsatz von Desinfektionsreinigern entfallen kann. S\u00e4urefeste Fliesen, Tonkacheln, Wasch- und WC-Becken, glasiertes Porzellan, Edelstahl, verchromte Armaturen, Kunststoffe u. a. werden nicht angegriffen.<\/p>\n<p style=\"margin-bottom: 10px; margin-top: 30px;\"><strong>Verarbeitung:<\/strong><\/p>\n<p style=\"margin-bottom: 8px; margin-top: 0px; line-height: 1.6;\">Damit ein Klartrockeneffekt erreicht wird, 25 &#8211; 200 ml (1 &#8211; 2 Tassen)\u00a0&#8222;ACD1639 LK&#8220; auf einen Eimer Wasser (8 Ltr.) geben.<\/p>\n<p style=\"margin-bottom: 8px; margin-top: 0px; line-height: 1.6;\">Bei starken, bzw. alten Ablagerungen ist die Dosis bis zum gew\u00fcnschten Reinigungsziel zu erh\u00f6hen.<\/p>\n<p style=\"margin-bottom: 8px; margin-top: 0px; line-height: 1.6;\">Nicht auf warmen Chromarmaturen anwenden und maximal handwarmes Wasser einsetzen.<\/p>\n<p style=\"margin-bottom: 8px; margin-top: 0px; line-height: 1.6;\">Bei unbekannten Materialien sollte an einer verdeckten Stelle ein Probeauftrag vorgenommen werden.<\/p>\n<p style=\"margin-bottom: 10px; margin-top: 30px;\"><strong>Hinweise:<\/strong><\/p>\n<p style=\"margin-bottom: 8px; margin-top: 0px; line-height: 1.6;\">&#8222;ACD1639 LK&#8220; ist ungiftig, frei von Salz-, Phosphor- und Schwefels\u00e4uren und erf\u00fcllt in seiner Abbaubarkeit die Anforderungen des deutschen Waschmittelgesetzes.\u00a0&#8222;ACD1639 LK&#8220; ist gepr\u00fcft von der S\u00e4urefliesner-Vereinigung und eingetragen in die Liste RK f\u00fcr keramische Bel\u00e4ge.<\/p>\n<p style=\"margin-bottom: 10px; margin-top: 30px;\"><strong>pH:<\/strong>1,3<\/p>\n","protected":false},"excerpt":{"rendered":"<p>SCHONENDER SANIT\u00c4R-UNTERHALTSREINIGER F\u00dcR ALLE BEREICHE Anwendungsgebiete: &#8222;ACD1639 LK&#8220; ist hochkonzentriert und besitzt deshalb noch in hoher Verd\u00fcnnung eine starke Reinigungs- kraft. Bei sachgem\u00e4\u00dfer Verd\u00fcnnung trocknet &#8222;ACD1639 LK&#8220; auf den gereinigten Fl\u00e4chen glasklar auf, wodurch ein unn\u00f6tiger Arbeitsaufwand durch ein Nachwischen erspart bleibt. W\u00e4hrend und nach der Reinigung verbreitet sich in den R\u00e4umen ein angenehmer desodorierender&#8230;<\/p>\n","protected":false},"featured_media":5391,"template":"","meta":[],"product_brand":[319],"product_cat":[415,454,445],"product_tag":[],"class_list":{"0":"post-5390","1":"product","2":"type-product","3":"status-publish","4":"has-post-thumbnail","6":"product_brand-chemie-spezial","7":"product_cat-chemie-spezial-produkte","8":"product_cat-sanitaer-und-baederreiniger","9":"product_cat-gastronomie-und-lebensmittel","11":"first","12":"instock","13":"shipping-taxable","14":"purchasable","15":"product-type-variable","16":"has-default-attributes"},"_links":{"self":[{"href":"https:\/\/e-flore.store\/de\/wp-json\/wp\/v2\/product\/5390","targetHints":{"allow":["GET"]}}],"collection":[{"href":"https:\/\/e-flore.store\/de\/wp-json\/wp\/v2\/product"}],"about":[{"href":"https:\/\/e-flore.store\/de\/wp-json\/wp\/v2\/types\/product"}],"wp:featuredmedia":[{"embeddable":true,"href":"https:\/\/e-flore.store\/de\/wp-json\/wp\/v2\/media\/5391"}],"wp:attachment":[{"href":"https:\/\/e-flore.store\/de\/wp-json\/wp\/v2\/media?parent=5390"}],"wp:term":[{"taxonomy":"product_brand","embeddable":true,"href":"https:\/\/e-flore.store\/de\/wp-json\/wp\/v2\/product_brand?post=5390"},{"taxonomy":"product_cat","embeddable":true,"href":"https:\/\/e-flore.store\/de\/wp-json\/wp\/v2\/product_cat?post=5390"},{"taxonomy":"product_tag","embeddable":true,"href":"https:\/\/e-flore.store\/de\/wp-json\/wp\/v2\/product_tag?post=5390"}],"curies":[{"name":"wp","href":"https:\/\/api.w.org\/{rel}","templated":true}]}}