{"id":5396,"date":"2026-02-03T16:01:54","date_gmt":"2026-02-03T14:01:54","guid":{"rendered":"https:\/\/demo8.izveide.id.lv\/?post_type=product&#038;p=5396"},"modified":"2026-03-26T15:09:15","modified_gmt":"2026-03-26T13:09:15","slug":"acd044-lk","status":"publish","type":"product","link":"https:\/\/e-flore.store\/de\/produkt\/acd044-lk\/","title":{"rendered":"ACD044 LK"},"content":{"rendered":"<p><img decoding=\"async\" style=\"width: 100%; height: auto; display: block;\" src=\"\/wp-content\/uploads\/2026\/01\/ACD044-LK-PARENT_desc.jpg\" \/><\/p>\n<p style=\"margin-bottom: 10px; margin-top: 30px;\"><strong>KRAFTVOLLER SANIT\u00c4RREINIGER MIT KORROSIONSSCHUTZ<\/strong><\/p>\n<p style=\"margin-bottom: 10px; margin-top: 30px;\"><strong>Anwendungsgebiete:<\/strong><\/p>\n<p style=\"margin-bottom: 8px; margin-top: 0px; line-height: 1.6;\">&#8222;ACD044 LK&#8220; ist ein fl\u00fcssiges, in jedem Verh\u00e4ltnis mit Wasser mischbares Erzeugnis, welches in den angegebenen sparsamen Dosierungen eine sichere Reinigungswirkung erzielt. Dabei tritt keine Geruchsbel\u00e4stigung auf. Ein besonderes Merkmal des Produktes ist die f\u00fcr s\u00e4urehaltige Reiniger ausgezeichnete Armaturenschonung. Dies wird durch den Einsatz von Inhibitoren erreicht, welche die Entfernung von Wasser-, Urin- und Kalkstein bewirken, jedoch die Korrosion der Metalle weitgehenst herabsetzen, so dass Spritzer auf Armaturen und Metallfl\u00e4chen meist ohne Beeintr\u00e4chtigung abgewaschen werden k\u00f6nnen. Der Aufbau aus organischen und anorganischen S\u00e4uren in Verbindung mit synthetischen Waschrohstoffen und nachdem Detergentiengesetz abbauf\u00e4higen L\u00f6sungsmitteln bringt zus\u00e4tzlich eine verst\u00e4rkte Reinigunswirkung auf \u00d6l- und Fettablagerungen, wie z. B. in B\u00e4der und Toilettenanlagen zur Entfernung von Hautfett und Seifenstein.<\/p>\n<p style=\"margin-bottom: 8px; margin-top: 0px; line-height: 1.6;\">&#8222;ACD044 LK&#8220;\u00a0ist f\u00fcr die Verarbeitung in Hochdruckger\u00e4te gut geeignet und somit als Grundreiniger in Schwimmb\u00e4dern einsetzbar.<\/p>\n<p style=\"margin-bottom: 10px; margin-top: 30px;\"><strong>Verarbeitung:<\/strong><\/p>\n<p style=\"margin-bottom: 2px; margin-top: 0px; line-height: 1.4;\">&#8211; Zur Unterhaltsreinigung von Toiletten, B\u00e4dern und Nutzfahrzeugen ca. 200 ccm (1 &#8211; 2 Tassen) auf einen Eimer Wasser (8 Ltr.) geben.<\/p>\n<p style=\"margin-bottom: 2px; margin-top: 0px; line-height: 1.4;\">&#8211; In Hochdruckger\u00e4te 1:10 bis 1:20 mit Wasser verd\u00fcnnt verarbeiten.<\/p>\n<p style=\"margin-bottom: 2px; margin-top: 0px; line-height: 1.4;\">&#8211; 1:2 bis 1:5 verd\u00fcnnt zur Grundreinigung von Schwimmbecken, Toiletten, Fassaden u. a..<\/p>\n<p style=\"margin-bottom: 8px; margin-top: 0px; line-height: 1.6;\">Jeweils mit viel Wasser nachwaschen. Geeignet f\u00fcr alle glasierten Gegenst\u00e4nde, wie Becken, Wannen, Fliesen, Kacheln in B\u00e4der- und Toilettenanlagen.<\/p>\n<p style=\"margin-bottom: 8px; margin-top: 0px; line-height: 1.6;\">Au\u00dferdem f\u00fcr s\u00e4urefeste Industrieb\u00f6den und Fassaden, Porzellan und Steingut.<\/p>\n<p style=\"margin-bottom: 10px; margin-top: 30px;\"><strong>Hinweise:<\/strong><\/p>\n<p style=\"margin-bottom: 8px; margin-top: 0px; line-height: 1.6;\">Da\u00a0&#8222;ACD044 LK&#8220;\u00a0S\u00e4uren enth\u00e4lt, sind die f\u00fcr den Umgang mit s\u00e4urehaltigen Produkten erlassenen Bestimmungen zu beachten.<\/p>\n<p style=\"margin-bottom: 10px; margin-top: 30px;\"><strong>pH:<\/strong>1,0 (Din 51369)<\/p>\n","protected":false},"excerpt":{"rendered":"<p>KRAFTVOLLER SANIT\u00c4RREINIGER MIT KORROSIONSSCHUTZ Anwendungsgebiete: &#8222;ACD044 LK&#8220; ist ein fl\u00fcssiges, in jedem Verh\u00e4ltnis mit Wasser mischbares Erzeugnis, welches in den angegebenen sparsamen Dosierungen eine sichere Reinigungswirkung erzielt. Dabei tritt keine Geruchsbel\u00e4stigung auf. Ein besonderes Merkmal des Produktes ist die f\u00fcr s\u00e4urehaltige Reiniger ausgezeichnete Armaturenschonung. Dies wird durch den Einsatz von Inhibitoren erreicht, welche die Entfernung&#8230;<\/p>\n","protected":false},"featured_media":5397,"template":"","meta":[],"product_brand":[319],"product_cat":[415,454,445],"product_tag":[],"class_list":{"0":"post-5396","1":"product","2":"type-product","3":"status-publish","4":"has-post-thumbnail","6":"product_brand-chemie-spezial","7":"product_cat-chemie-spezial-produkte","8":"product_cat-sanitaer-und-baederreiniger","9":"product_cat-gastronomie-und-lebensmittel","11":"first","12":"instock","13":"shipping-taxable","14":"purchasable","15":"product-type-variable","16":"has-default-attributes"},"_links":{"self":[{"href":"https:\/\/e-flore.store\/de\/wp-json\/wp\/v2\/product\/5396","targetHints":{"allow":["GET"]}}],"collection":[{"href":"https:\/\/e-flore.store\/de\/wp-json\/wp\/v2\/product"}],"about":[{"href":"https:\/\/e-flore.store\/de\/wp-json\/wp\/v2\/types\/product"}],"wp:featuredmedia":[{"embeddable":true,"href":"https:\/\/e-flore.store\/de\/wp-json\/wp\/v2\/media\/5397"}],"wp:attachment":[{"href":"https:\/\/e-flore.store\/de\/wp-json\/wp\/v2\/media?parent=5396"}],"wp:term":[{"taxonomy":"product_brand","embeddable":true,"href":"https:\/\/e-flore.store\/de\/wp-json\/wp\/v2\/product_brand?post=5396"},{"taxonomy":"product_cat","embeddable":true,"href":"https:\/\/e-flore.store\/de\/wp-json\/wp\/v2\/product_cat?post=5396"},{"taxonomy":"product_tag","embeddable":true,"href":"https:\/\/e-flore.store\/de\/wp-json\/wp\/v2\/product_tag?post=5396"}],"curies":[{"name":"wp","href":"https:\/\/api.w.org\/{rel}","templated":true}]}}