{"id":5414,"date":"2026-02-03T16:01:59","date_gmt":"2026-02-03T14:01:59","guid":{"rendered":"https:\/\/demo8.izveide.id.lv\/?post_type=product&#038;p=5414"},"modified":"2026-03-26T15:09:03","modified_gmt":"2026-03-26T13:09:03","slug":"neu1551-lk","status":"publish","type":"product","link":"https:\/\/e-flore.store\/de\/produkt\/neu1551-lk\/","title":{"rendered":"NEU1551 LK"},"content":{"rendered":"<p><img decoding=\"async\" style=\"width: 100%; height: auto; display: block;\" src=\"\/wp-content\/uploads\/2026\/01\/NEU1551-LK-PARENT_desc.jpg\" \/><\/p>\n<p style=\"margin-bottom: 10px; margin-top: 30px;\"><strong>SPERRFL\u00dcSSIGKEIT F\u00dcR WASSERFREIEN URINALE<\/strong><\/p>\n<p style=\"margin-bottom: 10px; margin-top: 30px;\"><strong>Anwendungsgebiete:<\/strong><\/p>\n<p style=\"margin-bottom: 8px; margin-top: 0px; line-height: 1.6;\">&#8222;NEU1551 LK&#8220; ist eine universell einsatzbare Sperrfl\u00fcssigkeit f\u00fcr nahezu alle wasserfesten Urinale.\u00a0&#8222;NEU1551 LK&#8220;\u00a0wird durch Harnstoff nicht angegriffen oder umgesetzt und beh\u00e4lt somit lange seine Wirkung.<\/p>\n<p style=\"margin-bottom: 8px; margin-top: 0px; line-height: 1.6;\">&#8222;NEU1551 LK&#8220;\u00a0verkapselt die Ger\u00fcche und verschlie\u00dft sicher das Kanalsitz.\u00a0&#8222;NEU1551 LK&#8220;\u00a0wirkt zus\u00e4tzlich desodorierend und verbreitet einen lang anhaltenden Frischeduft.<\/p>\n<p style=\"margin-bottom: 10px; margin-top: 30px;\"><strong>Verarbeitung:<\/strong><\/p>\n<p style=\"margin-bottom: 8px; margin-top: 0px; line-height: 1.6;\">&#8222;NEU1551 LK&#8220;\u00a0wird in das leere Syphonsystem gegeben. Den F\u00fcllstand regelm\u00e4\u00dfig kontrollieren.\u00a0&#8222;NEU1551 LK&#8220;\u00a0sollte nach ca 5.000 Anwendungen ausgewechselt werden. Verbrauch ca. 300 ml je Urinal.<\/p>\n<p style=\"margin-bottom: 10px; margin-top: 30px;\"><strong>pH:<\/strong>nicht messbar<\/p>\n","protected":false},"excerpt":{"rendered":"<p>SPERRFL\u00dcSSIGKEIT F\u00dcR WASSERFREIEN URINALE Anwendungsgebiete: &#8222;NEU1551 LK&#8220; ist eine universell einsatzbare Sperrfl\u00fcssigkeit f\u00fcr nahezu alle wasserfesten Urinale.\u00a0&#8222;NEU1551 LK&#8220;\u00a0wird durch Harnstoff nicht angegriffen oder umgesetzt und beh\u00e4lt somit lange seine Wirkung. &#8222;NEU1551 LK&#8220;\u00a0verkapselt die Ger\u00fcche und verschlie\u00dft sicher das Kanalsitz.\u00a0&#8222;NEU1551 LK&#8220;\u00a0wirkt zus\u00e4tzlich desodorierend und verbreitet einen lang anhaltenden Frischeduft. Verarbeitung: &#8222;NEU1551 LK&#8220;\u00a0wird in das leere Syphonsystem&#8230;<\/p>\n","protected":false},"featured_media":5415,"template":"","meta":[],"product_brand":[319],"product_cat":[454,415,445],"product_tag":[],"class_list":{"0":"post-5414","1":"product","2":"type-product","3":"status-publish","4":"has-post-thumbnail","6":"product_brand-chemie-spezial","7":"product_cat-sanitaer-und-baederreiniger","8":"product_cat-chemie-spezial-produkte","9":"product_cat-gastronomie-und-lebensmittel","11":"first","12":"instock","13":"shipping-taxable","14":"purchasable","15":"product-type-variable","16":"has-default-attributes"},"_links":{"self":[{"href":"https:\/\/e-flore.store\/de\/wp-json\/wp\/v2\/product\/5414","targetHints":{"allow":["GET"]}}],"collection":[{"href":"https:\/\/e-flore.store\/de\/wp-json\/wp\/v2\/product"}],"about":[{"href":"https:\/\/e-flore.store\/de\/wp-json\/wp\/v2\/types\/product"}],"wp:featuredmedia":[{"embeddable":true,"href":"https:\/\/e-flore.store\/de\/wp-json\/wp\/v2\/media\/5415"}],"wp:attachment":[{"href":"https:\/\/e-flore.store\/de\/wp-json\/wp\/v2\/media?parent=5414"}],"wp:term":[{"taxonomy":"product_brand","embeddable":true,"href":"https:\/\/e-flore.store\/de\/wp-json\/wp\/v2\/product_brand?post=5414"},{"taxonomy":"product_cat","embeddable":true,"href":"https:\/\/e-flore.store\/de\/wp-json\/wp\/v2\/product_cat?post=5414"},{"taxonomy":"product_tag","embeddable":true,"href":"https:\/\/e-flore.store\/de\/wp-json\/wp\/v2\/product_tag?post=5414"}],"curies":[{"name":"wp","href":"https:\/\/api.w.org\/{rel}","templated":true}]}}