{"id":5438,"date":"2026-02-03T16:02:02","date_gmt":"2026-02-03T14:02:02","guid":{"rendered":"https:\/\/demo8.izveide.id.lv\/?post_type=product&#038;p=5438"},"modified":"2026-03-26T15:08:46","modified_gmt":"2026-03-26T13:08:46","slug":"alk100-lk","status":"publish","type":"product","link":"https:\/\/e-flore.store\/de\/produkt\/alk100-lk\/","title":{"rendered":"ALK100 LK"},"content":{"rendered":"<p><img decoding=\"async\" style=\"width: 100%; height: auto; display: block;\" src=\"\/wp-content\/uploads\/2026\/01\/ALK100-LK-PARENT_desc.jpg\" \/><\/p>\n<p style=\"margin-bottom: 10px; margin-top: 30px;\"><strong>HOCH ALKALISCHER REINIGER F\u00dc<\/strong>R DEN LEBENSMITTELBEREICH<\/p>\n<p style=\"margin-bottom: 10px; margin-top: 30px;\"><strong>Anwendungsgebiete:<\/strong><\/p>\n<p style=\"margin-bottom: 8px; margin-top: 0px; line-height: 1.6;\">&#8222;ALK100 LK&#8220; ist ein stark alkalischer Reiniger f\u00fcr die Entfernung von Fett- und Eiwei\u00dfaufbauten wie sie in Schlachth\u00f6fen, Metzgereien, Gro\u00dfk\u00fcchen und milchverarbeitenden Betrieben anfallen.<\/p>\n<p style=\"margin-bottom: 8px; margin-top: 0px; line-height: 1.6;\">Dieser Reiniger enth\u00e4lt Schaumaktivatoren und kann somit f\u00fcr Schaumlanzen eingesetzt werden. Er l\u00f6st leicht alle Arten von organischen Verschmutzungen.<\/p>\n<p style=\"margin-bottom: 8px; margin-top: 0px; line-height: 1.6;\">Zus\u00e4tzlich kann er bei der alkalischen Fassadenreinigung verwendet werden.<\/p>\n<p style=\"margin-bottom: 10px; margin-top: 30px;\"><strong>Verarbeitung:<\/strong><\/p>\n<p style=\"margin-bottom: 8px; margin-top: 0px; line-height: 1.6;\">&#8222;ALK100 LK&#8220;\u00a0kann manuell oderin HD-Ger\u00e4ten verwendet werden. F\u00fcr die manuelle Reinigung, je nach Grad der Verschmutzung, 1:50 &#8211; 1:100 mit Wasser verd\u00fcnnen und auf die Ablagerungen aufbringen.<\/p>\n<p style=\"margin-bottom: 8px; margin-top: 0px; line-height: 1.6;\">Die Verschmutzungen mit Wasser aufnehmen und gr\u00fcndlich nachsp\u00fclen. Bei der HD-Reinigung 1:75 &#8211; 1:200 mit Wasser verd\u00fcnnen.<\/p>\n<p style=\"margin-bottom: 10px; margin-top: 30px;\"><strong>Hinweise:<\/strong><\/p>\n<p style=\"margin-bottom: 8px; margin-top: 0px; line-height: 1.6;\">&#8222;ALK100 LK&#8220;\u00a0wirkt stark alkalisch, daher Probeauftrag durchf\u00fchren. Nicht geeignet f\u00fcr Linoleumbel\u00e4ge. Bei der Verarbeitung geeignete Schutzkleidung (Handschuhe, Gummistiefel, Schutzbrille) tragen. Frei von L\u00f6sungsmitteln, Konservierungsstoffen und Aldehyden.\u00a0&#8222;ALK100 LK&#8220;\u00a0niemals mit anderen Reinigungsprodukten vermischen.<\/p>\n<p style=\"margin-bottom: 10px; margin-top: 30px;\"><strong>pH:<\/strong>14 (Konz.)<\/p>\n","protected":false},"excerpt":{"rendered":"<p>HOCH ALKALISCHER REINIGER F\u00dcR DEN LEBENSMITTELBEREICH Anwendungsgebiete: &#8222;ALK100 LK&#8220; ist ein stark alkalischer Reiniger f\u00fcr die Entfernung von Fett- und Eiwei\u00dfaufbauten wie sie in Schlachth\u00f6fen, Metzgereien, Gro\u00dfk\u00fcchen und milchverarbeitenden Betrieben anfallen. Dieser Reiniger enth\u00e4lt Schaumaktivatoren und kann somit f\u00fcr Schaumlanzen eingesetzt werden. Er l\u00f6st leicht alle Arten von organischen Verschmutzungen. Zus\u00e4tzlich kann er bei der&#8230;<\/p>\n","protected":false},"featured_media":5439,"template":"","meta":[],"product_brand":[319],"product_cat":[451,415,445],"product_tag":[],"class_list":{"0":"post-5438","1":"product","2":"type-product","3":"status-publish","4":"has-post-thumbnail","6":"product_brand-chemie-spezial","7":"product_cat-grill-ofen-und-konvektomatenreiniger","8":"product_cat-chemie-spezial-produkte","9":"product_cat-gastronomie-und-lebensmittel","11":"first","12":"instock","13":"shipping-taxable","14":"purchasable","15":"product-type-variable","16":"has-default-attributes"},"_links":{"self":[{"href":"https:\/\/e-flore.store\/de\/wp-json\/wp\/v2\/product\/5438","targetHints":{"allow":["GET"]}}],"collection":[{"href":"https:\/\/e-flore.store\/de\/wp-json\/wp\/v2\/product"}],"about":[{"href":"https:\/\/e-flore.store\/de\/wp-json\/wp\/v2\/types\/product"}],"wp:featuredmedia":[{"embeddable":true,"href":"https:\/\/e-flore.store\/de\/wp-json\/wp\/v2\/media\/5439"}],"wp:attachment":[{"href":"https:\/\/e-flore.store\/de\/wp-json\/wp\/v2\/media?parent=5438"}],"wp:term":[{"taxonomy":"product_brand","embeddable":true,"href":"https:\/\/e-flore.store\/de\/wp-json\/wp\/v2\/product_brand?post=5438"},{"taxonomy":"product_cat","embeddable":true,"href":"https:\/\/e-flore.store\/de\/wp-json\/wp\/v2\/product_cat?post=5438"},{"taxonomy":"product_tag","embeddable":true,"href":"https:\/\/e-flore.store\/de\/wp-json\/wp\/v2\/product_tag?post=5438"}],"curies":[{"name":"wp","href":"https:\/\/api.w.org\/{rel}","templated":true}]}}