{"id":5450,"date":"2026-02-03T16:02:04","date_gmt":"2026-02-03T14:02:04","guid":{"rendered":"https:\/\/demo8.izveide.id.lv\/?post_type=product&#038;p=5450"},"modified":"2026-03-26T15:08:38","modified_gmt":"2026-03-26T13:08:38","slug":"alk202-lk","status":"publish","type":"product","link":"https:\/\/e-flore.store\/de\/produkt\/alk202-lk\/","title":{"rendered":"ALK202 LK"},"content":{"rendered":"<p><img decoding=\"async\" style=\"width: 100%; height: auto; display: block;\" src=\"\/wp-content\/uploads\/2026\/01\/ALK202-LK-PARENT_desc.jpg\" \/><\/p>\n<p><strong>STARK ALKALISCHER REINIGER UND ENTFETTUNGSMITTEL<\/strong><\/p>\n<p><strong>Anwendungsgebiete:<\/strong><\/p>\n<p>&#8222;ALK202 LK&#8220; ist ein alkalisches, hochkonzentriertes Reinigungsmittel f\u00fcr stark verschmutzte Fl\u00e4chen. Dieses Produkt bew\u00e4ltigt selbst stark verharzte oder eingebrannte tierische oder pflanzliche R\u00fcckst\u00e4nde. Fette, \u00d6le und Harz werden somit leicht gel\u00f6st. &#8222;ALK202 LK&#8220; entfernt hartn\u00e4ckige Verf\u00e4rbungen auf Fliesen, Arbeitsfl\u00e4chen etc. Problemstellen in Schwimmb\u00e4dern, Industrie-, Lebensmittelbereichen, Werkst\u00e4tten und Sanit\u00e4rr\u00e4umen k\u00f6nnen leicht gereinigt werden. &#8222;ALK202 LK&#8220; kann ebenfalls als Vorreiniger und Endreiniger f\u00fcr Planen in der LKW-Waschanlagen eingesetzt werden.<\/p>\n<p><strong>Verarbeitung:<\/strong><\/p>\n<p>&#8222;ALK202 LK&#8220; wird in folgenden Anwendungskonzentrationen auf 10 Liter Wasser f\u00fcr die Reinigung eingesetzt:<\/p>\n<p style=\"margin-bottom: 8px; margin-top: 0px; line-height: 1.6;\"><u>Manuelle Reinigung:<\/u> 50 \u2013 100 ml<\/p>\n<p style=\"margin-bottom: 8px; margin-top: 0px; line-height: 1.6;\"><u>B\u00fcrstenreinigung:<\/u> 50 \u2013 70 ml<\/p>\n<p style=\"margin-bottom: 8px; margin-top: 0px; line-height: 1.6;\"><u>HD-Injektor:<\/u> 1000 \u2013 2000 ml vorverd\u00fcnnen.<\/p>\n<p style=\"margin-bottom: 10px; margin-top: 30px;\"><strong>Hinweise:<\/strong><\/p>\n<p>Glas kann angegriffen werden. Nicht geeignet f\u00fcr Aluminium und lackierte Fl\u00e4chen. Ein Probeauftrag vor der Erstanwendung ist erforderlich.<\/p>\n<p><strong>pH:<\/strong> 14,0 (Konz.)<\/p>\n","protected":false},"excerpt":{"rendered":"<p>STARK ALKALISCHER REINIGER UND ENTFETTUNGSMITTEL Anwendungsgebiete: &#8222;ALK202 LK&#8220; ist ein alkalisches, hochkonzentriertes Reinigungsmittel f\u00fcr stark verschmutzte Fl\u00e4chen. Dieses Produkt bew\u00e4ltigt selbst stark verharzte oder eingebrannte tierische oder pflanzliche R\u00fcckst\u00e4nde. Fette, \u00d6le und Harz werden somit leicht gel\u00f6st. &#8222;ALK202 LK&#8220; entfernt hartn\u00e4ckige Verf\u00e4rbungen auf Fliesen, Arbeitsfl\u00e4chen etc. Problemstellen in Schwimmb\u00e4dern, Industrie-, Lebensmittelbereichen, Werkst\u00e4tten und Sanit\u00e4rr\u00e4umen k\u00f6nnen&#8230;<\/p>\n","protected":false},"featured_media":5451,"template":"","meta":[],"product_brand":[319],"product_cat":[448,415,445],"product_tag":[],"class_list":{"0":"post-5450","1":"product","2":"type-product","3":"status-publish","4":"has-post-thumbnail","6":"product_brand-chemie-spezial","7":"product_cat-grosskuechenreinigung-und-entfettungsmittel","8":"product_cat-chemie-spezial-produkte","9":"product_cat-gastronomie-und-lebensmittel","11":"first","12":"instock","13":"shipping-taxable","14":"purchasable","15":"product-type-variable","16":"has-default-attributes"},"_links":{"self":[{"href":"https:\/\/e-flore.store\/de\/wp-json\/wp\/v2\/product\/5450","targetHints":{"allow":["GET"]}}],"collection":[{"href":"https:\/\/e-flore.store\/de\/wp-json\/wp\/v2\/product"}],"about":[{"href":"https:\/\/e-flore.store\/de\/wp-json\/wp\/v2\/types\/product"}],"wp:featuredmedia":[{"embeddable":true,"href":"https:\/\/e-flore.store\/de\/wp-json\/wp\/v2\/media\/5451"}],"wp:attachment":[{"href":"https:\/\/e-flore.store\/de\/wp-json\/wp\/v2\/media?parent=5450"}],"wp:term":[{"taxonomy":"product_brand","embeddable":true,"href":"https:\/\/e-flore.store\/de\/wp-json\/wp\/v2\/product_brand?post=5450"},{"taxonomy":"product_cat","embeddable":true,"href":"https:\/\/e-flore.store\/de\/wp-json\/wp\/v2\/product_cat?post=5450"},{"taxonomy":"product_tag","embeddable":true,"href":"https:\/\/e-flore.store\/de\/wp-json\/wp\/v2\/product_tag?post=5450"}],"curies":[{"name":"wp","href":"https:\/\/api.w.org\/{rel}","templated":true}]}}