{"id":5462,"date":"2026-02-03T16:02:08","date_gmt":"2026-02-03T14:02:08","guid":{"rendered":"https:\/\/demo8.izveide.id.lv\/?post_type=product&#038;p=5462"},"modified":"2026-03-26T15:08:30","modified_gmt":"2026-03-26T13:08:30","slug":"acd099-lk","status":"publish","type":"product","link":"https:\/\/e-flore.store\/de\/produkt\/acd099-lk\/","title":{"rendered":"ACD099 LK"},"content":{"rendered":"<p><img decoding=\"async\" style=\"width: 100%; height: auto; display: block;\" src=\"\/wp-content\/uploads\/2026\/01\/ACD099-LK-PARENT_desc.jpg\" \/><\/p>\n<p style=\"margin-bottom: 10px; margin-top: 30px;\"><strong>GERUCHSLOSER, STARK SCH\u00c4UMENDER SPEZIALREINIGER<\/strong><\/p>\n<p style=\"margin-bottom: 10px; margin-top: 30px;\"><strong>Produkt beschreibung:<\/strong><\/p>\n<p style=\"margin-bottom: 8px; margin-top: 0px; line-height: 1.6;\">&#8222;ACD099 LK&#8220; ist ein leicht saurer, geruchsloser Spezialreiniger f\u00fcr den Einsatz im Lebensmittelbereich, bei der Trinkwasserbeh\u00e4lter- und Rohrreinigung, sowie in allen Bereichen der Reinigung bei denen geruchlose und stark sch\u00e4umende Produkte zum Einsatz kommen. &#8222;ACD099 LK&#8220;\u00a0ist trotz seines hohen Schmutzl\u00f6severm\u00f6gens materialschonend eingestellt.<\/p>\n<p style=\"margin-bottom: 8px; margin-top: 0px; line-height: 1.6;\">&#8222;ACD099 LK&#8220;\u00a0l\u00f6st leicht Kalkablagerungen, Fette, Nikotinreste und allgemeine Verschmutzungen.<\/p>\n<p style=\"margin-bottom: 8px; margin-top: 0px; line-height: 1.6;\">&#8222;ACD099 LK&#8220;\u00a0enth\u00e4lt keine toxischen, cancerogene oder mutagene Bestandteile und kann somit bedenkenlos in Lebensmittelbereichen eingesetzt werden.\u00a0&#8222;ACD099 LK&#8220;\u00a0ist gut f\u00fcr die Verarbeitung mit Schaumlanzen geeignet. Ein feinporiger Schaumteppich garantiert einen effektiven Reinigungserfolg.<\/p>\n<p style=\"margin-bottom: 10px; margin-top: 30px;\"><strong>Verarbeitung:<\/strong><\/p>\n<p style=\"margin-bottom: 10px; margin-top: 30px;\"><strong>&#8222;ACD099 LK&#8220;\u00a0je nach Grad der Verschmutzung wie folgt verd\u00fcnnen:<\/strong><\/p>\n<p style=\"margin-bottom: 2px; margin-top: 0px; line-height: 1.4;\">&#8211; manuelle Reinigung: 1:10 &#8211; 1:50 (150 &#8211; 750 ml auf 8 ltr Wasser)<\/p>\n<p style=\"margin-bottom: 2px; margin-top: 0px; line-height: 1.4;\">&#8211; Automatenreinigung: 1:50 &#8211; 1:75 (100 &#8211; 150 ml auf 8 ltr Wasser)<\/p>\n<p style=\"margin-bottom: 2px; margin-top: 0px; line-height: 1.4;\">&#8211; Schaumkanonen: 1:75 &#8211; 1:200 (50 &#8211; 150 ml auf 8 ltr Wasser)<\/p>\n<p style=\"margin-bottom: 2px; margin-top: 0px; line-height: 1.4;\">&#8211; Injektor: 0,5 &#8211; 2,0 %<\/p>\n<p style=\"margin-bottom: 8px; margin-top: 0px; line-height: 1.6;\">mit Wasser verd\u00fcnnen, einwirken lassen und mit klarem Wasser die Fl\u00e4chen nachwaschen. Bei der Verarbeitung in Reinigungsautomaten sollte dem Auffangtank ein Entsch\u00e4umer.<\/p>\n<p style=\"margin-bottom: 10px; margin-top: 30px;\"><strong>Hinweise:<\/strong><\/p>\n<p style=\"margin-bottom: 8px; margin-top: 0px; line-height: 1.6;\">&#8222;ACD099 LK&#8220;\u00a0\u00fcbertrifft in seiner Abbaubarkeit die Anforderungen des Waschmittelgesetzes.<\/p>\n<p style=\"margin-bottom: 10px; margin-top: 30px;\"><strong>pH (konz.):<\/strong>1 &#8211; 2<\/p>\n","protected":false},"excerpt":{"rendered":"<p>GERUCHSLOSER, STARK SCH\u00c4UMENDER SPEZIALREINIGER Produkt beschreibung: &#8222;ACD099 LK&#8220; ist ein leicht saurer, geruchsloser Spezialreiniger f\u00fcr den Einsatz im Lebensmittelbereich, bei der Trinkwasserbeh\u00e4lter- und Rohrreinigung, sowie in allen Bereichen der Reinigung bei denen geruchlose und stark sch\u00e4umende Produkte zum Einsatz kommen. &#8222;ACD099 LK&#8220;\u00a0ist trotz seines hohen Schmutzl\u00f6severm\u00f6gens materialschonend eingestellt. &#8222;ACD099 LK&#8220;\u00a0l\u00f6st leicht Kalkablagerungen, Fette, Nikotinreste und&#8230;<\/p>\n","protected":false},"featured_media":5463,"template":"","meta":[],"product_brand":[319],"product_cat":[448,415,445],"product_tag":[],"class_list":{"0":"post-5462","1":"product","2":"type-product","3":"status-publish","4":"has-post-thumbnail","6":"product_brand-chemie-spezial","7":"product_cat-grosskuechenreinigung-und-entfettungsmittel","8":"product_cat-chemie-spezial-produkte","9":"product_cat-gastronomie-und-lebensmittel","11":"first","12":"instock","13":"shipping-taxable","14":"purchasable","15":"product-type-variable","16":"has-default-attributes"},"_links":{"self":[{"href":"https:\/\/e-flore.store\/de\/wp-json\/wp\/v2\/product\/5462","targetHints":{"allow":["GET"]}}],"collection":[{"href":"https:\/\/e-flore.store\/de\/wp-json\/wp\/v2\/product"}],"about":[{"href":"https:\/\/e-flore.store\/de\/wp-json\/wp\/v2\/types\/product"}],"wp:featuredmedia":[{"embeddable":true,"href":"https:\/\/e-flore.store\/de\/wp-json\/wp\/v2\/media\/5463"}],"wp:attachment":[{"href":"https:\/\/e-flore.store\/de\/wp-json\/wp\/v2\/media?parent=5462"}],"wp:term":[{"taxonomy":"product_brand","embeddable":true,"href":"https:\/\/e-flore.store\/de\/wp-json\/wp\/v2\/product_brand?post=5462"},{"taxonomy":"product_cat","embeddable":true,"href":"https:\/\/e-flore.store\/de\/wp-json\/wp\/v2\/product_cat?post=5462"},{"taxonomy":"product_tag","embeddable":true,"href":"https:\/\/e-flore.store\/de\/wp-json\/wp\/v2\/product_tag?post=5462"}],"curies":[{"name":"wp","href":"https:\/\/api.w.org\/{rel}","templated":true}]}}