{"id":5515,"date":"2026-02-03T16:02:19","date_gmt":"2026-02-03T14:02:19","guid":{"rendered":"https:\/\/demo8.izveide.id.lv\/?post_type=product&#038;p=5515"},"modified":"2026-03-26T15:07:13","modified_gmt":"2026-03-26T13:07:13","slug":"slv1586-lk","status":"publish","type":"product","link":"https:\/\/e-flore.store\/de\/produkt\/slv1586-lk\/","title":{"rendered":"SLV1586 LK"},"content":{"rendered":"<p><img decoding=\"async\" style=\"width: 100%; height: auto; display: block;\" src=\"\/wp-content\/uploads\/2026\/01\/SLV1586-LK-PARENT_desc.jpg\" \/><\/p>\n<p style=\"margin-bottom: 10px; margin-top: 30px;\"><strong>AROMATENHALTIGER TEER- UND BITUMENENTFERNER<\/strong><\/p>\n<p style=\"margin-bottom: 10px; margin-top: 30px;\"><strong>Anwendungsgebiete:<\/strong><\/p>\n<p style=\"margin-bottom: 8px; margin-top: 0px; line-height: 1.6;\">&#8222;SLV1586 LK&#8220; ist ein emulgierbarer Teer- und Bitumenentferner auf der Basis von aromatischen Benzinen und Emulgatoren. Das Produkt greift weder lackierte Fl\u00e4chen noch Metalle an.<\/p>\n<p style=\"margin-bottom: 10px; margin-top: 30px;\"><strong>Verarbeitung:<\/strong><\/p>\n<p style=\"margin-bottom: 8px; margin-top: 0px; line-height: 1.6;\">&#8222;SLV1586 LK&#8220;\u00a0wird als Konzentrat eingesetzt und entfernt Teer- und Bitumenr\u00fcckst\u00e4nde m\u00fchelos. Die zu reinigenden Oberfl\u00e4chen werden mit\u00a0&#8222;SLV1586 LK&#8220;\u00a0eingespr\u00fcht, kurze Zeit einwirken lassen und mit Wasser absp\u00fclen.<\/p>\n<p style=\"margin-bottom: 10px; margin-top: 30px;\"><strong>Hinweise:<\/strong><\/p>\n<p style=\"margin-bottom: 8px; margin-top: 0px; line-height: 1.6;\">&#8222;SLV1586 LK&#8220;\u00a0entfettet die Haut. Bei der Verarbeitung Schutzhandschuhe tragen und f\u00fcr gute Bel\u00fcftung in den R\u00e4umen sorgen. Er ist Gesundheitssch\u00e4dlich bei der Verarbeitung. Sicherheitsratschl\u00e4ge beachten! VbF-Klasse: A III ( Flammpunkt &gt; 63 \u00b0C ).<\/p>\n<p style=\"margin-bottom: 10px; margin-top: 30px;\"><strong>pH:\u00a0<\/strong>nicht bestimmt<\/p>\n","protected":false},"excerpt":{"rendered":"<p>AROMATENHALTIGER TEER- UND BITUMENENTFERNER Anwendungsgebiete: &#8222;SLV1586 LK&#8220; ist ein emulgierbarer Teer- und Bitumenentferner auf der Basis von aromatischen Benzinen und Emulgatoren. Das Produkt greift weder lackierte Fl\u00e4chen noch Metalle an. Verarbeitung: &#8222;SLV1586 LK&#8220;\u00a0wird als Konzentrat eingesetzt und entfernt Teer- und Bitumenr\u00fcckst\u00e4nde m\u00fchelos. Die zu reinigenden Oberfl\u00e4chen werden mit\u00a0&#8222;SLV1586 LK&#8220;\u00a0eingespr\u00fcht, kurze Zeit einwirken lassen und mit&#8230;<\/p>\n","protected":false},"featured_media":5516,"template":"","meta":[],"product_brand":[319],"product_cat":[415,433,442],"product_tag":[],"class_list":{"0":"post-5515","1":"product","2":"type-product","3":"status-publish","4":"has-post-thumbnail","6":"product_brand-chemie-spezial","7":"product_cat-chemie-spezial-produkte","8":"product_cat-kfz-motorrad-lkw-reiniger","9":"product_cat-spezialprodukte-und-felgenreiniger","11":"first","12":"instock","13":"shipping-taxable","14":"purchasable","15":"product-type-variable","16":"has-default-attributes"},"_links":{"self":[{"href":"https:\/\/e-flore.store\/de\/wp-json\/wp\/v2\/product\/5515","targetHints":{"allow":["GET"]}}],"collection":[{"href":"https:\/\/e-flore.store\/de\/wp-json\/wp\/v2\/product"}],"about":[{"href":"https:\/\/e-flore.store\/de\/wp-json\/wp\/v2\/types\/product"}],"wp:featuredmedia":[{"embeddable":true,"href":"https:\/\/e-flore.store\/de\/wp-json\/wp\/v2\/media\/5516"}],"wp:attachment":[{"href":"https:\/\/e-flore.store\/de\/wp-json\/wp\/v2\/media?parent=5515"}],"wp:term":[{"taxonomy":"product_brand","embeddable":true,"href":"https:\/\/e-flore.store\/de\/wp-json\/wp\/v2\/product_brand?post=5515"},{"taxonomy":"product_cat","embeddable":true,"href":"https:\/\/e-flore.store\/de\/wp-json\/wp\/v2\/product_cat?post=5515"},{"taxonomy":"product_tag","embeddable":true,"href":"https:\/\/e-flore.store\/de\/wp-json\/wp\/v2\/product_tag?post=5515"}],"curies":[{"name":"wp","href":"https:\/\/api.w.org\/{rel}","templated":true}]}}