{"id":5521,"date":"2026-02-03T16:02:19","date_gmt":"2026-02-03T14:02:19","guid":{"rendered":"https:\/\/demo8.izveide.id.lv\/?post_type=product&#038;p=5521"},"modified":"2026-03-26T15:07:17","modified_gmt":"2026-03-26T13:07:17","slug":"acd1588-lk","status":"publish","type":"product","link":"https:\/\/e-flore.store\/de\/produkt\/acd1588-lk\/","title":{"rendered":"ACD1588 LK"},"content":{"rendered":"<p><img decoding=\"async\" style=\"width: 100%; height: auto; display: block;\" src=\"\/wp-content\/uploads\/2026\/01\/ACD1588-LK-PARENT_desc.jpg\" \/><\/p>\n<p style=\"margin-bottom: 10px; margin-top: 30px;\"><strong>GUMMI- UND KUNSTSTOFFPFLEGE<\/strong><\/p>\n<p style=\"margin-bottom: 10px; margin-top: 30px;\"><strong>Anwendungsgebiete:<\/strong><\/p>\n<p style=\"margin-bottom: 8px; margin-top: 0px; line-height: 1.6;\">&#8222;ACD1588 LK&#8220; ist f\u00fcr den Innen- und Aussenbereich bestens geeignet.<\/p>\n<p style=\"margin-bottom: 8px; margin-top: 0px; line-height: 1.6;\">Es verleiht veralteten, fleckigen und spr\u00f6den Fl\u00e4chen langanhaltendes und neuwertiges Aussehen.<\/p>\n<p style=\"margin-bottom: 8px; margin-top: 0px; line-height: 1.6;\">&#8222;ACD1588 LK&#8220;\u00a0ist ebenfalls bestens zur Reifenpflege geeignet.<\/p>\n<p style=\"margin-bottom: 8px; margin-top: 0px; line-height: 1.6;\">&#8222;ACD1588 LK&#8220;\u00a0wird an Kunststoff- und Gummiteilen am PKW, LKW, Boot, Wohnwagen Motorrad, Gartenm\u00f6bel, Reifen und verschiedenste andere Anwendungsgebiete eingesetzt.<\/p>\n<p style=\"margin-bottom: 10px; margin-top: 30px;\"><strong>Verarbeitung:<\/strong><\/p>\n<p style=\"margin-bottom: 8px; margin-top: 0px; line-height: 1.6;\">&#8222;ACD1588 LK&#8220;\u00a0auf die trockenen Fl\u00e4chen aufspr\u00fchen oder mit einem fusselfreien Tuch auftragen. Gleichm\u00e4\u00dfig einreiben und bei por\u00f6sen Oberfl\u00e4chen ggfs. wiederholen.<\/p>\n<p style=\"margin-bottom: 8px; margin-top: 0px; line-height: 1.6;\">Behandelte Fl\u00e4chen gut durchtrocknen lassen, danach die Fl\u00e4che auspolieren.<\/p>\n<p style=\"margin-bottom: 8px; margin-top: 0px; line-height: 1.6;\">Bei extremer Verschmutzung der Kunststoffoberfl\u00e4chen ist eine Vorreinigung mit &#8222;NEU1458 LK&#8220;.<\/p>\n<p style=\"margin-bottom: 10px; margin-top: 30px;\"><strong>Hinweise:<\/strong><\/p>\n<p style=\"margin-bottom: 8px; margin-top: 0px; line-height: 1.6;\">Vor Erstanwendung an unauff\u00e4lliger Stelle auf Eignung pr\u00fcfen!<\/p>\n<p style=\"margin-bottom: 8px; margin-top: 0px; line-height: 1.6;\">Nicht geeignet f\u00fcr Leder.<\/p>\n<p style=\"margin-bottom: 8px; margin-top: 0px; line-height: 1.6;\">Nie auf heissen Oberfl\u00e4chen oder in der Sonne verarbeiten. Nicht auf Lenker, Pedale oder Gas und Bremsgriffen verarbeiten. Abrutschgefahr!<\/p>\n<p style=\"margin-bottom: 8px; margin-top: 0px; line-height: 1.6;\">&#8222;ACD1588 LK&#8220;\u00a0enth\u00e4lt: Silikon\u00f6le, Pflegesubstanzen, wasserl\u00f6sliche L\u00f6sungsmittel.<\/p>\n<p style=\"margin-bottom: 10px; margin-top: 30px;\"><strong>pH:\u00a0<\/strong>4,3<\/p>\n","protected":false},"excerpt":{"rendered":"<p>GUMMI- UND KUNSTSTOFFPFLEGE Anwendungsgebiete: &#8222;ACD1588 LK&#8220; ist f\u00fcr den Innen- und Aussenbereich bestens geeignet. Es verleiht veralteten, fleckigen und spr\u00f6den Fl\u00e4chen langanhaltendes und neuwertiges Aussehen. &#8222;ACD1588 LK&#8220;\u00a0ist ebenfalls bestens zur Reifenpflege geeignet. &#8222;ACD1588 LK&#8220;\u00a0wird an Kunststoff- und Gummiteilen am PKW, LKW, Boot, Wohnwagen Motorrad, Gartenm\u00f6bel, Reifen und verschiedenste andere Anwendungsgebiete eingesetzt. Verarbeitung: &#8222;ACD1588 LK&#8220;\u00a0auf die&#8230;<\/p>\n","protected":false},"featured_media":5522,"template":"","meta":[],"product_brand":[319],"product_cat":[415,433,442],"product_tag":[],"class_list":{"0":"post-5521","1":"product","2":"type-product","3":"status-publish","4":"has-post-thumbnail","6":"product_brand-chemie-spezial","7":"product_cat-chemie-spezial-produkte","8":"product_cat-kfz-motorrad-lkw-reiniger","9":"product_cat-spezialprodukte-und-felgenreiniger","11":"first","12":"instock","13":"shipping-taxable","14":"purchasable","15":"product-type-variable","16":"has-default-attributes"},"_links":{"self":[{"href":"https:\/\/e-flore.store\/de\/wp-json\/wp\/v2\/product\/5521","targetHints":{"allow":["GET"]}}],"collection":[{"href":"https:\/\/e-flore.store\/de\/wp-json\/wp\/v2\/product"}],"about":[{"href":"https:\/\/e-flore.store\/de\/wp-json\/wp\/v2\/types\/product"}],"wp:featuredmedia":[{"embeddable":true,"href":"https:\/\/e-flore.store\/de\/wp-json\/wp\/v2\/media\/5522"}],"wp:attachment":[{"href":"https:\/\/e-flore.store\/de\/wp-json\/wp\/v2\/media?parent=5521"}],"wp:term":[{"taxonomy":"product_brand","embeddable":true,"href":"https:\/\/e-flore.store\/de\/wp-json\/wp\/v2\/product_brand?post=5521"},{"taxonomy":"product_cat","embeddable":true,"href":"https:\/\/e-flore.store\/de\/wp-json\/wp\/v2\/product_cat?post=5521"},{"taxonomy":"product_tag","embeddable":true,"href":"https:\/\/e-flore.store\/de\/wp-json\/wp\/v2\/product_tag?post=5521"}],"curies":[{"name":"wp","href":"https:\/\/api.w.org\/{rel}","templated":true}]}}