{"id":5527,"date":"2026-02-03T16:02:20","date_gmt":"2026-02-03T14:02:20","guid":{"rendered":"https:\/\/demo8.izveide.id.lv\/?post_type=product&#038;p=5527"},"modified":"2026-03-26T15:07:09","modified_gmt":"2026-03-26T13:07:09","slug":"neu306-lk","status":"publish","type":"product","link":"https:\/\/e-flore.store\/de\/produkt\/neu306-lk\/","title":{"rendered":"NEU306 LK"},"content":{"rendered":"<p><img decoding=\"async\" style=\"width: 100%; height: auto; display: block;\" src=\"\/wp-content\/uploads\/2026\/01\/NEU306-LK-PARENT_desc.jpg\" \/><\/p>\n<p style=\"margin-bottom: 10px; margin-top: 30px;\"><strong>NEUTRALER PFLEGEREINIGER F\u00dc<\/strong>R LEDEROBERFL\u00c4CHEN<\/p>\n<p style=\"margin-bottom: 10px; margin-top: 30px;\"><strong>Produkt\u00a0beschreibung:<\/strong><\/p>\n<p style=\"margin-bottom: 8px; margin-top: 0px; line-height: 1.6;\">&#8222;NEU306 LK&#8220; ist ein neutrales Pflegereinigungsmedium f\u00fcr alle\u00a0Glattlederarten.\u00a0Trocknet schleierfrei auf und hinterl\u00e4sst keine klebrigen R\u00fcckst\u00e4nde auf der Lederoberfl\u00e4che.<\/p>\n<p style=\"margin-bottom: 10px; margin-top: 30px;\"><strong>Anwendung:<\/strong><\/p>\n<p style=\"margin-bottom: 8px; margin-top: 0px; line-height: 1.6;\">&#8222;NEU306 LK&#8220;\u00a0kann sowohl mit einem Fliestuch oder mit einem fusselfreien Lappen verarbeitet werden. Der Reiniger verbreitet einen angenehmen Geruch im Fahrzeuginnenraum.<\/p>\n<p style=\"margin-bottom: 10px; margin-top: 30px;\"><strong>Dosierung:<\/strong><\/p>\n<p style=\"margin-bottom: 10px; margin-top: 30px;\">&#8222;NEU306 LK&#8220;\u00a0sollte als Konzentrat eingesetzt werden.<\/p>\n<p style=\"margin-bottom: 10px; margin-top: 30px;\"><strong>Hinweise:<\/strong><\/p>\n<p style=\"margin-bottom: 8px; margin-top: 0px; line-height: 1.6;\">&#8222;NEU306 LK&#8220;\u00a0enth\u00e4lt (gem\u00e4\u00df EG 648\/2004 VO Detergenzien) anionische Tenside, Pflegekomponenten, Stellmittel und Duftstoffe.<\/p>\n<p style=\"margin-bottom: 10px; margin-top: 30px;\"><strong>pH-Wert:\u00a0<\/strong>7<\/p>\n","protected":false},"excerpt":{"rendered":"<p>NEUTRALER PFLEGEREINIGER F\u00dcR LEDEROBERFL\u00c4CHEN Produkt\u00a0beschreibung: &#8222;NEU306 LK&#8220; ist ein neutrales Pflegereinigungsmedium f\u00fcr alle\u00a0Glattlederarten.\u00a0Trocknet schleierfrei auf und hinterl\u00e4sst keine klebrigen R\u00fcckst\u00e4nde auf der Lederoberfl\u00e4che. Anwendung: &#8222;NEU306 LK&#8220;\u00a0kann sowohl mit einem Fliestuch oder mit einem fusselfreien Lappen verarbeitet werden. Der Reiniger verbreitet einen angenehmen Geruch im Fahrzeuginnenraum. Dosierung: &#8222;NEU306 LK&#8220;\u00a0sollte als Konzentrat eingesetzt werden. Hinweise: &#8222;NEU306 LK&#8220;\u00a0enth\u00e4lt&#8230;<\/p>\n","protected":false},"featured_media":5528,"template":"","meta":[],"product_brand":[319],"product_cat":[415,433,442],"product_tag":[],"class_list":{"0":"post-5527","1":"product","2":"type-product","3":"status-publish","4":"has-post-thumbnail","6":"product_brand-chemie-spezial","7":"product_cat-chemie-spezial-produkte","8":"product_cat-kfz-motorrad-lkw-reiniger","9":"product_cat-spezialprodukte-und-felgenreiniger","11":"first","12":"instock","13":"shipping-taxable","14":"purchasable","15":"product-type-variable","16":"has-default-attributes"},"_links":{"self":[{"href":"https:\/\/e-flore.store\/de\/wp-json\/wp\/v2\/product\/5527","targetHints":{"allow":["GET"]}}],"collection":[{"href":"https:\/\/e-flore.store\/de\/wp-json\/wp\/v2\/product"}],"about":[{"href":"https:\/\/e-flore.store\/de\/wp-json\/wp\/v2\/types\/product"}],"wp:featuredmedia":[{"embeddable":true,"href":"https:\/\/e-flore.store\/de\/wp-json\/wp\/v2\/media\/5528"}],"wp:attachment":[{"href":"https:\/\/e-flore.store\/de\/wp-json\/wp\/v2\/media?parent=5527"}],"wp:term":[{"taxonomy":"product_brand","embeddable":true,"href":"https:\/\/e-flore.store\/de\/wp-json\/wp\/v2\/product_brand?post=5527"},{"taxonomy":"product_cat","embeddable":true,"href":"https:\/\/e-flore.store\/de\/wp-json\/wp\/v2\/product_cat?post=5527"},{"taxonomy":"product_tag","embeddable":true,"href":"https:\/\/e-flore.store\/de\/wp-json\/wp\/v2\/product_tag?post=5527"}],"curies":[{"name":"wp","href":"https:\/\/api.w.org\/{rel}","templated":true}]}}