{"id":5545,"date":"2026-02-03T16:02:32","date_gmt":"2026-02-03T14:02:32","guid":{"rendered":"https:\/\/demo8.izveide.id.lv\/?post_type=product&#038;p=5545"},"modified":"2026-03-26T15:06:52","modified_gmt":"2026-03-26T13:06:52","slug":"neu1106-lk","status":"publish","type":"product","link":"https:\/\/e-flore.store\/de\/produkt\/neu1106-lk\/","title":{"rendered":"NEU1106 LK"},"content":{"rendered":"<p><img decoding=\"async\" style=\"width: 100%; height: auto; display: block;\" src=\"\/wp-content\/uploads\/2026\/01\/NEU1106-LK-PARENT_desc.jpg\" \/><\/p>\n<p><strong>HEISSWACHS F\u00dcR DEN EINSATZ IN WASCHSTRASSEN, PORTALANLAGEN UND AUF SB-WASCHPL\u00c4TZEN<\/strong><\/p>\n<p><strong>Produkt beschreibung:<\/strong><\/p>\n<p>Die mit Hei\u00dfwachs behandelten Lackfl\u00e4chen erhalten einen optimalen Langzeitschutz und eine tiefe Farbgebung. Der Glanz wird deutlich gesteigert und das Ablaufverhalten in der Gebl\u00e4setrocknung optimiert. Die in den Waschhallen anfallenden R\u00fcckst\u00e4nde k\u00f6nnen mit &#8222;ACD206 LK&#8220;, &#8222;ACD205 LK&#8220;, &#8222;ALK202 LK&#8220; oder &#8222;ALK109 LK&#8220; leicht entfernt werden.<\/p>\n<p>Mineral\u00f6l- und kohlenwasserstofffrei.<\/p>\n<p><strong>Verarbeitung:<\/strong><\/p>\n<p><u>Anwendung in Anlagen mit Gebl\u00e4setrocknung:<\/u> Pur \u00fcber Dosierpumpe dem Spr\u00fchbogen zuf\u00fchren. Bei Auftrag als Hei\u00dfwachs sollte die Wassertemperatur nicht h\u00f6her als 65 \u00b0C liegen.<\/p>\n<p><u>Anwendung in SB-Waschplatzanlagen:<\/u> F\u00fcr ein gro\u00dffl\u00e4chiges Ablaufverhalten und eine optimale Glanzgebung sollte das Produkt f\u00fcr SB-Waschpl\u00e4tze in einer Endverd\u00fcnnung von 1:1000 \u2013 1:1500 angewendet werden. In Abh\u00e4ngigkeit des Dosieranlagentyps ist eine pure oder eine vorverd\u00fcnnte Anwendung m\u00f6glich.<\/p>\n<p><strong>Verbrauch:<\/strong><\/p>\n<p>ca. 20 &#8211; 30 ml pro PKW in Waschstra\u00dfen und Portalwaschanlagen.<\/p>\n<p><strong>Hinweise:<\/strong><\/p>\n<p>Getestet nach \u00d6NORM B 5106 (Abwasserverhalten). Optimal abgestimmt auf die Produkte &#8222;NEU010 LK&#8220;, &#8222;ACD532 LK&#8220;, &#8222;NEU006 LK&#8220;, &#8222;NEU1038 LK&#8220;, &#8222;ALK115 LK&#8220;, &#8222;ACD1110 LK&#8220;.<\/p>\n<p><strong>pH (konz.):<\/strong> 7<\/p>\n","protected":false},"excerpt":{"rendered":"<p>HEISSWACHS F\u00dcR DEN EINSATZ IN WASCHSTRASSEN, PORTALANLAGEN UND AUF SB-WASCHPL\u00c4TZEN Produkt beschreibung: Die mit Hei\u00dfwachs behandelten Lackfl\u00e4chen erhalten einen optimalen Langzeitschutz und eine tiefe Farbgebung. Der Glanz wird deutlich gesteigert und das Ablaufverhalten in der Gebl\u00e4setrocknung optimiert. Die in den Waschhallen anfallenden R\u00fcckst\u00e4nde k\u00f6nnen mit &#8222;ACD206 LK&#8220;, &#8222;ACD205 LK&#8220;, &#8222;ALK202 LK&#8220; oder &#8222;ALK109 LK&#8220; leicht&#8230;<\/p>\n","protected":false},"featured_media":5546,"template":"","meta":[],"product_brand":[319],"product_cat":[439,415,433],"product_tag":[],"class_list":{"0":"post-5545","1":"product","2":"type-product","3":"status-publish","4":"has-post-thumbnail","6":"product_brand-chemie-spezial","7":"product_cat-autoshampoos-wachs-und-trockner","8":"product_cat-chemie-spezial-produkte","9":"product_cat-kfz-motorrad-lkw-reiniger","11":"first","12":"instock","13":"shipping-taxable","14":"purchasable","15":"product-type-variable","16":"has-default-attributes"},"_links":{"self":[{"href":"https:\/\/e-flore.store\/de\/wp-json\/wp\/v2\/product\/5545","targetHints":{"allow":["GET"]}}],"collection":[{"href":"https:\/\/e-flore.store\/de\/wp-json\/wp\/v2\/product"}],"about":[{"href":"https:\/\/e-flore.store\/de\/wp-json\/wp\/v2\/types\/product"}],"wp:featuredmedia":[{"embeddable":true,"href":"https:\/\/e-flore.store\/de\/wp-json\/wp\/v2\/media\/5546"}],"wp:attachment":[{"href":"https:\/\/e-flore.store\/de\/wp-json\/wp\/v2\/media?parent=5545"}],"wp:term":[{"taxonomy":"product_brand","embeddable":true,"href":"https:\/\/e-flore.store\/de\/wp-json\/wp\/v2\/product_brand?post=5545"},{"taxonomy":"product_cat","embeddable":true,"href":"https:\/\/e-flore.store\/de\/wp-json\/wp\/v2\/product_cat?post=5545"},{"taxonomy":"product_tag","embeddable":true,"href":"https:\/\/e-flore.store\/de\/wp-json\/wp\/v2\/product_tag?post=5545"}],"curies":[{"name":"wp","href":"https:\/\/api.w.org\/{rel}","templated":true}]}}