{"id":5551,"date":"2026-02-03T16:02:33","date_gmt":"2026-02-03T14:02:33","guid":{"rendered":"https:\/\/demo8.izveide.id.lv\/?post_type=product&#038;p=5551"},"modified":"2026-03-26T15:06:46","modified_gmt":"2026-03-26T13:06:46","slug":"alk115-lk","status":"publish","type":"product","link":"https:\/\/e-flore.store\/de\/produkt\/alk115-lk\/","title":{"rendered":"ALK115 LK"},"content":{"rendered":"<p><img decoding=\"async\" style=\"width: 100%; height: auto; display: block;\" src=\"\/wp-content\/uploads\/2026\/01\/ALK115-LK-PARENT_desc.jpg\" \/><\/p>\n<p style=\"margin-bottom: 10px; margin-top: 30px;\"><strong>STARK ALKALISCHER, SCH\u00c4UMENDER REINIGER<\/strong><\/p>\n<p style=\"margin-bottom: 10px; margin-top: 30px;\"><strong>Produkt beschreibung:<\/strong><\/p>\n<p style=\"margin-bottom: 8px; margin-top: 0px; line-height: 1.6;\">&#8222;ALK115 LK&#8220; ist ein stark alkalischer Reiniger f\u00fcr die PKW und LKW Vorw\u00e4sche mit lang anhaltendem, feinporigem Schaum.<\/p>\n<p style=\"margin-bottom: 8px; margin-top: 0px; line-height: 1.6;\">Er ist geeignet f\u00fcr die Lackreinigung, Insektenentfernung, Felgenreinigung und f\u00fcr hartn\u00e4ckige Verschmutzungen aller Art.<\/p>\n<p style=\"margin-bottom: 8px; margin-top: 0px; line-height: 1.6;\">Bei der Erstanwendung an verdeckter Stelle einen Probeauftrag durchf\u00fchren, zwecks Materialvertr\u00e4glichkeit!<\/p>\n<p style=\"margin-bottom: 10px; margin-top: 30px;\"><strong>Verarbeitung:<\/strong><\/p>\n<p style=\"margin-bottom: 2px; margin-top: 0px; line-height: 1.4;\">Das Produkt in einer Verd\u00fcnnung von 1:70 &#8211; 1:20 auf die verschmutzten Oberfl\u00e4chen auftragen lassen. Kurze Zeit einwirken lassen und mit HD Ger\u00e4t, B\u00fcrste oder Schwamm den Schmutz abl\u00f6sen. Mit klarem Wasser nachsp\u00fclen.<\/p>\n<p style=\"margin-bottom: 10px; margin-top: 30px;\"><strong>Hinweise:<\/strong><\/p>\n<p style=\"margin-bottom: 10px; margin-top: 30px;\">&#8222;ALK115 LK&#8220;\u00a0nicht auftrocknen lassen!<\/p>\n<p style=\"margin-bottom: 10px; margin-top: 30px;\"><strong>pH (konz.):\u00a0<\/strong>12 &#8211; 14<\/p>\n","protected":false},"excerpt":{"rendered":"<p>STARK ALKALISCHER, SCH\u00c4UMENDER REINIGER Produkt beschreibung: &#8222;ALK115 LK&#8220; ist ein stark alkalischer Reiniger f\u00fcr die PKW und LKW Vorw\u00e4sche mit lang anhaltendem, feinporigem Schaum. Er ist geeignet f\u00fcr die Lackreinigung, Insektenentfernung, Felgenreinigung und f\u00fcr hartn\u00e4ckige Verschmutzungen aller Art. Bei der Erstanwendung an verdeckter Stelle einen Probeauftrag durchf\u00fchren, zwecks Materialvertr\u00e4glichkeit! Verarbeitung: Das Produkt in einer Verd\u00fcnnung&#8230;<\/p>\n","protected":false},"featured_media":5552,"template":"","meta":[],"product_brand":[319],"product_cat":[436,415,433],"product_tag":[],"class_list":{"0":"post-5551","1":"product","2":"type-product","3":"status-publish","4":"has-post-thumbnail","6":"product_brand-chemie-spezial","7":"product_cat-vorreiniger","8":"product_cat-chemie-spezial-produkte","9":"product_cat-kfz-motorrad-lkw-reiniger","11":"first","12":"instock","13":"shipping-taxable","14":"purchasable","15":"product-type-variable","16":"has-default-attributes"},"_links":{"self":[{"href":"https:\/\/e-flore.store\/de\/wp-json\/wp\/v2\/product\/5551","targetHints":{"allow":["GET"]}}],"collection":[{"href":"https:\/\/e-flore.store\/de\/wp-json\/wp\/v2\/product"}],"about":[{"href":"https:\/\/e-flore.store\/de\/wp-json\/wp\/v2\/types\/product"}],"wp:featuredmedia":[{"embeddable":true,"href":"https:\/\/e-flore.store\/de\/wp-json\/wp\/v2\/media\/5552"}],"wp:attachment":[{"href":"https:\/\/e-flore.store\/de\/wp-json\/wp\/v2\/media?parent=5551"}],"wp:term":[{"taxonomy":"product_brand","embeddable":true,"href":"https:\/\/e-flore.store\/de\/wp-json\/wp\/v2\/product_brand?post=5551"},{"taxonomy":"product_cat","embeddable":true,"href":"https:\/\/e-flore.store\/de\/wp-json\/wp\/v2\/product_cat?post=5551"},{"taxonomy":"product_tag","embeddable":true,"href":"https:\/\/e-flore.store\/de\/wp-json\/wp\/v2\/product_tag?post=5551"}],"curies":[{"name":"wp","href":"https:\/\/api.w.org\/{rel}","templated":true}]}}