{"id":5557,"date":"2026-02-03T16:02:34","date_gmt":"2026-02-03T14:02:34","guid":{"rendered":"https:\/\/demo8.izveide.id.lv\/?post_type=product&#038;p=5557"},"modified":"2026-03-26T15:06:42","modified_gmt":"2026-03-26T13:06:42","slug":"alk1169-lk","status":"publish","type":"product","link":"https:\/\/e-flore.store\/de\/produkt\/alk1169-lk\/","title":{"rendered":"ALK1169 LK"},"content":{"rendered":"<p><img decoding=\"async\" style=\"width: 100%; height: auto; display: block;\" src=\"\/wp-content\/uploads\/2026\/01\/ALK1169-LK-PARENT_desc.jpg\" \/><\/p>\n<p><strong>INSEKTENENTFERNER &#8211;\u00a0L<\/strong><strong>\u00d6<\/strong><strong>ST SCHNELL UND ZUVERL<\/strong><strong>\u00c4<\/strong><strong>SSIG ALLE INSEKTEN<\/strong><\/p>\n<p style=\"margin-bottom: 10px; margin-top: 30px;\"><strong>Produktbeschreibung:<\/strong><\/p>\n<p style=\"margin-bottom: 8px; margin-top: 0px; line-height: 1.6;\">Hochwirksamer &#8222;ALK1169 LK&#8220; f\u00fcr KFZ- und LKW-Scheiben, Leuchten, Sto\u00dfstangen und Lacke.\u00a0&#8222;ALK1169 LK&#8220;\u00a0kann manuell oder maschinell verarbeitet werden. Ist ein hochkonzentriertes und hervorragendes Reinigungsmittel f\u00fcr die Beseitigung von \u00d6le, Fette und starke Schmutzablagerungen aller Art.<\/p>\n<p style=\"margin-bottom: 10px; margin-top: 30px;\"><strong>Verarbeitung:<\/strong><\/p>\n<p style=\"margin-bottom: 8px; margin-top: 0px; line-height: 1.6;\">&#8222;ALK1169 LK&#8220;\u00a0wird in einer Anwendungskonzentration von 1:1 bis 1:50 angewandt. L\u00f6sung aufbringen, kurz einwirken lassen und Verschmutzung mit HD-Reiniger, B\u00fcrste oder Schwamm aufnehmen und mit klarem Wasser nachsp\u00fclen.<\/p>\n<p style=\"margin-bottom: 8px; margin-top: 0px; line-height: 1.6;\">Nicht bei direkter Sonneneinstrahlung verwenden und eintrocknen vermeiden.<\/p>\n<p style=\"margin-bottom: 10px; margin-top: 30px;\"><strong>Hinweise:<\/strong><\/p>\n<p style=\"margin-bottom: 8px; margin-top: 0px; line-height: 1.6;\">enth\u00e4lt anionische und nichtionogene Tenside, Ger\u00fcststoffe, Farb- und Duftstoffe.<\/p>\n<p style=\"margin-bottom: 10px; margin-top: 30px;\"><strong>pH (konz.):\u00a0<\/strong>8 &#8211; 10<\/p>\n","protected":false},"excerpt":{"rendered":"<p>INSEKTENENTFERNER &#8211;\u00a0L\u00d6ST SCHNELL UND ZUVERL\u00c4SSIG ALLE INSEKTEN Produktbeschreibung: Hochwirksamer &#8222;ALK1169 LK&#8220; f\u00fcr KFZ- und LKW-Scheiben, Leuchten, Sto\u00dfstangen und Lacke.\u00a0&#8222;ALK1169 LK&#8220;\u00a0kann manuell oder maschinell verarbeitet werden. Ist ein hochkonzentriertes und hervorragendes Reinigungsmittel f\u00fcr die Beseitigung von \u00d6le, Fette und starke Schmutzablagerungen aller Art. Verarbeitung: &#8222;ALK1169 LK&#8220;\u00a0wird in einer Anwendungskonzentration von 1:1 bis 1:50 angewandt. L\u00f6sung aufbringen,&#8230;<\/p>\n","protected":false},"featured_media":5558,"template":"","meta":[],"product_brand":[319],"product_cat":[436,415,433],"product_tag":[],"class_list":{"0":"post-5557","1":"product","2":"type-product","3":"status-publish","4":"has-post-thumbnail","6":"product_brand-chemie-spezial","7":"product_cat-vorreiniger","8":"product_cat-chemie-spezial-produkte","9":"product_cat-kfz-motorrad-lkw-reiniger","11":"first","12":"instock","13":"shipping-taxable","14":"purchasable","15":"product-type-variable","16":"has-default-attributes"},"_links":{"self":[{"href":"https:\/\/e-flore.store\/de\/wp-json\/wp\/v2\/product\/5557","targetHints":{"allow":["GET"]}}],"collection":[{"href":"https:\/\/e-flore.store\/de\/wp-json\/wp\/v2\/product"}],"about":[{"href":"https:\/\/e-flore.store\/de\/wp-json\/wp\/v2\/types\/product"}],"wp:featuredmedia":[{"embeddable":true,"href":"https:\/\/e-flore.store\/de\/wp-json\/wp\/v2\/media\/5558"}],"wp:attachment":[{"href":"https:\/\/e-flore.store\/de\/wp-json\/wp\/v2\/media?parent=5557"}],"wp:term":[{"taxonomy":"product_brand","embeddable":true,"href":"https:\/\/e-flore.store\/de\/wp-json\/wp\/v2\/product_brand?post=5557"},{"taxonomy":"product_cat","embeddable":true,"href":"https:\/\/e-flore.store\/de\/wp-json\/wp\/v2\/product_cat?post=5557"},{"taxonomy":"product_tag","embeddable":true,"href":"https:\/\/e-flore.store\/de\/wp-json\/wp\/v2\/product_tag?post=5557"}],"curies":[{"name":"wp","href":"https:\/\/api.w.org\/{rel}","templated":true}]}}