{"id":5563,"date":"2026-02-03T16:02:35","date_gmt":"2026-02-03T14:02:35","guid":{"rendered":"https:\/\/demo8.izveide.id.lv\/?post_type=product&#038;p=5563"},"modified":"2026-03-26T15:06:38","modified_gmt":"2026-03-26T13:06:38","slug":"alk068-lk","status":"publish","type":"product","link":"https:\/\/e-flore.store\/de\/produkt\/alk068-lk\/","title":{"rendered":"ALK068 LK"},"content":{"rendered":"<p><img decoding=\"async\" style=\"width: 100%; height: auto; display: block;\" src=\"\/wp-content\/uploads\/2026\/01\/ALK068-LK-PARENT_desc.jpg\" \/><\/p>\n<p style=\"margin-bottom: 10px; margin-top: 30px;\"><strong>PLANENREINIGER\u00a0F\u00dc<\/strong>R LKW-PLANEN, MARKISEN UND ZELTE<\/p>\n<p style=\"margin-bottom: 10px; margin-top: 30px;\"><strong>Product beschreibung:<\/strong><\/p>\n<p style=\"margin-bottom: 8px; margin-top: 0px; line-height: 1.6;\">&#8222;ALK068 LK&#8220; ist ein speziell auf Kunststoffplanen abgestimmtes Produkt. Das Produkt wirkt trotz seiner hohen Reinigungskraft extrem materialschonend.<\/p>\n<p style=\"margin-bottom: 8px; margin-top: 0px; line-height: 1.6;\">&#8222;ALK068 LK&#8220;\u00a0kann auf allen Arten von Stoffen, Kunststoff- und Textilplanen eingesetzt werden.<\/p>\n<p style=\"margin-bottom: 8px; margin-top: 0px; line-height: 1.6;\">Die Farben der Textilien werden wieder aufgefrischt.<\/p>\n<p style=\"margin-bottom: 8px; margin-top: 0px; line-height: 1.6;\">Eine Vergilbung tritt selbst nach mehrfacher Behandlung nicht auf.<\/p>\n<p style=\"margin-bottom: 10px; margin-top: 30px;\"><strong>Verarbeitung:<\/strong><\/p>\n<p style=\"margin-bottom: 8px; margin-top: 0px; line-height: 1.6;\">&#8222;ALK068 LK&#8220;\u00a0sollte je nach Grad der Verschmutzung 1:5 &#8211; 1:15 mit Wasser verd\u00fcnnt werden.<\/p>\n<p style=\"margin-bottom: 8px; margin-top: 0px; line-height: 1.6;\">Die so angemischte Reinigungsl\u00f6sung auf die Verschmutzungen aufspr\u00fchen oder mit einem Schwamm oder Tuch aufbringen und kurz einwirken lassen. Die gel\u00f6sten Ablagerungen mit einem Hochdruckger\u00e4t oder Wasserstrahl gut absp\u00fclen.<\/p>\n<p style=\"margin-bottom: 8px; margin-top: 0px; line-height: 1.6;\">Bei Extremverschmutzungen kann\u00a0&#8222;ALK068 LK&#8220;\u00a0auch unverd\u00fcnnt verwendet werden.<\/p>\n<p style=\"margin-bottom: 10px; margin-top: 30px;\"><strong>Hinweise:<\/strong><\/p>\n<p style=\"margin-bottom: 8px; margin-top: 0px; line-height: 1.6;\">&#8222;ALK068 LK&#8220;\u00a0entspricht in seiner Zusammensetzung den Anforderungen auf biologische Abbaubarkeit des Deutschen Waschmittelgesetzes.<\/p>\n<p style=\"margin-bottom: 8px; margin-top: 0px; line-height: 1.6;\">Vor der Erstanwendung sollte an verdeckter Stelle ein Probeauftrag durchgef\u00fchrt werden.<\/p>\n<p style=\"margin-bottom: 10px; margin-top: 30px;\"><strong>pH (konz.):<\/strong>10 &#8211; 12<\/p>\n","protected":false},"excerpt":{"rendered":"<p>PLANENREINIGER\u00a0F\u00dcR LKW-PLANEN, MARKISEN UND ZELTE Product beschreibung: &#8222;ALK068 LK&#8220; ist ein speziell auf Kunststoffplanen abgestimmtes Produkt. Das Produkt wirkt trotz seiner hohen Reinigungskraft extrem materialschonend. &#8222;ALK068 LK&#8220;\u00a0kann auf allen Arten von Stoffen, Kunststoff- und Textilplanen eingesetzt werden. Die Farben der Textilien werden wieder aufgefrischt. Eine Vergilbung tritt selbst nach mehrfacher Behandlung nicht auf. Verarbeitung: &#8222;ALK068&#8230;<\/p>\n","protected":false},"featured_media":5564,"template":"","meta":[],"product_brand":[319],"product_cat":[436,415,433],"product_tag":[],"class_list":{"0":"post-5563","1":"product","2":"type-product","3":"status-publish","4":"has-post-thumbnail","6":"product_brand-chemie-spezial","7":"product_cat-vorreiniger","8":"product_cat-chemie-spezial-produkte","9":"product_cat-kfz-motorrad-lkw-reiniger","11":"first","12":"instock","13":"shipping-taxable","14":"purchasable","15":"product-type-variable","16":"has-default-attributes"},"_links":{"self":[{"href":"https:\/\/e-flore.store\/de\/wp-json\/wp\/v2\/product\/5563","targetHints":{"allow":["GET"]}}],"collection":[{"href":"https:\/\/e-flore.store\/de\/wp-json\/wp\/v2\/product"}],"about":[{"href":"https:\/\/e-flore.store\/de\/wp-json\/wp\/v2\/types\/product"}],"wp:featuredmedia":[{"embeddable":true,"href":"https:\/\/e-flore.store\/de\/wp-json\/wp\/v2\/media\/5564"}],"wp:attachment":[{"href":"https:\/\/e-flore.store\/de\/wp-json\/wp\/v2\/media?parent=5563"}],"wp:term":[{"taxonomy":"product_brand","embeddable":true,"href":"https:\/\/e-flore.store\/de\/wp-json\/wp\/v2\/product_brand?post=5563"},{"taxonomy":"product_cat","embeddable":true,"href":"https:\/\/e-flore.store\/de\/wp-json\/wp\/v2\/product_cat?post=5563"},{"taxonomy":"product_tag","embeddable":true,"href":"https:\/\/e-flore.store\/de\/wp-json\/wp\/v2\/product_tag?post=5563"}],"curies":[{"name":"wp","href":"https:\/\/api.w.org\/{rel}","templated":true}]}}