{"id":5575,"date":"2026-02-03T16:02:37","date_gmt":"2026-02-03T14:02:37","guid":{"rendered":"https:\/\/demo8.izveide.id.lv\/?post_type=product&#038;p=5575"},"modified":"2026-03-26T15:06:30","modified_gmt":"2026-03-26T13:06:30","slug":"alk069-lk","status":"publish","type":"product","link":"https:\/\/e-flore.store\/de\/produkt\/alk069-lk\/","title":{"rendered":"ALK069 LK"},"content":{"rendered":"<p><img decoding=\"async\" style=\"width: 100%; height: auto; display: block;\" src=\"\/wp-content\/uploads\/2026\/01\/ALK069-LK-PARENT_desc.jpg\" \/><\/p>\n<div id=\"eflore-spacer-v55\" style=\"height: 0px; clear: both; width: 100%; display: block;\"><\/div>\n<p style=\"margin-bottom: 10px; margin-top: 30px;\"><strong>FASSADENIMPR<\/strong><strong>\u00c4<\/strong><strong>GNIERUNG\u00a0<\/strong><strong>F<\/strong>\u00dc<strong>R FEUCHTE MAUERN UND FASSADEN<\/strong><\/p>\n<p style=\"margin-bottom: 10px; margin-top: 30px;\"><strong>Produkt beschreibung<\/strong>:<\/p>\n<p style=\"margin-bottom: 8px; margin-top: 0px; line-height: 1.6;\">Dieses Erzeugnis ist auf der Basis eines Polysiloxanes aufgebaut und liegt nicht als Dispersion, sondern als echte L\u00f6sung vor, wodurch eine gro\u00dfe Eindringtiefe bei der Impr\u00e4gnierung von saugenden Materialien, wie z. B. Ziegel, Beton, Putz, Asbestzement, Fugenm\u00f6rtel sowie Naturund Kunststein erreicht wird. &#8222;ALK069 LK&#8220; ist alkalifest und deshalb zur besten Isolierung vorstehender Materialien geeignet. Das Produkt h\u00e4lt nicht nur die Mauern trocken, sondern wirkt auch gegen die Wiederanschmutzung, den Algen-, Schimmel- und Moosbefall sowie gegen Mauerausbl\u00fchungen. Die durch\u00a0&#8222;ALK069 LK&#8220;\u00a0erzeugte Regenwassersperre bleibt \u00fcber viele Jahre hin aktiv, wobei die Atmungsf\u00e4higkeit der Fl\u00e4chen erhalten bleibt. Im Bauwerk verdunstendes Schwitzwasser kann bei einer Impr\u00e4gnierung mit diesem Mittel durch die Mauern nach au\u00dfen entweichen!\u00a0&#8222;ALK069 LK&#8220;\u00a0kann auch mit Erfolg zur Konservierung von Baudenkm\u00e4lern eingesetzt werden. Bei diesem Anwendungsgebiet kann im Winter das Wasser nicht in den Stein eindringen und bei Eisbildung nicht sprengen.<\/p>\n<p style=\"margin-bottom: 10px; margin-top: 30px;\"><strong>Verarbeitung<\/strong>:<\/p>\n<p style=\"margin-bottom: 8px; margin-top: 0px; line-height: 1.6;\">Ausgeh\u00e4rtete Fl\u00e4chen gr\u00fcndlich reinigen, lose Stellen entfernen und Risse ausbessern. Feine Haarrisse werden von\u00a0&#8222;ALK069 LK&#8220;\u00a0\u00fcberbr\u00fcckt. Anschlie\u00dfend das Produkt auf die trockenen Fl\u00e4chen gleichm\u00e4\u00dfig aufspritzen oder aufstreichen. Der Verbrauch liegt bei ca. 0,3 Ltr. pro m\u00b2. Wenig saugende Untergr\u00fcnde ben\u00f6tigen dagegen nur etwa 0,15 Ltr.\/m\u00b2. Der Verbrauch kann dagegen bei sehr por\u00f6sen oder an gewitterten Fl\u00e4chen auf 0,5 Ltr.\/m\u00b2 steigen.<\/p>\n<p style=\"margin-bottom: 10px; margin-top: 30px;\"><strong>Hinweise<\/strong>:<\/p>\n<p style=\"margin-bottom: 8px; margin-top: 0px; line-height: 1.6;\">&#8222;ALK069 LK&#8220;\u00a0muss auf jeden Fall restlos einziehen und darf nicht als Film zu sehen sein. Ein \u00dcberstreichen oder \u00dcberputzen von impr\u00e4gnierten Materialien ist m\u00f6glich, jedoch ist in diesem Fall ein Probeauftrag vorzunehmen. Silikonhaltige Fassadenimpr\u00e4gnierungen sind bei stehendem und in Mauern aufsteigendem Wasser unwirksam. Spritzer und Flecken umgehend mit &#8222;ALK056 LK&#8220;, Benzin, Terpentin oder \u00e4hnlichen L\u00f6sungsmitteln entfernen. Glas oder glasierte Fl\u00e4chen unbedingt abdecken. F\u00fcr die Grundreinigung der zu impr\u00e4gnierenden Fassaden haben sich die Produkte &#8222;ALK1498 LK&#8220; und &#8222;ACD027 LK&#8220; gut bew\u00e4hrt.<\/p>\n<p style=\"margin-bottom: 2px; margin-top: 20px; line-height: 1.4;\"><strong>pH (konz.)<\/strong>: 8 &#8211; 10<\/p>\n","protected":false},"excerpt":{"rendered":"<p>FASSADENIMPR\u00c4GNIERUNG\u00a0F\u00dcR FEUCHTE MAUERN UND FASSADEN Produkt beschreibung: Dieses Erzeugnis ist auf der Basis eines Polysiloxanes aufgebaut und liegt nicht als Dispersion, sondern als echte L\u00f6sung vor, wodurch eine gro\u00dfe Eindringtiefe bei der Impr\u00e4gnierung von saugenden Materialien, wie z. B. Ziegel, Beton, Putz, Asbestzement, Fugenm\u00f6rtel sowie Naturund Kunststein erreicht wird. &#8222;ALK069 LK&#8220; ist alkalifest und deshalb&#8230;<\/p>\n","protected":false},"featured_media":5576,"template":"","meta":[],"product_brand":[319],"product_cat":[430,415],"product_tag":[],"class_list":{"0":"post-5575","1":"product","2":"type-product","3":"status-publish","4":"has-post-thumbnail","6":"product_brand-chemie-spezial","7":"product_cat-spezialprodukte-chemie","8":"product_cat-chemie-spezial-produkte","10":"first","11":"instock","12":"shipping-taxable","13":"purchasable","14":"product-type-variable","15":"has-default-attributes"},"_links":{"self":[{"href":"https:\/\/e-flore.store\/de\/wp-json\/wp\/v2\/product\/5575","targetHints":{"allow":["GET"]}}],"collection":[{"href":"https:\/\/e-flore.store\/de\/wp-json\/wp\/v2\/product"}],"about":[{"href":"https:\/\/e-flore.store\/de\/wp-json\/wp\/v2\/types\/product"}],"wp:featuredmedia":[{"embeddable":true,"href":"https:\/\/e-flore.store\/de\/wp-json\/wp\/v2\/media\/5576"}],"wp:attachment":[{"href":"https:\/\/e-flore.store\/de\/wp-json\/wp\/v2\/media?parent=5575"}],"wp:term":[{"taxonomy":"product_brand","embeddable":true,"href":"https:\/\/e-flore.store\/de\/wp-json\/wp\/v2\/product_brand?post=5575"},{"taxonomy":"product_cat","embeddable":true,"href":"https:\/\/e-flore.store\/de\/wp-json\/wp\/v2\/product_cat?post=5575"},{"taxonomy":"product_tag","embeddable":true,"href":"https:\/\/e-flore.store\/de\/wp-json\/wp\/v2\/product_tag?post=5575"}],"curies":[{"name":"wp","href":"https:\/\/api.w.org\/{rel}","templated":true}]}}