{"id":5581,"date":"2026-02-03T16:02:40","date_gmt":"2026-02-03T14:02:40","guid":{"rendered":"https:\/\/demo8.izveide.id.lv\/?post_type=product&#038;p=5581"},"modified":"2026-03-26T15:06:26","modified_gmt":"2026-03-26T13:06:26","slug":"acd1028-lk","status":"publish","type":"product","link":"https:\/\/e-flore.store\/de\/produkt\/acd1028-lk\/","title":{"rendered":"ACD1028 LK"},"content":{"rendered":"<p><img decoding=\"async\" style=\"width: 100%; height: auto; display: block;\" src=\"\/wp-content\/uploads\/2026\/01\/ACD1028-LK-PARENT_desc.jpg\" \/><\/p>\n<p style=\"margin-bottom: 10px; margin-top: 30px;\"><strong>STEINFLUAT F\u00dcR KALKHALTIGE NATUR- UND KUNSTSTEINE<\/strong><\/p>\n<p style=\"margin-bottom: 10px; margin-top: 30px;\"><strong>Produkt beschreibung<\/strong>:<\/p>\n<p style=\"margin-bottom: 8px; margin-top: 0px; line-height: 1.6;\">&#8222;ACD1028 LK&#8220; ist ein gebrauchsfertiges Verkieselungsmittel f\u00fcr die Kristallisation von Marmor, Terrazzo, Betonwerkstein etc..<\/p>\n<p style=\"margin-bottom: 8px; margin-top: 0px; line-height: 1.6;\">Die Steinbel\u00e4ge erhalten ihre urspr\u00fcngliche, hochgl\u00e4nzende und trittsichere Oberfl\u00e4che zur\u00fcck.<\/p>\n<p style=\"margin-bottom: 8px; margin-top: 0px; line-height: 1.6;\">&#8222;ACD1028 LK&#8220;\u00a0enth\u00e4lt zus\u00e4tzlich Hartacrylate f\u00fcr eine optimale Optik. Geeignet f\u00fcr alle kalkhaltigen Steinarten wie z. B. Marmor, Terrazzo etc.<\/p>\n<p style=\"margin-bottom: 10px; margin-top: 30px;\"><strong>Verarbeitung<\/strong>:<\/p>\n<p style=\"margin-bottom: 2px; margin-top: 0px; line-height: 1.4;\">&#8222;ACD1028 LK&#8220;\u00a0wird konzentriert oder bis max. 1:5 mit Wasser verd\u00fcnnt f\u00fcr das Kristallisationsverfahren mit Stahlwollpad aufgebracht und auspoliert.<\/p>\n<p style=\"margin-bottom: 10px; margin-top: 30px;\"><strong>Hinweise<\/strong>:<\/p>\n<p style=\"margin-bottom: 8px; margin-top: 0px; line-height: 1.6;\">&#8222;ACD1028 LK&#8220;\u00a0enth\u00e4lt Copolymere Dispersionen, Hexafluorkiesels\u00e4ure, Emulgatoren, Netz- und Verlaufsmittel. Bei der Verarbeitung geeignete Schutzkleidung tragen.<\/p>\n<p style=\"margin-bottom: 8px; margin-top: 0px; line-height: 1.6;\">Achtung! Produkt ist s\u00e4urehaltig. Probeauftrag durchf\u00fchren.<\/p>\n<p style=\"margin-bottom: 2px; margin-top: 20px; line-height: 1.4;\"><strong>pH (konz.)<\/strong>: 0 &#8211; 2<\/p>\n","protected":false},"excerpt":{"rendered":"<p>STEINFLUAT F\u00dcR KALKHALTIGE NATUR- UND KUNSTSTEINE Produkt beschreibung: &#8222;ACD1028 LK&#8220; ist ein gebrauchsfertiges Verkieselungsmittel f\u00fcr die Kristallisation von Marmor, Terrazzo, Betonwerkstein etc.. Die Steinbel\u00e4ge erhalten ihre urspr\u00fcngliche, hochgl\u00e4nzende und trittsichere Oberfl\u00e4che zur\u00fcck. &#8222;ACD1028 LK&#8220;\u00a0enth\u00e4lt zus\u00e4tzlich Hartacrylate f\u00fcr eine optimale Optik. Geeignet f\u00fcr alle kalkhaltigen Steinarten wie z. B. Marmor, Terrazzo etc. Verarbeitung: &#8222;ACD1028 LK&#8220;\u00a0wird konzentriert&#8230;<\/p>\n","protected":false},"featured_media":5582,"template":"","meta":[],"product_brand":[319],"product_cat":[430,415],"product_tag":[],"class_list":{"0":"post-5581","1":"product","2":"type-product","3":"status-publish","4":"has-post-thumbnail","6":"product_brand-chemie-spezial","7":"product_cat-spezialprodukte-chemie","8":"product_cat-chemie-spezial-produkte","10":"first","11":"instock","12":"shipping-taxable","13":"purchasable","14":"product-type-variable","15":"has-default-attributes"},"_links":{"self":[{"href":"https:\/\/e-flore.store\/de\/wp-json\/wp\/v2\/product\/5581","targetHints":{"allow":["GET"]}}],"collection":[{"href":"https:\/\/e-flore.store\/de\/wp-json\/wp\/v2\/product"}],"about":[{"href":"https:\/\/e-flore.store\/de\/wp-json\/wp\/v2\/types\/product"}],"wp:featuredmedia":[{"embeddable":true,"href":"https:\/\/e-flore.store\/de\/wp-json\/wp\/v2\/media\/5582"}],"wp:attachment":[{"href":"https:\/\/e-flore.store\/de\/wp-json\/wp\/v2\/media?parent=5581"}],"wp:term":[{"taxonomy":"product_brand","embeddable":true,"href":"https:\/\/e-flore.store\/de\/wp-json\/wp\/v2\/product_brand?post=5581"},{"taxonomy":"product_cat","embeddable":true,"href":"https:\/\/e-flore.store\/de\/wp-json\/wp\/v2\/product_cat?post=5581"},{"taxonomy":"product_tag","embeddable":true,"href":"https:\/\/e-flore.store\/de\/wp-json\/wp\/v2\/product_tag?post=5581"}],"curies":[{"name":"wp","href":"https:\/\/api.w.org\/{rel}","templated":true}]}}