{"id":5599,"date":"2026-02-03T16:02:43","date_gmt":"2026-02-03T14:02:43","guid":{"rendered":"https:\/\/demo8.izveide.id.lv\/?post_type=product&#038;p=5599"},"modified":"2026-03-26T15:06:08","modified_gmt":"2026-03-26T13:06:08","slug":"col1092-cn","status":"publish","type":"product","link":"https:\/\/e-flore.store\/de\/produkt\/col1092-cn\/","title":{"rendered":"COL1092 CN"},"content":{"rendered":"<p><img decoding=\"async\" style=\"width: 100%; height: auto; display: block;\" src=\"\/wp-content\/uploads\/2026\/01\/COL1092-CN-PARENT_desc.jpg\" \/><\/p>\n<div id=\"eflore-spacer-v55\" style=\"height: 0px; clear: both; width: 100%; display: block;\"><\/div>\n<p style=\"margin-bottom: 10px; margin-top: 30px;\"><strong>WASSERMISCHBARES, MINERAL\u00d6LHALTIGES K\u00dcHLSCHMIERMITTEL<\/strong><\/p>\n<p style=\"margin-bottom: 10px; margin-top: 30px;\"><strong>Produkt beschreibung:<\/strong><\/p>\n<p style=\"margin-bottom: 8px; margin-top: 0px; line-height: 1.6;\">&#8222;COL1092 CN&#8220; ist ein hochlegiertes K\u00fchlschmiermittel auf Mineral\u00f6lbasis. Das Produkt ist frei von Bor, Aminen und deren Derivaten. Eine Bildung von Nitrosaminen ist somit ausgeschlossen, soweit keine nitrierten Teile verarbeitet werden.<\/p>\n<p style=\"margin-bottom: 10px; margin-top: 30px;\"><strong>Anwendungstechnik:<\/strong><\/p>\n<p style=\"margin-bottom: 8px; margin-top: 0px; line-height: 1.6;\">\n<p style=\"margin-bottom: 8px; margin-top: 0px; line-height: 1.6;\">&#8222;COL1092 CN&#8220;\u00a0besitzt in seiner Anwendungskonzentration ein hohes Netzverm\u00f6gen und eine gute Sp\u00fclwirkung.\u00a0&#8222;COL1092 CN&#8220;\u00a0eignet sich zum Einsatz in einzelbef\u00fcllten Anlagen und Zentralanlagen wo &#8211; bedingt durch dauerhafte Begrenzung des mikrobiziden Bewuchses und wirksame Puffersubstanzen zur pH &#8211; Wert &#8211; Erhaltung, ein problemloser Einsatz gew\u00e4hrleistet ist.<\/p>\n<p style=\"margin-bottom: 8px; margin-top: 0px; line-height: 1.6;\">Aufgrund seines Aufbaus wird\u00a0&#8222;COL1092 CN&#8220;\u00a0mit Erfolg bei Werkstoffen bis zu einer Festigkeit von 1000 N\/mm\u00b2 beim Drehen, Bohren und S\u00e4gen eingesetzt.<\/p>\n<p style=\"margin-bottom: 8px; margin-top: 0px; line-height: 1.6;\">Eine Bearbeitung von Buntmetalle ist aufgrund seiner Inhibierung m\u00f6glich. Aluminiumlegierungen werden ebenfalls nicht angegriffen. Die Vertr\u00e4glichkeit gegen\u00fcber handels\u00fcblichen Maschinenlacken ist bis zu einer Konzentration von 15 % gew\u00e4hrleistet.<\/p>\n<p style=\"margin-bottom: 8px; margin-top: 0px; line-height: 1.6;\">&#8222;COL1092 CN&#8220;\u00a0verf\u00fcgt \u00fcber ausgepr\u00e4gte Korrosionschutzeigenschaften, sowie einem Legierungssystem f\u00fcr h\u00f6here Zerspanungsleistung.<\/p>\n<p style=\"margin-bottom: 8px; margin-top: 0px; line-height: 1.6;\">&#8222;COL1092 CN&#8220;\u00a0ist frei von Konservierungsmittel und daher sehr hautfreundlich.<\/p>\n<p style=\"margin-bottom: 10px; margin-top: 30px;\"><strong>Technische Daten:\u00a0<\/strong><\/p>\n<p style=\"margin-bottom: 8px; margin-top: 0px; line-height: 1.6;\"><strong>Dichte ( 20 \u00b0C ):\u00a0<\/strong>0,95 g\/cm\u00b3<\/p>\n<p style=\"margin-bottom: 8px; margin-top: 0px; line-height: 1.6;\"><strong>pH-Wert (5 %):\u00a0<\/strong>9,3<\/p>\n<p style=\"margin-bottom: 8px; margin-top: 0px; line-height: 1.6;\"><strong>Einsatzkonzentration:\u00a0<\/strong>4 &#8211; 6 % je nach Materialbeschaffenheit<\/p>\n<p style=\"margin-bottom: 8px; margin-top: 0px; line-height: 1.6;\"><strong>Viskosit\u00e4t ( 20 \u00b0C ):\u00a0<\/strong>150 mm\u00b2\/s<\/p>\n<p style=\"margin-bottom: 8px; margin-top: 0px; line-height: 1.6;\"><strong>Refraktometerwert:\u00a0<\/strong>1,0<strong>Korrosionsschutz:\u00a0<\/strong>0 und 0 bis 4 % nach DIN 51360 T2<\/p>\n<p style=\"margin-bottom: 10px; margin-top: 30px;\"><strong>Anmerkung:<\/strong><\/p>\n<p style=\"margin-bottom: 8px; margin-top: 0px; line-height: 1.6;\">Dieses Merkblatt soll Sie nach bestem Wissen beraten, der Inhalt ist jedoch ohne Rechtsverbindlichkeit!<\/p>\n","protected":false},"excerpt":{"rendered":"<p>WASSERMISCHBARES, MINERAL\u00d6LHALTIGES K\u00dcHLSCHMIERMITTEL Produkt beschreibung: &#8222;COL1092 CN&#8220; ist ein hochlegiertes K\u00fchlschmiermittel auf Mineral\u00f6lbasis. Das Produkt ist frei von Bor, Aminen und deren Derivaten. Eine Bildung von Nitrosaminen ist somit ausgeschlossen, soweit keine nitrierten Teile verarbeitet werden. Anwendungstechnik: &#8222;COL1092 CN&#8220;\u00a0besitzt in seiner Anwendungskonzentration ein hohes Netzverm\u00f6gen und eine gute Sp\u00fclwirkung.\u00a0&#8222;COL1092 CN&#8220;\u00a0eignet sich zum Einsatz in einzelbef\u00fcllten&#8230;<\/p>\n","protected":false},"featured_media":5600,"template":"","meta":[],"product_brand":[319],"product_cat":[418,424,415],"product_tag":[],"class_list":{"0":"post-5599","1":"product","2":"type-product","3":"status-publish","4":"has-post-thumbnail","6":"product_brand-chemie-spezial","7":"product_cat-industrie","8":"product_cat-kuehlschmierstoffe","9":"product_cat-chemie-spezial-produkte","11":"first","12":"instock","13":"shipping-taxable","14":"purchasable","15":"product-type-variable","16":"has-default-attributes"},"_links":{"self":[{"href":"https:\/\/e-flore.store\/de\/wp-json\/wp\/v2\/product\/5599","targetHints":{"allow":["GET"]}}],"collection":[{"href":"https:\/\/e-flore.store\/de\/wp-json\/wp\/v2\/product"}],"about":[{"href":"https:\/\/e-flore.store\/de\/wp-json\/wp\/v2\/types\/product"}],"wp:featuredmedia":[{"embeddable":true,"href":"https:\/\/e-flore.store\/de\/wp-json\/wp\/v2\/media\/5600"}],"wp:attachment":[{"href":"https:\/\/e-flore.store\/de\/wp-json\/wp\/v2\/media?parent=5599"}],"wp:term":[{"taxonomy":"product_brand","embeddable":true,"href":"https:\/\/e-flore.store\/de\/wp-json\/wp\/v2\/product_brand?post=5599"},{"taxonomy":"product_cat","embeddable":true,"href":"https:\/\/e-flore.store\/de\/wp-json\/wp\/v2\/product_cat?post=5599"},{"taxonomy":"product_tag","embeddable":true,"href":"https:\/\/e-flore.store\/de\/wp-json\/wp\/v2\/product_tag?post=5599"}],"curies":[{"name":"wp","href":"https:\/\/api.w.org\/{rel}","templated":true}]}}