{"id":5639,"date":"2026-02-03T16:02:50","date_gmt":"2026-02-03T14:02:50","guid":{"rendered":"https:\/\/demo8.izveide.id.lv\/?post_type=product&#038;p=5639"},"modified":"2026-02-18T19:56:52","modified_gmt":"2026-02-18T17:56:52","slug":"alk-1492-lk","status":"publish","type":"product","link":"https:\/\/e-flore.store\/de\/produkt\/alk-1492-lk\/","title":{"rendered":"ALK 1492 LK"},"content":{"rendered":"<p><img decoding=\"async\" style=\"width: 100%; height: auto; display: block;\" src=\"\/wp-content\/uploads\/2026\/01\/ALK-1492-LK-PARENT_desc.jpg\" \/><\/p>\n<div id=\"eflore-spacer-v55\" style=\"height: 0px; clear: both; width: 100%; display: block;\"><\/div>\n<p style=\"margin-bottom: 10px; margin-top: 30px;\"><strong>HOCHALKALISCHER INDUSTRIEREINIGER<\/strong><\/p>\n<p style=\"margin-bottom: 10px; margin-top: 30px;\"><strong>Anwendungsgebiete<\/strong><\/p>\n<p style=\"margin-bottom: 8px; margin-top: 0px; line-height: 1.6;\">&#8222;ALK1492 LK&#8220; ist ein hochalkalischer Reiniger f\u00fcr extreme und hartn\u00e4ckige Verschmutzungen. Entfernt leicht \u00d6le, K\u00fchlschmierstoffr\u00fcckst\u00e4nde und Fette auf Werkzeugen, Blechen, Werkst\u00fccken im Tauchverfahren, Materialw\u00e4scher und zur manuellen Reinigung. Auch bestens f\u00fcr die Bodenreinigung geeignet.\u00a0&#8222;ALK1492 LK&#8220;\u00a0ist schaumarm eingestellt, speziell f\u00fcr Scheuersaugmaschinen geeignet.<\/p>\n<p>&nbsp;<\/p>\n<p><strong>Verarbeitung\u00a0<\/strong><\/p>\n<p><span>&#8222;ALK1492 LK&#8220;<\/span>\u00a0wird bei der:<\/p>\n<p>manuellen Reinigung 1-5 %ig<\/p>\n<p>Automatenreinigung 1-5 %ig<\/p>\n<p>Spr\u00fchreinigung 1-3 %ig<\/p>\n<p>Tauchreinigung 1-5 %ig angewendet.<\/p>\n<p>&nbsp;<\/p>\n<p><strong>Hinweise<\/strong><\/p>\n<p style=\"margin-bottom: 8px; margin-top: 0px; line-height: 1.6;\">&#8222;ALK1492 LK&#8220;\u00a0enth\u00e4lt gem\u00e4\u00df EG 648\/2004 VO Detergenzien: &lt;5 % anionischen Tensiden, &lt;5 % nichtionischen Tensiden, &lt;5 % Phoshate, &lt;5 % NTA, Alkalisatoren, Duftstoffen<\/p>\n<p style=\"margin-bottom: 2px; margin-top: 20px; line-height: 1.4;\"><strong>pH<\/strong>: 14 (Konz.)<\/p>\n","protected":false},"excerpt":{"rendered":"<p>HOCHALKALISCHER INDUSTRIEREINIGER Anwendungsgebiete &#8222;ALK1492 LK&#8220; ist ein hochalkalischer Reiniger f\u00fcr extreme und hartn\u00e4ckige Verschmutzungen. Entfernt leicht \u00d6le, K\u00fchlschmierstoffr\u00fcckst\u00e4nde und Fette auf Werkzeugen, Blechen, Werkst\u00fccken im Tauchverfahren, Materialw\u00e4scher und zur manuellen Reinigung. Auch bestens f\u00fcr die Bodenreinigung geeignet.\u00a0&#8222;ALK1492 LK&#8220;\u00a0ist schaumarm eingestellt, speziell f\u00fcr Scheuersaugmaschinen geeignet. &nbsp; Verarbeitung\u00a0 &#8222;ALK1492 LK&#8220;\u00a0wird bei der: manuellen Reinigung 1-5 %ig Automatenreinigung&#8230;<\/p>\n","protected":false},"featured_media":5640,"template":"","meta":[],"product_brand":[319],"product_cat":[418,421,415],"product_tag":[],"class_list":{"0":"post-5639","1":"product","2":"type-product","3":"status-publish","4":"has-post-thumbnail","6":"product_brand-chemie-spezial","7":"product_cat-industrie","8":"product_cat-reinigung-und-entfettung","9":"product_cat-chemie-spezial-produkte","11":"first","12":"instock","13":"shipping-taxable","14":"purchasable","15":"product-type-variable","16":"has-default-attributes"},"_links":{"self":[{"href":"https:\/\/e-flore.store\/de\/wp-json\/wp\/v2\/product\/5639","targetHints":{"allow":["GET"]}}],"collection":[{"href":"https:\/\/e-flore.store\/de\/wp-json\/wp\/v2\/product"}],"about":[{"href":"https:\/\/e-flore.store\/de\/wp-json\/wp\/v2\/types\/product"}],"wp:featuredmedia":[{"embeddable":true,"href":"https:\/\/e-flore.store\/de\/wp-json\/wp\/v2\/media\/5640"}],"wp:attachment":[{"href":"https:\/\/e-flore.store\/de\/wp-json\/wp\/v2\/media?parent=5639"}],"wp:term":[{"taxonomy":"product_brand","embeddable":true,"href":"https:\/\/e-flore.store\/de\/wp-json\/wp\/v2\/product_brand?post=5639"},{"taxonomy":"product_cat","embeddable":true,"href":"https:\/\/e-flore.store\/de\/wp-json\/wp\/v2\/product_cat?post=5639"},{"taxonomy":"product_tag","embeddable":true,"href":"https:\/\/e-flore.store\/de\/wp-json\/wp\/v2\/product_tag?post=5639"}],"curies":[{"name":"wp","href":"https:\/\/api.w.org\/{rel}","templated":true}]}}