{"id":5669,"date":"2026-02-03T16:02:53","date_gmt":"2026-02-03T14:02:53","guid":{"rendered":"https:\/\/demo8.izveide.id.lv\/?post_type=product&#038;p=5669"},"modified":"2026-03-28T11:23:27","modified_gmt":"2026-03-28T09:23:27","slug":"florin-algen-ex-bt","status":"publish","type":"product","link":"https:\/\/e-flore.store\/de\/produkt\/florin-algen-ex-bt\/","title":{"rendered":"Florin Algen Ex BT"},"content":{"rendered":"<p><img decoding=\"async\" style=\"width: 100%; height: auto; display: block;\" src=\"\/wp-content\/uploads\/2026\/01\/1144-PARENT_desc.jpg\" \/><\/p>\n<p style=\"margin-bottom: 10px; margin-top: 30px;\"><strong>F<\/strong><strong>\u00dc<\/strong><strong>R BRUNNEN UND TEICHE OHNE FISCHBESATZ SCHWIMMB<\/strong><strong>\u00c4<\/strong><strong>DER, POOLS UND K<\/strong><strong>\u00dc<\/strong><strong>HLSYSTEME<\/strong><\/p>\n<p style=\"margin-bottom: 8px; margin-top: 0px; line-height: 1.6;\"><strong>Florin Algen Ex BT<\/strong><\/p>\n<p style=\"margin-bottom: 8px; margin-top: 0px; line-height: 1.6;\">ist ein hoch effizientes, f\u00fcr den Badenden unbedenkliches und nicht wahrnehmbares Algizid. Seine absolut schaumfreie Formulierung beugt hierbei nicht nur Algenbefall langanhaltend vor, sondern wirkt auch kl\u00e4rend. Sein breites Wirkspektrum sowie sein gro\u00dfer Temperatur-, Wasserh\u00e4rte und pH-Bereich machen dieses Produkt sehr vielseitig. Im Vergleich zu anderen bioziden Produkten zeichnet sich Florin Algen EX BT durch eine \u00e4u\u00dferst geringe orale und dermale Toxizit\u00e4t aus. Geringe Mengen des Produktes sollten w\u00f6chentlich oder nach starken Regenf\u00e4llen nachgegeben werden.<\/p>\n<p style=\"margin-bottom: 10px; margin-top: 30px;\"><strong>ANWENDUNGSBEREICHE<\/strong><\/p>\n<p style=\"margin-bottom: 8px; margin-top: 0px; line-height: 1.6;\">Brunnen und Teiche ohne Fischbesatz, naturnahe Schwimmb\u00e4der, Pools, K\u00fchlsysteme<\/p>\n<p style=\"margin-bottom: 10px; margin-top: 30px;\"><strong>ANWENDUNGSKONZENTRATION<\/strong><\/p>\n<p style=\"margin-bottom: 10px; margin-top: 30px;\"><strong>Brunnen und Teiche<\/strong>:<\/p>\n<p style=\"margin-bottom: 2px; margin-top: 0px; line-height: 1.4;\">Ersteinsatz: 2l Produkt auf 10 m\u00b3 Wasser<\/p>\n<p style=\"margin-bottom: 2px; margin-top: 0px; line-height: 1.4;\">Nachdosierung: 1x w\u00f6chentlich 500 ml auf 10 m\u00b3 Wasser<\/p>\n<p style=\"margin-bottom: 10px; margin-top: 30px;\"><strong>Schwimmb\u00e4der\/Pools<\/strong>:<\/p>\n<p style=\"margin-bottom: 2px; margin-top: 0px; line-height: 1.4;\">Ersteinsatz: 1l Produkt auf 10 m\u00b3 Wasser<\/p>\n<p style=\"margin-bottom: 2px; margin-top: 0px; line-height: 1.4;\">Nachdosierung: 1x w\u00f6chentlich 200 ml auf 10 m\u00b3 Wasser<\/p>\n<p style=\"margin-bottom: 10px; margin-top: 30px;\"><strong>K\u00fchlsystemen<\/strong>:<\/p>\n<p style=\"margin-bottom: 2px; margin-top: 0px; line-height: 1.4;\">Ersteinsatz: 1,2l Produkt auf 10 m\u00b3 Wasser<\/p>\n<p style=\"margin-bottom: 2px; margin-top: 0px; line-height: 1.4;\">Nachdosierung: 1x w\u00f6chentlich 250 ml auf 10 m\u00b3 Wasser<\/p>\n<p style=\"margin-bottom: 10px; margin-top: 30px;\"><strong>HINWEIS<\/strong><\/p>\n<p style=\"margin-bottom: 8px; margin-top: 0px; line-height: 1.6;\">Zum Erhalt der Produkteigenschaften FLORIN\u00ae ALGEN EX BT frostfrei lagern<\/p>\n<p style=\"margin-bottom: 10px; margin-top: 30px;\"><strong>TECHNISCHE DATEN<\/strong><\/p>\n<p style=\"margin-bottom: 2px; margin-top: 0px; line-height: 1.4;\"><strong>Form<\/strong>: fl\u00fcssig<\/p>\n<p style=\"margin-bottom: 2px; margin-top: 0px; line-height: 1.4;\"><strong>pH-Wert<\/strong>: 7<\/p>\n<p style=\"margin-bottom: 2px; margin-top: 0px; line-height: 1.4;\"><strong>Dichte (20 \u00b0C)<\/strong>: 1,05 g\/m\u00b3<\/p>\n<p style=\"margin-bottom: 2px; margin-top: 0px; line-height: 1.4;\"><strong>Flammpunkt<\/strong>: &gt; 100 \u00b0C (DIN 55680)<\/p>\n<p style=\"margin-bottom: 2px; margin-top: 0px; line-height: 1.4;\"><strong>INHALTSSTOFFE<\/strong>: POLYMERISIERTE QUART\u00c4RE AMMONIUMVERBINDUNG<\/p>\n","protected":false},"excerpt":{"rendered":"<p>F\u00dcR BRUNNEN UND TEICHE OHNE FISCHBESATZ SCHWIMMB\u00c4DER, POOLS UND K\u00dcHLSYSTEME Florin Algen Ex BT ist ein hoch effizientes, f\u00fcr den Badenden unbedenkliches und nicht wahrnehmbares Algizid. Seine absolut schaumfreie Formulierung beugt hierbei nicht nur Algenbefall langanhaltend vor, sondern wirkt auch kl\u00e4rend. Sein breites Wirkspektrum sowie sein gro\u00dfer Temperatur-, Wasserh\u00e4rte und pH-Bereich machen dieses Produkt sehr&#8230;<\/p>\n","protected":false},"featured_media":5670,"template":"","meta":[],"product_brand":[],"product_cat":[354,402],"product_tag":[],"class_list":{"0":"post-5669","1":"product","2":"type-product","3":"status-publish","4":"has-post-thumbnail","6":"product_cat-flore-chemie-produkte","7":"product_cat-spezialprodukte-flore","9":"first","10":"instock","11":"shipping-taxable","12":"purchasable","13":"product-type-variable","14":"has-default-attributes"},"_links":{"self":[{"href":"https:\/\/e-flore.store\/de\/wp-json\/wp\/v2\/product\/5669","targetHints":{"allow":["GET"]}}],"collection":[{"href":"https:\/\/e-flore.store\/de\/wp-json\/wp\/v2\/product"}],"about":[{"href":"https:\/\/e-flore.store\/de\/wp-json\/wp\/v2\/types\/product"}],"wp:featuredmedia":[{"embeddable":true,"href":"https:\/\/e-flore.store\/de\/wp-json\/wp\/v2\/media\/5670"}],"wp:attachment":[{"href":"https:\/\/e-flore.store\/de\/wp-json\/wp\/v2\/media?parent=5669"}],"wp:term":[{"taxonomy":"product_brand","embeddable":true,"href":"https:\/\/e-flore.store\/de\/wp-json\/wp\/v2\/product_brand?post=5669"},{"taxonomy":"product_cat","embeddable":true,"href":"https:\/\/e-flore.store\/de\/wp-json\/wp\/v2\/product_cat?post=5669"},{"taxonomy":"product_tag","embeddable":true,"href":"https:\/\/e-flore.store\/de\/wp-json\/wp\/v2\/product_tag?post=5669"}],"curies":[{"name":"wp","href":"https:\/\/api.w.org\/{rel}","templated":true}]}}