{"id":5675,"date":"2026-02-03T16:02:56","date_gmt":"2026-02-03T14:02:56","guid":{"rendered":"https:\/\/demo8.izveide.id.lv\/?post_type=product&#038;p=5675"},"modified":"2026-03-28T11:06:54","modified_gmt":"2026-03-28T09:06:54","slug":"flamil-eisfrei","status":"publish","type":"product","link":"https:\/\/e-flore.store\/de\/produkt\/flamil-eisfrei\/","title":{"rendered":"Flamil Eisfrei"},"content":{"rendered":"<p><img decoding=\"async\" style=\"width: 100%; height: auto; display: block;\" src=\"\/wp-content\/uploads\/2026\/01\/0424-PARENT_desc.jpg\" \/><\/p>\n<div id=\"eflore-spacer-v55\" style=\"height: 0px; clear: both; width: 100%; display: block;\"><\/div>\n<p style=\"margin-bottom: 10px; margin-top: 30px;\"><strong>WINTERSTREUMITTEL<\/strong><\/p>\n<p style=\"margin-bottom: 10px; margin-top: 30px;\"><strong>FLAMIL\u00ae EISFREI<\/strong><\/p>\n<p style=\"margin-bottom: 8px; margin-top: 0px; line-height: 1.6;\">h\u00e4lt Stra\u00dfen, Gehwege, Hauseing\u00e4nge frei von Schnee und Eis. FLAMIL\u00ae EISFREI sichert aufgrund seiner hohen Hygroskopizit\u00e4t eine sofortige Tauwirkung auch bei Temperaturen unter -20 \u00b0C und verhindert durch seine gute Langzeitwirkung je nach klimatischen Verh\u00e4ltnissen das Nachfrieren bis zu mehreren Tagen. FLAMIL\u00ae EISFREI ist nur schwach wassergef\u00e4hrdend und deshalb umweltfreundlich. FLAMIL\u00ae EISFREI hinterl\u00e4sst auf Treppen, W\u00e4nden, Fliesen etc. keine h\u00e4sslichen R\u00e4nder, h\u00e4lt den Boden durchl\u00e4ssig und verursacht kein Verschl\u00e4mmen. FLAMIL\u00ae EISFREI ist wegen seiner hervorragenden Eigenschaften allen auftretenden Problemen im Winterdienst gewachsen, so dass es u.a. auch von Streudienstfahrzeugen gern genutzt wird.<\/p>\n<p style=\"margin-bottom: 10px; margin-top: 30px;\"><strong>VERARBEITUNGSHINWEISE<\/strong><\/p>\n<p style=\"margin-bottom: 8px; margin-top: 0px; line-height: 1.6;\">FLAMIL\u00ae EISFREI manuell oder mit allen \u00fcblichen Streuger\u00e4ten in Mengen von mindestens 40 g\/m\u00b2 einsetzbar. Die verwendete Menge ist den aktuellen Witterungsverh\u00e4ltnissen anzupassen. Die Ausbringung einer konzentrierten FLAMIL\u00ae EISFREI-Wasser-L\u00f6sung (20-30%ig) erfolgt mittels Spr\u00fchfahrzeug oder per Gie\u00dfkanne.<\/p>\n<p style=\"margin-bottom: 10px; margin-top: 30px;\"><strong>WEITERER HINWEIS<\/strong><\/p>\n<p style=\"margin-bottom: 8px; margin-top: 0px; line-height: 1.6;\">Gebinde nach Gebrauch fest verschlie\u00dfen und trocken lagern!<\/p>\n<p style=\"margin-bottom: 10px; margin-top: 30px;\"><strong>TECHNISCHE DATEN<\/strong><\/p>\n<p style=\"margin-bottom: 8px; margin-top: 0px; line-height: 1.6;\"><strong>Form<\/strong>: Prills<\/p>\n<p style=\"margin-bottom: 8px; margin-top: 0px; line-height: 1.6;\"><strong>Dichte<\/strong>: 2,2 g\/cm3<\/p>\n<p style=\"margin-bottom: 8px; margin-top: 0px; line-height: 1.6;\"><strong>Sch\u00fcttdichte<\/strong>: 800 \u2013 900 kg\/m\u00b3<\/p>\n<p style=\"margin-bottom: 8px; margin-top: 0px; line-height: 1.6;\"><strong>pH-Wert (100 g\/l)<\/strong>: 6<\/p>\n<p style=\"margin-bottom: 8px; margin-top: 0px; line-height: 1.6;\"><strong>Wasserl\u00f6slichkeit (20 \u00b0C)<\/strong>: 740 g\/l<\/p>\n<p style=\"margin-bottom: 8px; margin-top: 0px; line-height: 1.6;\"><strong>INHALTSSTOFFE<\/strong>: &gt; 95 % Calciumchlorid<\/p>\n<p style=\"margin-bottom: 8px; margin-top: 0px; line-height: 1.6;\"><strong>Gefrierpunkt in \u00b0C:\u00a0<\/strong><\/p>\n<table style=\"width: 100%; border-collapse: collapse; margin-bottom: 8px;\">\n<tbody>\n<tr>\n<td style=\"padding: 8px; border: 1px solid #ddd;\">15% ig<\/td>\n<td style=\"padding: 8px; border: 1px solid #ddd;\"><span>ca.\u00a0<\/span> -10<\/td>\n<\/tr>\n<tr>\n<td style=\"padding: 8px; border: 1px solid #ddd;\">20% ig<\/td>\n<td style=\"padding: 8px; border: 1px solid #ddd;\"><span>ca. <\/span>\u00a0-18<\/td>\n<\/tr>\n<tr>\n<td style=\"padding: 8px; border: 1px solid #ddd;\">25% ig<\/td>\n<td style=\"padding: 8px; border: 1px solid #ddd;\"><span>ca.\u00a0<\/span> -29<\/td>\n<\/tr>\n<tr>\n<td style=\"padding: 8px; border: 1px solid #ddd;\">30% ig<\/td>\n<td style=\"padding: 8px; border: 1px solid #ddd;\"><span>ca. \u00a0<\/span>-46<\/td>\n<\/tr>\n<\/tbody>\n<\/table>\n<p>&nbsp;<\/p>\n","protected":false},"excerpt":{"rendered":"<p>WINTERSTREUMITTEL FLAMIL\u00ae EISFREI h\u00e4lt Stra\u00dfen, Gehwege, Hauseing\u00e4nge frei von Schnee und Eis. FLAMIL\u00ae EISFREI sichert aufgrund seiner hohen Hygroskopizit\u00e4t eine sofortige Tauwirkung auch bei Temperaturen unter -20 \u00b0C und verhindert durch seine gute Langzeitwirkung je nach klimatischen Verh\u00e4ltnissen das Nachfrieren bis zu mehreren Tagen. FLAMIL\u00ae EISFREI ist nur schwach wassergef\u00e4hrdend und deshalb umweltfreundlich. FLAMIL\u00ae EISFREI&#8230;<\/p>\n","protected":false},"featured_media":5676,"template":"","meta":[],"product_brand":[],"product_cat":[354,402],"product_tag":[],"class_list":{"0":"post-5675","1":"product","2":"type-product","3":"status-publish","4":"has-post-thumbnail","6":"product_cat-flore-chemie-produkte","7":"product_cat-spezialprodukte-flore","9":"first","10":"instock","11":"shipping-taxable","12":"purchasable","13":"product-type-variable","14":"has-default-attributes"},"_links":{"self":[{"href":"https:\/\/e-flore.store\/de\/wp-json\/wp\/v2\/product\/5675","targetHints":{"allow":["GET"]}}],"collection":[{"href":"https:\/\/e-flore.store\/de\/wp-json\/wp\/v2\/product"}],"about":[{"href":"https:\/\/e-flore.store\/de\/wp-json\/wp\/v2\/types\/product"}],"wp:featuredmedia":[{"embeddable":true,"href":"https:\/\/e-flore.store\/de\/wp-json\/wp\/v2\/media\/5676"}],"wp:attachment":[{"href":"https:\/\/e-flore.store\/de\/wp-json\/wp\/v2\/media?parent=5675"}],"wp:term":[{"taxonomy":"product_brand","embeddable":true,"href":"https:\/\/e-flore.store\/de\/wp-json\/wp\/v2\/product_brand?post=5675"},{"taxonomy":"product_cat","embeddable":true,"href":"https:\/\/e-flore.store\/de\/wp-json\/wp\/v2\/product_cat?post=5675"},{"taxonomy":"product_tag","embeddable":true,"href":"https:\/\/e-flore.store\/de\/wp-json\/wp\/v2\/product_tag?post=5675"}],"curies":[{"name":"wp","href":"https:\/\/api.w.org\/{rel}","templated":true}]}}